{"id":9,"date":"2013-01-09T08:51:17","date_gmt":"2013-01-09T07:51:17","guid":{"rendered":"http:\/\/www.cinema-ledouron.fr\/armoricourt\/?page_id=9"},"modified":"2013-01-09T08:51:17","modified_gmt":"2013-01-09T07:51:17","slug":"edition-4","status":"publish","type":"page","link":"https:\/\/festival-armoricourt.com\/index.php\/les-editions-precedentes\/edition-4\/","title":{"rendered":"\u00c9DITION 04 &#8211; 2012"},"content":{"rendered":"<h1>Armoricourt &#8211; \u00e9dition 04<\/h1>\n<h2>Compte rendu<\/h2>\n<p><span style=\"text-decoration: underline;\"><strong>Quelques chiffres :<\/strong><\/span><\/p>\n<p>Plus de 150 films re\u00e7us&nbsp; (fiction humaine uniquement)<\/p>\n<p>S\u00e9lection : 15 films pr\u00e9sent\u00e9s en comp\u00e9tition.<\/p>\n<p>Projections hors comp\u00e9titions : 13 films soir\u00e9e jeunes, 8 films lors de \u00ab\u00a0la folle journ\u00e9e\u00a0\u00bb<\/p>\n<p>Le jury \u00e0 d\u00e9cern\u00e9 4 prix et un mention sp\u00e9ciale , l&rsquo;association 1 prix,&nbsp; le public 1 prix, et les \u00e9ditions Ex\u00c6quo 1 prix.<\/p>\n<p>3 des 7 r\u00e9alisateurs pr\u00e9sents ont \u00e9t\u00e9 prim\u00e9s .<\/p>\n<h2>Films pr\u00e9sent\u00e9s<\/h2>\n<h3>Liste des films retenus en SELECTION&nbsp; OFFICIELLE &#8211; 2012<\/h3>\n<p>=&gt; Classement selon les dur\u00e9es des films<\/p>\n<p><strong>Bikini Vertigo<\/strong> de Jordane OUDIN &#8211;&nbsp; Paris (75) &#8211; 4 min \u2013 2011 \u2013 Production: Hippocampe<\/p>\n<p><strong>F\u00e9\u00e9ria<\/strong> de Fabien POIRIER \u2013 Thomery (77) \u2013 6 min \u20132011 &#8211;&nbsp; autoproduction<\/p>\n<p><strong>P\u2019tite pi\u00e9ce<\/strong> de Loic NICOLOFF&nbsp; &#8211; Paris (75) \u2013 8 min &#8211; 2011- Production: Zo\u00efc Productions<\/p>\n<p><strong>Dog-sitting<\/strong> de Sara VERHAGEN et Yannick PRIVAT &#8211; Paris (75) \u2013 8 min- 2011- Production: Maje Productions<\/p>\n<p><strong>Rendez-vous<\/strong> de Yohann GLOAGUEN &#8211; Paris (75) \u2013 9min &#8211; 2011 \u2013 Production : Les films en plus<\/p>\n<p><strong>Le ruban<\/strong> de Moebius de Edouard BLONDEAU- Paris (75) \u2013 9min &#8211; 2010- autoproduction<\/p>\n<p><strong>Tous les cadavres sont casher<\/strong> de Mathieu ANDRIEUX &#8211; La plaine st Denis (93) \u201310 min &#8211; 2010 &#8211; autoproduction<\/p>\n<p><strong>Salut Peter<\/strong> de Jules THENIER\u2013 Montreuil (93) &#8211; 11 min \u2013 2008 &#8211; Production: AQRM Production<\/p>\n<p><strong>La veille dame qui ne souriait plus<\/strong> de Guillaume LEVIL \u2013 Nice (06) \u2013 13 min &#8211; 2010- autoproduction<\/p>\n<p><strong>Looking for Stallone<\/strong>&nbsp; de Thierry GAUDIN et Lucie LAURENT \u2013 Paris (75) \u2013 13 min \u2013 2011- autoproduction<\/p>\n<p><strong>Ouaga Melodie<\/strong> de Uriel JAOUEN ZICHEN&nbsp; &#8211; Villejuif (94) \u2013 13 min \u2013 2011- aurtoproduction<\/p>\n<p><strong>L\u2019orchid\u00e9e<\/strong> de Cyrus NESHVAD \u2013 Bertrange (Luxembourg)&nbsp; \u2013 14 min \u2013 2012 \u2013 Production: Syneco<\/p>\n<p><strong>Comme deux poissons dans l\u2019eau<\/strong>&nbsp; de Agn\u00e8s DOOLAEGHE&nbsp; &#8211; Paris(75) \u2013 17 min \u20132011- autoproduction<\/p>\n<p><strong>Le sucre<\/strong> de Raphael MEDARD \u2013 Reims (51) \u2013 17 min \u2013 2010 &#8211; Production: Magnificat films<br \/>\nJe vous prie de sortir de Val\u00e9rie THEODORE \u2013 Paris (75) &#8211; 18 min- 2011- Production: Theorem<\/p>\n<h3>Liste des films retenus en Projection OFF \u2013 La Folle journ\u00e9e 2012<\/h3>\n<p><strong>Jordu<\/strong> de Charl\u00e9ne IRINA&nbsp; &#8211; St Martin de la Brasque (84) &#8211; 3 min \u2013 2011&nbsp; autoproduction<\/p>\n<p><strong>Retour \u00e0 Berlin<\/strong> de Renaud Drovin \u2013 Paris (75) \u2013 20 min \u2013 2011 &#8211; autoproduction<\/p>\n<p><strong>Into another World<\/strong> de Nicolas Fuchs&nbsp; &#8211; Paris (75) \u2013 5 min &#8211; 2011- Production :Totally Prod<\/p>\n<p><strong>City of Silence<\/strong> de Robert Ly \u2013 Paris (75) \u2013 9 min- 2011-&nbsp; autoproduction<\/p>\n<p><strong>Lili j\u2019\u00e9tais<\/strong> de Charl\u00e9ne Favier \u2013 Bourg en Bresse (01) \u2013 18 min \u20132011 \u2013 Production Crazypeople<\/p>\n<p><strong>Grenouille d\u2019Hiver<\/strong> de Slony Sow \u2013 Paris (75) \u2013 18 min \u2013 2011- production: Nompareille.productions<\/p>\n<p><strong>Toutes les filles s\u2019appellent Jade<\/strong> de Yann Pichot \u2013 Ancale (35) &#8211; 22 min- 2011- Production: Cancale Movie Production<\/p>\n<p><strong>La M\u00e9taphore du Manioc<\/strong> de Lionel M\u00e9ta &#8211; Argenteuil (95) \u2013 Prix sp\u00e9cial du jury Armoricourt 2011- 15 min \u20132010 \u2013 Production: Ether productions<\/p>\n<h3>Liste des films retenus en Projection OFF &#8211; Soir\u00e9e jeunes 2012<\/h3>\n<p><strong>Dr\u00f4les de R\u00eave<\/strong>&nbsp; . Service enfance-Jeunesse de Plestin Les Gr\u00e8ves (22)&nbsp; 8min &#8211; 2010 &#8211; Production :&nbsp; PIJ<\/p>\n<p><strong>Europe Chat<\/strong> Service enfance-Jeunesse de Plestin Les Gr\u00e8ves (22) 1min &#8211; 2012 &#8211; Production :&nbsp; PIJ<\/p>\n<p><strong>\u201c 1,2,3 Soleil \u201c<\/strong> Coll\u00e9giens de 3\u00e9me et 4\u00e9me du coll\u00e8ge Professeur Nicaise &#8211;&nbsp; Mareuil le port (51) 5 min &#8211;&nbsp; 2009 \u2013 Atelier vid\u00e9o<\/p>\n<p><strong>A double tour<\/strong> De Pierre REGNIER &#8211; Paris&nbsp; 5 min &#8211;&nbsp; 2011 &#8211; Production : Hippocampe<\/p>\n<p><strong>Social Kids- le v\u00e9lo<\/strong> De Mike ZONNENBERG &#8211;&nbsp; Paris (75) 9 min &#8211;&nbsp; 2011 \u2013 Auto production<\/p>\n<p><strong>007 contre-attaque<\/strong> De Stephane GUEROUT &#8211; Paris (75) 8 min \u2013&nbsp; 2011 \u2013 Auto production<\/p>\n<p><strong>Fant\u00f4me<\/strong> De Benjamin ARBELLOT \u2013 Brest (29)&nbsp; 8 min \u2013&nbsp; 2011 \u2013 Production : ISB Brest<\/p>\n<p><strong>Mauvais genre<\/strong>&nbsp; De Benjamin ARBELLOT \u2013Checy&nbsp; (45) 5 min \u2013&nbsp; 2011 \u2013 Auto production<\/p>\n<p><strong>Contre nature<\/strong>&nbsp; De Laurent BREUIL \u2013Colombes (92)&nbsp; 11 min \u2013&nbsp; 2011 \u2013 Association \u00bb Les films du cr\u00e9puscule \u00bb<\/p>\n<p><strong>Parall\u00e8les<\/strong>&nbsp; De Cl\u00e9ment TREBAOL \u2013Marseille (13) 11 min \u2013&nbsp; 2011 \u2013 Auto production<\/p>\n<p><strong>A trois sur Marianne<\/strong>&nbsp; De Romain LAGUNA \u2013 Paris (75) 19 min \u2013&nbsp; 2011 \u2013 Production : Les films du clan<\/p>\n<p><strong>Le temps d\u2019un \u00e9change<\/strong>&nbsp;&nbsp; De Jer\u00e9my BULTE \u2013 Roquelaure&nbsp; (32) 18 min \u2013 2010 \u2013 Auto Production<\/p>\n<p>et <strong>Bad Toys 2<\/strong>&nbsp; film d&rsquo;animation de Daniel BRUNET &amp; Nicolas DOUSTE &#8211; 6 min &#8211; 2012- Productions Autrement Dit<\/p>\n<h2>Palmar\u00e8s<\/h2>\n<p>Grand Prix : <strong>Le Sucre<\/strong>&nbsp; de Rapha\u00ebl MEDARD<\/p>\n<p>2\u00e9me Prix:&nbsp;&nbsp; <strong>Comme deux poissons<\/strong> dans l&rsquo;eau de Agn\u00e8s DOOLAEGHE<\/p>\n<p>3\u00e9me Prix:&nbsp;&nbsp; <strong>Salut Peter&nbsp;<\/strong> de Jules THENIER<\/p>\n<p>Prix Sp\u00e9cial du Jury: <strong>Looking for Stallone<\/strong> de Thierry GAUDIN et Lucie LAURENT<\/p>\n<p>Prix du Public : : <strong>Le Sucre<\/strong>&nbsp; de Rapha\u00ebl&nbsp; MEDARD<\/p>\n<p>Prix Armoricourt : <strong>L\u2019orchid\u00e9e<\/strong> de Cyrus NESHVAD<\/p>\n<p>Mention sp\u00e9ciale du jury : <strong>Rendez-vous<\/strong> de&nbsp; Yohann GLOAGUEN<\/p>\n<h2>Le Jury<\/h2>\n<p>Membres du Jury 2012<\/p>\n<p>[singlepic id=2 w=160 h=120 float=left]<strong>Anne Sarkissian :<\/strong><\/p>\n<p>R\u00e9alisatrice et sc\u00e9nariste de courts m\u00e9trages et documentaires.<\/p>\n<p>Anne&nbsp; \u00e0 \u00e9crit de nombreux sc\u00e9narios en longs m\u00e9trages.<\/p>\n<p>Elle est&nbsp; Productrice d&rsquo; \u00ab\u00a0ILOZ Production\u00a0\u00bb implant\u00e9e en Bretagne. Elle est \u00e9galement pr\u00e9sidente de l&rsquo;APAB (association des producteurs audiovisuels de Bretagne)<\/p>\n<p>En ce moment , elle d\u00e9veloppe l&rsquo;\u00e9criture d&rsquo;un projet \u00e0 Tel Aviz en Isra\u00ebl .<\/p>\n<p>&nbsp;<\/p>\n<p>&nbsp;<\/p>\n<p>[singlepic id=4 w=160 h=120 float=left]<strong>Claude Albouze :<\/strong><\/p>\n<p>Une grande figure de la profession.<\/p>\n<p>Directeur de production au cin\u00e9ma et \u00e0 la TV, il a travaill\u00e9 avec des r\u00e9alisateurs prestigieux.<\/p>\n<p>A son actif de tr\u00e8s nombreux longs m\u00e9trages tels que \u00a0\u00bb&nbsp; Le pacte des loups\u00a0\u00bb de C.Gans, \u00ab\u00a0Ronin\u00a0\u00bb de J. Frankenheimer, \u00ab\u00a0Indochine\u00a0\u00bb de R.Wargnier, \u00ab\u00a0La vie et rien d&rsquo;autre\u00a0\u00bb de B.Tavernier, \u00ab\u00a0Itin\u00e9raire d&rsquo;un enfant g\u00e2t\u00e9\u00a0\u00bb de C.Lelouch, \u00ab\u00a0Frantic\u00a0\u00bb de R.Polanski, &#8230;.<\/p>\n<p>Claude est aussi intervenant dans les \u00e9coles parisiennes de cin\u00e9ma (Louis Lumi\u00e8re, La F\u00e9mis)<\/p>\n<p>&nbsp;<\/p>\n<p>&nbsp;<\/p>\n<p><strong>Michel Campioli :<\/strong><\/p>\n<p>R\u00e9alisateur , sc\u00e9nariste&nbsp; au cin\u00e9ma et \u00e0 la TV.<\/p>\n<p>&nbsp;<\/p>\n<h2>L&rsquo;\u00e9quipe organisatrice<\/h2>\n<p>Jean-Jacques Morvan (responsable)<\/p>\n<p>Laurent Latouche<\/p>\n<p>Jean-Claude Le Berre<\/p>\n<p>Ir\u00e8ne Morvan<\/p>\n<p>Marie Th\u00e9r\u00e8se Le Pape<\/p>\n<p>\u00c9ric Le Pape<\/p>\n<p>Jackie Ravoux<\/p>\n<p>Jean-Dominique Gauthier<\/p>\n<h2>Les Partenaires<\/h2>\n<h3>Partenaires Institutionnels :<\/h3>\n<p><strong>Municipalit\u00e9 de Plestin Les Gr\u00e8ves<\/strong><\/p>\n<p><strong>Conseil G\u00e9n\u00e9ral des C\u00f4tes d&rsquo;Armor<\/strong><\/p>\n<p><strong>Conseil R\u00e9gional de Bretagne<\/strong><\/p>\n<p><strong>Office de Tourisme de la Lieue de Gr\u00e8ve<\/strong><\/p>\n<p><strong>Maison TI AN HOLL&nbsp; &#8211; Office culturel municipal<\/strong><\/p>\n<p><strong>Municipalit\u00e9 de Tredrez -Locqu\u00e9meau<\/strong><\/p>\n<h3>Partenaires M\u00e9dias et Techniques :<\/h3>\n<p><strong>TEBEO<\/strong> : T\u00e9l\u00e9vision Bretagne Ouest (sur la TNT)<\/p>\n<p><strong>OAI TV-TREGOR<\/strong>: T\u00e9l\u00e9vision locale du Tr\u00e9gor-Go\u00eblo<\/p>\n<p><strong>OIT<\/strong> : Objectif Image Tr\u00e9gor &#8211; Section Vid\u00e9o de Lannion<\/p>\n<h3>Partenaires Priv\u00e9s&nbsp; :<\/h3>\n<p><strong>CMB<\/strong> : Cr\u00e9dit Mutuelle de Bretagne de Plestin les Gr\u00e9ves<\/p>\n<p><strong>GROUPAMA<\/strong> : Plestin Les Gr\u00e8ves<\/p>\n<p><strong>SUPER U<\/strong>:&nbsp; Plestin Les Gr\u00e8ves<\/p>\n<p><strong>Editions Ex-Aequo<\/strong> : Maison d&rsquo;\u00e9dition<\/p>\n<p><strong>STJO<\/strong> : Lyc\u00e9e Bossuet &amp; Coll\u00e8ge St Joseph Lannion<\/p>\n<p><strong>Santoline<\/strong>: Fleuriste Plestin les Gr\u00e8ves<\/p>\n<h2>Photos souvenirs<\/h2>\n<p>Les r\u00e9alisateurs pr\u00e9sents, le jury et les organisateurs sur sc\u00e8ne lors du palmar\u00e8s<\/p>\n<p style=\"text-align: left;\">[singlepic id=9 w=320 h=240 float=center]<\/p>\n<p style=\"text-align: left;\">[singlepic id=6 w=320 h=240 float=center]<\/p>\n<p style=\"text-align: left;\">[singlepic id=7 w=320 h=240 float=center]<\/p>\n<p style=\"text-align: left;\">[singlepic id=8 w=320 h=240 float=center]<\/p>\n<p>Une salle attentive !<\/p>\n<p style=\"text-align: left;\">[singlepic id=10 w=320 h=240 float=center]<\/p>\n<p>La formation COMPUS MENTIS apr\u00e8s sa prestation musicale accompagnant la projection du film de Murnau \u00ab\u00a0Le dernier des hommes\u00a0\u00bb.<\/p>\n<p>Au micro, Thierry Delaigue expliquant le travail d&rsquo;analyse sur le film et l&rsquo;orientation musicale.<\/p>\n<p>Une composition originale et audacieuse qui a s\u00e9duit le public.<\/p>\n<p style=\"text-align: left;\">[singlepic id=5 w=320 h=240 float=center]<\/p>\n<p>Photo de famille \u00e0 Ti an Holl : Une partie des r\u00e9alisateurs, membres du jury, musiciens et organisateurs m\u00e9lang\u00e9s .<\/p>\n<p style=\"text-align: left;\">[singlepic id=11 w=320 h=240 float=center]<\/p>\n","protected":false},"excerpt":{"rendered":"<p>Armoricourt &#8211; \u00e9dition 04 Compte rendu Quelques chiffres : Plus de 150 films re\u00e7us&nbsp; (fiction humaine uniquement) S\u00e9lection : 15 films pr\u00e9sent\u00e9s en comp\u00e9tition. Projections hors comp\u00e9titions : 13 films soir\u00e9e jeunes, 8 films lors de \u00ab\u00a0la folle journ\u00e9e\u00a0\u00bb Le jury \u00e0 d\u00e9cern\u00e9 4 prix et un mention sp\u00e9ciale , l&rsquo;association 1 prix,&nbsp; le public [&hellip;]<\/p>\n","protected":false},"author":2,"featured_media":0,"parent":6517,"menu_order":9,"comment_status":"closed","ping_status":"closed","template":"","meta":{"ocean_post_layout":"","ocean_both_sidebars_style":"","ocean_both_sidebars_content_width":0,"ocean_both_sidebars_sidebars_width":0,"ocean_sidebar":"0","ocean_second_sidebar":"0","ocean_disable_margins":"enable","ocean_add_body_class":"","ocean_shortcode_before_top_bar":"","ocean_shortcode_after_top_bar":"","ocean_shortcode_before_header":"","ocean_shortcode_after_header":"","ocean_has_shortcode":"","ocean_shortcode_after_title":"","ocean_shortcode_before_footer_widgets":"","ocean_shortcode_after_footer_widgets":"","ocean_shortcode_before_footer_bottom":"","ocean_shortcode_after_footer_bottom":"","ocean_display_top_bar":"default","ocean_display_header":"default","ocean_header_style":"","ocean_center_header_left_menu":"0","ocean_custom_header_template":"0","ocean_custom_logo":0,"ocean_custom_retina_logo":0,"ocean_custom_logo_max_width":0,"ocean_custom_logo_tablet_max_width":0,"ocean_custom_logo_mobile_max_width":0,"ocean_custom_logo_max_height":0,"ocean_custom_logo_tablet_max_height":0,"ocean_custom_logo_mobile_max_height":0,"ocean_header_custom_menu":"0","ocean_menu_typo_font_family":"0","ocean_menu_typo_font_subset":"","ocean_menu_typo_font_size":0,"ocean_menu_typo_font_size_tablet":0,"ocean_menu_typo_font_size_mobile":0,"ocean_menu_typo_font_size_unit":"px","ocean_menu_typo_font_weight":"","ocean_menu_typo_font_weight_tablet":"","ocean_menu_typo_font_weight_mobile":"","ocean_menu_typo_transform":"","ocean_menu_typo_transform_tablet":"","ocean_menu_typo_transform_mobile":"","ocean_menu_typo_line_height":0,"ocean_menu_typo_line_height_tablet":0,"ocean_menu_typo_line_height_mobile":0,"ocean_menu_typo_line_height_unit":"","ocean_menu_typo_spacing":0,"ocean_menu_typo_spacing_tablet":0,"ocean_menu_typo_spacing_mobile":0,"ocean_menu_typo_spacing_unit":"","ocean_menu_link_color":"","ocean_menu_link_color_hover":"","ocean_menu_link_color_active":"","ocean_menu_link_background":"","ocean_menu_link_hover_background":"","ocean_menu_link_active_background":"","ocean_menu_social_links_bg":"","ocean_menu_social_hover_links_bg":"","ocean_menu_social_links_color":"","ocean_menu_social_hover_links_color":"","ocean_disable_title":"default","ocean_disable_heading":"default","ocean_post_title":"","ocean_post_subheading":"","ocean_post_title_style":"","ocean_post_title_background_color":"","ocean_post_title_background":0,"ocean_post_title_bg_image_position":"","ocean_post_title_bg_image_attachment":"","ocean_post_title_bg_image_repeat":"","ocean_post_title_bg_image_size":"","ocean_post_title_height":0,"ocean_post_title_bg_overlay":0.5,"ocean_post_title_bg_overlay_color":"","ocean_disable_breadcrumbs":"default","ocean_breadcrumbs_color":"","ocean_breadcrumbs_separator_color":"","ocean_breadcrumbs_links_color":"","ocean_breadcrumbs_links_hover_color":"","ocean_display_footer_widgets":"default","ocean_display_footer_bottom":"default","ocean_custom_footer_template":"0","footnotes":""},"class_list":["post-9","page","type-page","status-publish","hentry","entry"],"yoast_head":"<!-- This site is optimized with the Yoast SEO plugin v27.0 - https:\/\/yoast.com\/product\/yoast-seo-wordpress\/ -->\n<title>\u00c9DITION 04 - 2012 - Festival Armoricourt<\/title>\n<meta name=\"robots\" content=\"index, follow, max-snippet:-1, max-image-preview:large, max-video-preview:-1\" \/>\n<link rel=\"canonical\" href=\"https:\/\/festival-armoricourt.com\/index.php\/les-editions-precedentes\/edition-4\/\" \/>\n<meta property=\"og:locale\" content=\"fr_FR\" \/>\n<meta property=\"og:type\" content=\"article\" \/>\n<meta property=\"og:title\" content=\"\u00c9DITION 04 - 2012 - Festival Armoricourt\" \/>\n<meta property=\"og:description\" content=\"Armoricourt &#8211; \u00e9dition 04 Compte rendu Quelques chiffres : Plus de 150 films re\u00e7us&nbsp; (fiction humaine uniquement) S\u00e9lection : 15 films pr\u00e9sent\u00e9s en comp\u00e9tition. Projections hors comp\u00e9titions : 13 films soir\u00e9e jeunes, 8 films lors de \u00ab\u00a0la folle journ\u00e9e\u00a0\u00bb Le jury \u00e0 d\u00e9cern\u00e9 4 prix et un mention sp\u00e9ciale , l&rsquo;association 1 prix,&nbsp; le public [&hellip;]\" \/>\n<meta property=\"og:url\" content=\"https:\/\/festival-armoricourt.com\/index.php\/les-editions-precedentes\/edition-4\/\" \/>\n<meta property=\"og:site_name\" content=\"Festival Armoricourt\" \/>\n<meta property=\"article:publisher\" content=\"https:\/\/www.facebook.com\/armoricourt\" \/>\n<meta name=\"twitter:card\" content=\"summary_large_image\" \/>\n<meta name=\"twitter:label1\" content=\"Dur\u00e9e de lecture estim\u00e9e\" \/>\n\t<meta name=\"twitter:data1\" content=\"6 minutes\" \/>\n<script type=\"application\/ld+json\" class=\"yoast-schema-graph\">{\"@context\":\"https:\/\/schema.org\",\"@graph\":[{\"@type\":\"WebPage\",\"@id\":\"https:\/\/festival-armoricourt.com\/index.php\/les-editions-precedentes\/edition-4\/\",\"url\":\"https:\/\/festival-armoricourt.com\/index.php\/les-editions-precedentes\/edition-4\/\",\"name\":\"\u00c9DITION 04 - 2012 - Festival Armoricourt\",\"isPartOf\":{\"@id\":\"https:\/\/festival-armoricourt.com\/#website\"},\"datePublished\":\"2013-01-09T07:51:17+00:00\",\"breadcrumb\":{\"@id\":\"https:\/\/festival-armoricourt.com\/index.php\/les-editions-precedentes\/edition-4\/#breadcrumb\"},\"inLanguage\":\"fr-FR\",\"potentialAction\":[{\"@type\":\"ReadAction\",\"target\":[\"https:\/\/festival-armoricourt.com\/index.php\/les-editions-precedentes\/edition-4\/\"]}]},{\"@type\":\"BreadcrumbList\",\"@id\":\"https:\/\/festival-armoricourt.com\/index.php\/les-editions-precedentes\/edition-4\/#breadcrumb\",\"itemListElement\":[{\"@type\":\"ListItem\",\"position\":1,\"name\":\"Accueil\",\"item\":\"https:\/\/festival-armoricourt.com\/\"},{\"@type\":\"ListItem\",\"position\":2,\"name\":\"\u00c9DITIONS PR\u00c9C\u00c9DENTES\",\"item\":\"https:\/\/festival-armoricourt.com\/index.php\/les-editions-precedentes\/\"},{\"@type\":\"ListItem\",\"position\":3,\"name\":\"\u00c9DITION 04 &#8211; 2012\"}]},{\"@type\":\"WebSite\",\"@id\":\"https:\/\/festival-armoricourt.com\/#website\",\"url\":\"https:\/\/festival-armoricourt.com\/\",\"name\":\"Festival Armoricourt\",\"description\":\"Decouvrir des courts m\u00e9trages de qualit\u00e9, et rencontrer ceux qui les font\",\"publisher\":{\"@id\":\"https:\/\/festival-armoricourt.com\/#organization\"},\"potentialAction\":[{\"@type\":\"SearchAction\",\"target\":{\"@type\":\"EntryPoint\",\"urlTemplate\":\"https:\/\/festival-armoricourt.com\/?s={search_term_string}\"},\"query-input\":{\"@type\":\"PropertyValueSpecification\",\"valueRequired\":true,\"valueName\":\"search_term_string\"}}],\"inLanguage\":\"fr-FR\"},{\"@type\":\"Organization\",\"@id\":\"https:\/\/festival-armoricourt.com\/#organization\",\"name\":\"Armoricourt\",\"url\":\"https:\/\/festival-armoricourt.com\/\",\"logo\":{\"@type\":\"ImageObject\",\"inLanguage\":\"fr-FR\",\"@id\":\"https:\/\/festival-armoricourt.com\/#\/schema\/logo\/image\/\",\"url\":\"https:\/\/festival-armoricourt.com\/wp-content\/uploads\/2023\/10\/cropped-2023-logo-armoricourt-1280.jpg\",\"contentUrl\":\"https:\/\/festival-armoricourt.com\/wp-content\/uploads\/2023\/10\/cropped-2023-logo-armoricourt-1280.jpg\",\"width\":1280,\"height\":351,\"caption\":\"Armoricourt\"},\"image\":{\"@id\":\"https:\/\/festival-armoricourt.com\/#\/schema\/logo\/image\/\"},\"sameAs\":[\"https:\/\/www.facebook.com\/armoricourt\"]}]}<\/script>\n<!-- \/ Yoast SEO plugin. -->","yoast_head_json":{"title":"\u00c9DITION 04 - 2012 - Festival Armoricourt","robots":{"index":"index","follow":"follow","max-snippet":"max-snippet:-1","max-image-preview":"max-image-preview:large","max-video-preview":"max-video-preview:-1"},"canonical":"https:\/\/festival-armoricourt.com\/index.php\/les-editions-precedentes\/edition-4\/","og_locale":"fr_FR","og_type":"article","og_title":"\u00c9DITION 04 - 2012 - Festival Armoricourt","og_description":"Armoricourt &#8211; \u00e9dition 04 Compte rendu Quelques chiffres : Plus de 150 films re\u00e7us&nbsp; (fiction humaine uniquement) S\u00e9lection : 15 films pr\u00e9sent\u00e9s en comp\u00e9tition. Projections hors comp\u00e9titions : 13 films soir\u00e9e jeunes, 8 films lors de \u00ab\u00a0la folle journ\u00e9e\u00a0\u00bb Le jury \u00e0 d\u00e9cern\u00e9 4 prix et un mention sp\u00e9ciale , l&rsquo;association 1 prix,&nbsp; le public [&hellip;]","og_url":"https:\/\/festival-armoricourt.com\/index.php\/les-editions-precedentes\/edition-4\/","og_site_name":"Festival Armoricourt","article_publisher":"https:\/\/www.facebook.com\/armoricourt","twitter_card":"summary_large_image","twitter_misc":{"Dur\u00e9e de lecture estim\u00e9e":"6 minutes"},"schema":{"@context":"https:\/\/schema.org","@graph":[{"@type":"WebPage","@id":"https:\/\/festival-armoricourt.com\/index.php\/les-editions-precedentes\/edition-4\/","url":"https:\/\/festival-armoricourt.com\/index.php\/les-editions-precedentes\/edition-4\/","name":"\u00c9DITION 04 - 2012 - Festival Armoricourt","isPartOf":{"@id":"https:\/\/festival-armoricourt.com\/#website"},"datePublished":"2013-01-09T07:51:17+00:00","breadcrumb":{"@id":"https:\/\/festival-armoricourt.com\/index.php\/les-editions-precedentes\/edition-4\/#breadcrumb"},"inLanguage":"fr-FR","potentialAction":[{"@type":"ReadAction","target":["https:\/\/festival-armoricourt.com\/index.php\/les-editions-precedentes\/edition-4\/"]}]},{"@type":"BreadcrumbList","@id":"https:\/\/festival-armoricourt.com\/index.php\/les-editions-precedentes\/edition-4\/#breadcrumb","itemListElement":[{"@type":"ListItem","position":1,"name":"Accueil","item":"https:\/\/festival-armoricourt.com\/"},{"@type":"ListItem","position":2,"name":"\u00c9DITIONS PR\u00c9C\u00c9DENTES","item":"https:\/\/festival-armoricourt.com\/index.php\/les-editions-precedentes\/"},{"@type":"ListItem","position":3,"name":"\u00c9DITION 04 &#8211; 2012"}]},{"@type":"WebSite","@id":"https:\/\/festival-armoricourt.com\/#website","url":"https:\/\/festival-armoricourt.com\/","name":"Festival Armoricourt","description":"Decouvrir des courts m\u00e9trages de qualit\u00e9, et rencontrer ceux qui les font","publisher":{"@id":"https:\/\/festival-armoricourt.com\/#organization"},"potentialAction":[{"@type":"SearchAction","target":{"@type":"EntryPoint","urlTemplate":"https:\/\/festival-armoricourt.com\/?s={search_term_string}"},"query-input":{"@type":"PropertyValueSpecification","valueRequired":true,"valueName":"search_term_string"}}],"inLanguage":"fr-FR"},{"@type":"Organization","@id":"https:\/\/festival-armoricourt.com\/#organization","name":"Armoricourt","url":"https:\/\/festival-armoricourt.com\/","logo":{"@type":"ImageObject","inLanguage":"fr-FR","@id":"https:\/\/festival-armoricourt.com\/#\/schema\/logo\/image\/","url":"https:\/\/festival-armoricourt.com\/wp-content\/uploads\/2023\/10\/cropped-2023-logo-armoricourt-1280.jpg","contentUrl":"https:\/\/festival-armoricourt.com\/wp-content\/uploads\/2023\/10\/cropped-2023-logo-armoricourt-1280.jpg","width":1280,"height":351,"caption":"Armoricourt"},"image":{"@id":"https:\/\/festival-armoricourt.com\/#\/schema\/logo\/image\/"},"sameAs":["https:\/\/www.facebook.com\/armoricourt"]}]}},"_links":{"self":[{"href":"https:\/\/festival-armoricourt.com\/index.php\/wp-json\/wp\/v2\/pages\/9","targetHints":{"allow":["GET"]}}],"collection":[{"href":"https:\/\/festival-armoricourt.com\/index.php\/wp-json\/wp\/v2\/pages"}],"about":[{"href":"https:\/\/festival-armoricourt.com\/index.php\/wp-json\/wp\/v2\/types\/page"}],"author":[{"embeddable":true,"href":"https:\/\/festival-armoricourt.com\/index.php\/wp-json\/wp\/v2\/users\/2"}],"replies":[{"embeddable":true,"href":"https:\/\/festival-armoricourt.com\/index.php\/wp-json\/wp\/v2\/comments?post=9"}],"version-history":[{"count":0,"href":"https:\/\/festival-armoricourt.com\/index.php\/wp-json\/wp\/v2\/pages\/9\/revisions"}],"up":[{"embeddable":true,"href":"https:\/\/festival-armoricourt.com\/index.php\/wp-json\/wp\/v2\/pages\/6517"}],"wp:attachment":[{"href":"https:\/\/festival-armoricourt.com\/index.php\/wp-json\/wp\/v2\/media?parent=9"}],"curies":[{"name":"wp","href":"https:\/\/api.w.org\/{rel}","templated":true}]}}