{"id":6517,"date":"2013-01-08T18:27:15","date_gmt":"2013-01-08T17:27:15","guid":{"rendered":"http:\/\/www.cinema-ledouron.fr\/armoricourt\/?page_id=2"},"modified":"2013-01-08T18:27:15","modified_gmt":"2013-01-08T17:27:15","slug":"les-editions-precedentes","status":"publish","type":"page","link":"https:\/\/festival-armoricourt.com\/index.php\/les-editions-precedentes\/","title":{"rendered":"\u00c9DITIONS PR\u00c9C\u00c9DENTES"},"content":{"rendered":"<h2><strong>A l&rsquo;origine<\/strong><\/h2>\n<p>Pour tout savoir sur la gen\u00e8se du Festival Armoricourt et donc sa premi\u00e8re \u00e9dition, <a href=\"https:\/\/www.festival-armoricourt.com\/2021\/10\/21\/festival-armoricourt-retour-aux-origines\/\">consultez cet article<\/a><\/p>\n<h2>Flash-back sur les \u00e9ditions pass\u00e9es<\/h2>\n<p>En cliquant sur les vignettes suivantes vous acc\u00e9derez au \u00e9ditions pr\u00e9c\u00e9dentes du Festival.<\/p>\n<p style=\"text-align: center;\">La 7\u00e8me \u00e9dition, les 20, 21, et 22 Mars 2015<\/p>\n<p><a href=\"http:\/\/www.festival-armoricourt.com\/les-editions-precedentes\/edition-7\/\"><img fetchpriority=\"high\" decoding=\"async\" class=\"size-full wp-image-1224 aligncenter\" src=\"http:\/\/www.festival-armoricourt.com\/wp-content\/uploads\/2015\/02\/Armoricourt_Gde.resized1.jpg\" alt=\"Armoricourt_Gde.resized\" width=\"204\" height=\"271\" srcset=\"https:\/\/festival-armoricourt.com\/wp-content\/uploads\/2015\/02\/Armoricourt_Gde.resized1.jpg 750w, https:\/\/festival-armoricourt.com\/wp-content\/uploads\/2015\/02\/Armoricourt_Gde.resized1-225x300.jpg 225w\" sizes=\"(max-width: 204px) 100vw, 204px\" \/><\/a><\/p>\n<p style=\"text-align: center;\">La 6\u00e8me \u00e9dition, les 14, 15, et 16 Mars 2014<\/p>\n<p style=\"text-align: center;\"><a href=\"http:\/\/www.festival-armoricourt.com\/les-editions-precedentes\/edition-6\/\"><img decoding=\"async\" class=\"size-full wp-image-763 aligncenter\" src=\"http:\/\/www.festival-armoricourt.com\/wp-content\/uploads\/2014\/02\/armor-2014.jpg\" alt=\"armor-2014\" width=\"219\" height=\"256\" srcset=\"https:\/\/festival-armoricourt.com\/wp-content\/uploads\/2014\/02\/armor-2014.jpg 643w, https:\/\/festival-armoricourt.com\/wp-content\/uploads\/2014\/02\/armor-2014-257x300.jpg 257w\" sizes=\"(max-width: 219px) 100vw, 219px\" \/><\/a><\/p>\n<p style=\"text-align: center;\">La 5\u00e8me \u00e9dition, les 15, 16, et 17 Mars 2013<\/p>\n<p style=\"text-align: center;\"><a title=\"Edition 5\" href=\"http:\/\/www.festival-armoricourt.com\/les-editions-precedentes\/edition-5\/\" rel=\"attachment wp-att-500\"><img decoding=\"async\" class=\" wp-image-500 aligncenter\" src=\"http:\/\/www.festival-armoricourt.com\/wp-content\/uploads\/2013\/02\/2013afficheArmoricourt2.resized.jpg\" alt=\"2013afficheArmoricourt2.resized\" width=\"212\" height=\"300\" \/><\/a><\/p>\n<p style=\"text-align: center;\">La 4\u00e8me \u00e9dition, les 16, 17, et 18 Mars 2012<\/p>\n<p style=\"text-align: center;\"><a title=\"Edition 4\" href=\"http:\/\/www.festival-armoricourt.com\/les-editions-precedentes\/edition-4\/\" rel=\"attachment wp-att-13\"><img loading=\"lazy\" decoding=\"async\" class=\"wp-image-13 aligncenter\" src=\"http:\/\/www.cinema-ledouron.fr\/armoricourt\/wp-content\/uploads\/2013\/01\/Affiche-armor04-2012-212x300.jpg\" alt=\"Affiche-armor04-2012\" width=\"212\" height=\"300\" srcset=\"https:\/\/festival-armoricourt.com\/wp-content\/uploads\/2013\/01\/Affiche-armor04-2012-212x300.jpg 212w, https:\/\/festival-armoricourt.com\/wp-content\/uploads\/2013\/01\/Affiche-armor04-2012.jpg 396w\" sizes=\"(max-width: 212px) 100vw, 212px\" \/><\/a><\/p>\n<p style=\"text-align: center;\">La 3\u00e8me \u00e9dition, les 18, 19, et 20 Mars 2011<\/p>\n<p style=\"text-align: center;\"><a title=\"Edition 3\" href=\"http:\/\/www.festival-armoricourt.com\/les-editions-precedentes\/edition-3\/\" rel=\"attachment wp-att-12\"><img loading=\"lazy\" decoding=\"async\" class=\" wp-image-12 aligncenter\" src=\"http:\/\/www.cinema-ledouron.fr\/armoricourt\/wp-content\/uploads\/2013\/01\/AfficheARMORICOURT_A4-red-212x300.jpg\" alt=\"AfficheARMORICOURT_A4\" width=\"212\" height=\"300\" srcset=\"https:\/\/festival-armoricourt.com\/wp-content\/uploads\/2013\/01\/AfficheARMORICOURT_A4-red-212x300.jpg 212w, https:\/\/festival-armoricourt.com\/wp-content\/uploads\/2013\/01\/AfficheARMORICOURT_A4-red-724x1024.jpg 724w, https:\/\/festival-armoricourt.com\/wp-content\/uploads\/2013\/01\/AfficheARMORICOURT_A4-red-768x1087.jpg 768w, https:\/\/festival-armoricourt.com\/wp-content\/uploads\/2013\/01\/AfficheARMORICOURT_A4-red.jpg 827w\" sizes=\"(max-width: 212px) 100vw, 212px\" \/><\/a><\/p>\n<p style=\"text-align: center;\">La 2\u00e8me \u00e9dition, les 20 et 21 Mars 2010<\/p>\n<p style=\"text-align: center;\"><a title=\"Edition 2\" href=\"http:\/\/www.festival-armoricourt.com\/les-editions-precedentes\/edition-2\/\" rel=\"attachment wp-att-16\"><img loading=\"lazy\" decoding=\"async\" class=\"size-medium wp-image-16 aligncenter\" src=\"http:\/\/www.cinema-ledouron.fr\/armoricourt\/wp-content\/uploads\/2013\/01\/visuel-armor-ed02-jourJ-228x300.jpg\" alt=\"visuel-armor-ed02-jourJ\" width=\"228\" height=\"300\" srcset=\"https:\/\/festival-armoricourt.com\/wp-content\/uploads\/2013\/01\/visuel-armor-ed02-jourJ-228x300.jpg 228w, https:\/\/festival-armoricourt.com\/wp-content\/uploads\/2013\/01\/visuel-armor-ed02-jourJ.jpg 591w\" sizes=\"(max-width: 228px) 100vw, 228px\" \/><\/a><\/p>\n<p style=\"text-align: center;\">La 1\u00e8re \u00e9dition, les 21 et 22 Mars 2009<\/p>\n<p style=\"text-align: center;\"><a title=\"Edition 1\" href=\"http:\/\/www.festival-armoricourt.com\/les-editions-precedentes\/edition-1\/\" rel=\"attachment wp-att-14\"><img loading=\"lazy\" decoding=\"async\" class=\"size-medium wp-image-14 aligncenter\" src=\"http:\/\/www.cinema-ledouron.fr\/armoricourt\/wp-content\/uploads\/2013\/01\/jourJfestivalJJ5-214x300.jpg\" alt=\"jourJfestivalJJ(5)\" width=\"214\" height=\"300\" \/><\/a><\/p>\n","protected":false},"excerpt":{"rendered":"<p>A l&rsquo;origine Pour tout savoir sur la gen\u00e8se du Festival Armoricourt et donc sa premi\u00e8re \u00e9dition, consultez cet article Flash-back sur les \u00e9ditions pass\u00e9es En cliquant sur les vignettes suivantes vous acc\u00e9derez au \u00e9ditions pr\u00e9c\u00e9dentes du Festival. La 7\u00e8me \u00e9dition, les 20, 21, et 22 Mars 2015 La 6\u00e8me \u00e9dition, les 14, 15, et 16 [&hellip;]<\/p>\n","protected":false},"author":2,"featured_media":0,"parent":0,"menu_order":12,"comment_status":"closed","ping_status":"closed","template":"","meta":{"ocean_post_layout":"","ocean_both_sidebars_style":"","ocean_both_sidebars_content_width":0,"ocean_both_sidebars_sidebars_width":0,"ocean_sidebar":"0","ocean_second_sidebar":"0","ocean_disable_margins":"enable","ocean_add_body_class":"","ocean_shortcode_before_top_bar":"","ocean_shortcode_after_top_bar":"","ocean_shortcode_before_header":"","ocean_shortcode_after_header":"","ocean_has_shortcode":"","ocean_shortcode_after_title":"","ocean_shortcode_before_footer_widgets":"","ocean_shortcode_after_footer_widgets":"","ocean_shortcode_before_footer_bottom":"","ocean_shortcode_after_footer_bottom":"","ocean_display_top_bar":"default","ocean_display_header":"default","ocean_header_style":"","ocean_center_header_left_menu":"0","ocean_custom_header_template":"0","ocean_custom_logo":0,"ocean_custom_retina_logo":0,"ocean_custom_logo_max_width":0,"ocean_custom_logo_tablet_max_width":0,"ocean_custom_logo_mobile_max_width":0,"ocean_custom_logo_max_height":0,"ocean_custom_logo_tablet_max_height":0,"ocean_custom_logo_mobile_max_height":0,"ocean_header_custom_menu":"0","ocean_menu_typo_font_family":"0","ocean_menu_typo_font_subset":"","ocean_menu_typo_font_size":0,"ocean_menu_typo_font_size_tablet":0,"ocean_menu_typo_font_size_mobile":0,"ocean_menu_typo_font_size_unit":"px","ocean_menu_typo_font_weight":"","ocean_menu_typo_font_weight_tablet":"","ocean_menu_typo_font_weight_mobile":"","ocean_menu_typo_transform":"","ocean_menu_typo_transform_tablet":"","ocean_menu_typo_transform_mobile":"","ocean_menu_typo_line_height":0,"ocean_menu_typo_line_height_tablet":0,"ocean_menu_typo_line_height_mobile":0,"ocean_menu_typo_line_height_unit":"","ocean_menu_typo_spacing":0,"ocean_menu_typo_spacing_tablet":0,"ocean_menu_typo_spacing_mobile":0,"ocean_menu_typo_spacing_unit":"","ocean_menu_link_color":"","ocean_menu_link_color_hover":"","ocean_menu_link_color_active":"","ocean_menu_link_background":"","ocean_menu_link_hover_background":"","ocean_menu_link_active_background":"","ocean_menu_social_links_bg":"","ocean_menu_social_hover_links_bg":"","ocean_menu_social_links_color":"","ocean_menu_social_hover_links_color":"","ocean_disable_title":"default","ocean_disable_heading":"default","ocean_post_title":"","ocean_post_subheading":"","ocean_post_title_style":"","ocean_post_title_background_color":"","ocean_post_title_background":0,"ocean_post_title_bg_image_position":"","ocean_post_title_bg_image_attachment":"","ocean_post_title_bg_image_repeat":"","ocean_post_title_bg_image_size":"","ocean_post_title_height":0,"ocean_post_title_bg_overlay":0.5,"ocean_post_title_bg_overlay_color":"","ocean_disable_breadcrumbs":"default","ocean_breadcrumbs_color":"","ocean_breadcrumbs_separator_color":"","ocean_breadcrumbs_links_color":"","ocean_breadcrumbs_links_hover_color":"","ocean_display_footer_widgets":"default","ocean_display_footer_bottom":"default","ocean_custom_footer_template":"","footnotes":""},"class_list":["post-6517","page","type-page","status-publish","hentry","entry"],"yoast_head":"<!-- This site is optimized with the Yoast SEO plugin v27.0 - https:\/\/yoast.com\/product\/yoast-seo-wordpress\/ -->\n<title>\u00c9DITIONS PR\u00c9C\u00c9DENTES - Festival Armoricourt<\/title>\n<meta name=\"robots\" content=\"index, follow, max-snippet:-1, max-image-preview:large, max-video-preview:-1\" \/>\n<link rel=\"canonical\" href=\"https:\/\/festival-armoricourt.com\/index.php\/les-editions-precedentes\/\" \/>\n<meta property=\"og:locale\" content=\"fr_FR\" \/>\n<meta property=\"og:type\" content=\"article\" \/>\n<meta property=\"og:title\" content=\"\u00c9DITIONS PR\u00c9C\u00c9DENTES - Festival Armoricourt\" \/>\n<meta property=\"og:description\" content=\"A l&rsquo;origine Pour tout savoir sur la gen\u00e8se du Festival Armoricourt et donc sa premi\u00e8re \u00e9dition, consultez cet article Flash-back sur les \u00e9ditions pass\u00e9es En cliquant sur les vignettes suivantes vous acc\u00e9derez au \u00e9ditions pr\u00e9c\u00e9dentes du Festival. La 7\u00e8me \u00e9dition, les 20, 21, et 22 Mars 2015 La 6\u00e8me \u00e9dition, les 14, 15, et 16 [&hellip;]\" \/>\n<meta property=\"og:url\" content=\"https:\/\/festival-armoricourt.com\/index.php\/les-editions-precedentes\/\" \/>\n<meta property=\"og:site_name\" content=\"Festival Armoricourt\" \/>\n<meta property=\"article:publisher\" content=\"https:\/\/www.facebook.com\/armoricourt\" \/>\n<meta property=\"og:image\" content=\"http:\/\/www.festival-armoricourt.com\/wp-content\/uploads\/2015\/02\/Armoricourt_Gde.resized1.jpg\" \/>\n<meta name=\"twitter:card\" content=\"summary_large_image\" \/>\n<meta name=\"twitter:label1\" content=\"Dur\u00e9e de lecture estim\u00e9e\" \/>\n\t<meta name=\"twitter:data1\" content=\"2 minutes\" \/>\n<script type=\"application\/ld+json\" class=\"yoast-schema-graph\">{\"@context\":\"https:\/\/schema.org\",\"@graph\":[{\"@type\":\"WebPage\",\"@id\":\"https:\/\/festival-armoricourt.com\/index.php\/les-editions-precedentes\/\",\"url\":\"https:\/\/festival-armoricourt.com\/index.php\/les-editions-precedentes\/\",\"name\":\"\u00c9DITIONS PR\u00c9C\u00c9DENTES - Festival Armoricourt\",\"isPartOf\":{\"@id\":\"https:\/\/festival-armoricourt.com\/#website\"},\"primaryImageOfPage\":{\"@id\":\"https:\/\/festival-armoricourt.com\/index.php\/les-editions-precedentes\/#primaryimage\"},\"image\":{\"@id\":\"https:\/\/festival-armoricourt.com\/index.php\/les-editions-precedentes\/#primaryimage\"},\"thumbnailUrl\":\"http:\/\/www.festival-armoricourt.com\/wp-content\/uploads\/2015\/02\/Armoricourt_Gde.resized1.jpg\",\"datePublished\":\"2013-01-08T17:27:15+00:00\",\"breadcrumb\":{\"@id\":\"https:\/\/festival-armoricourt.com\/index.php\/les-editions-precedentes\/#breadcrumb\"},\"inLanguage\":\"fr-FR\",\"potentialAction\":[{\"@type\":\"ReadAction\",\"target\":[\"https:\/\/festival-armoricourt.com\/index.php\/les-editions-precedentes\/\"]}]},{\"@type\":\"ImageObject\",\"inLanguage\":\"fr-FR\",\"@id\":\"https:\/\/festival-armoricourt.com\/index.php\/les-editions-precedentes\/#primaryimage\",\"url\":\"http:\/\/www.festival-armoricourt.com\/wp-content\/uploads\/2015\/02\/Armoricourt_Gde.resized1.jpg\",\"contentUrl\":\"http:\/\/www.festival-armoricourt.com\/wp-content\/uploads\/2015\/02\/Armoricourt_Gde.resized1.jpg\"},{\"@type\":\"BreadcrumbList\",\"@id\":\"https:\/\/festival-armoricourt.com\/index.php\/les-editions-precedentes\/#breadcrumb\",\"itemListElement\":[{\"@type\":\"ListItem\",\"position\":1,\"name\":\"Accueil\",\"item\":\"https:\/\/festival-armoricourt.com\/\"},{\"@type\":\"ListItem\",\"position\":2,\"name\":\"\u00c9DITIONS PR\u00c9C\u00c9DENTES\"}]},{\"@type\":\"WebSite\",\"@id\":\"https:\/\/festival-armoricourt.com\/#website\",\"url\":\"https:\/\/festival-armoricourt.com\/\",\"name\":\"Festival Armoricourt\",\"description\":\"Decouvrir des courts m\u00e9trages de qualit\u00e9, et rencontrer ceux qui les font\",\"publisher\":{\"@id\":\"https:\/\/festival-armoricourt.com\/#organization\"},\"potentialAction\":[{\"@type\":\"SearchAction\",\"target\":{\"@type\":\"EntryPoint\",\"urlTemplate\":\"https:\/\/festival-armoricourt.com\/?s={search_term_string}\"},\"query-input\":{\"@type\":\"PropertyValueSpecification\",\"valueRequired\":true,\"valueName\":\"search_term_string\"}}],\"inLanguage\":\"fr-FR\"},{\"@type\":\"Organization\",\"@id\":\"https:\/\/festival-armoricourt.com\/#organization\",\"name\":\"Armoricourt\",\"url\":\"https:\/\/festival-armoricourt.com\/\",\"logo\":{\"@type\":\"ImageObject\",\"inLanguage\":\"fr-FR\",\"@id\":\"https:\/\/festival-armoricourt.com\/#\/schema\/logo\/image\/\",\"url\":\"https:\/\/festival-armoricourt.com\/wp-content\/uploads\/2023\/10\/cropped-2023-logo-armoricourt-1280.jpg\",\"contentUrl\":\"https:\/\/festival-armoricourt.com\/wp-content\/uploads\/2023\/10\/cropped-2023-logo-armoricourt-1280.jpg\",\"width\":1280,\"height\":351,\"caption\":\"Armoricourt\"},\"image\":{\"@id\":\"https:\/\/festival-armoricourt.com\/#\/schema\/logo\/image\/\"},\"sameAs\":[\"https:\/\/www.facebook.com\/armoricourt\"]}]}<\/script>\n<!-- \/ Yoast SEO plugin. -->","yoast_head_json":{"title":"\u00c9DITIONS PR\u00c9C\u00c9DENTES - Festival Armoricourt","robots":{"index":"index","follow":"follow","max-snippet":"max-snippet:-1","max-image-preview":"max-image-preview:large","max-video-preview":"max-video-preview:-1"},"canonical":"https:\/\/festival-armoricourt.com\/index.php\/les-editions-precedentes\/","og_locale":"fr_FR","og_type":"article","og_title":"\u00c9DITIONS PR\u00c9C\u00c9DENTES - Festival Armoricourt","og_description":"A l&rsquo;origine Pour tout savoir sur la gen\u00e8se du Festival Armoricourt et donc sa premi\u00e8re \u00e9dition, consultez cet article Flash-back sur les \u00e9ditions pass\u00e9es En cliquant sur les vignettes suivantes vous acc\u00e9derez au \u00e9ditions pr\u00e9c\u00e9dentes du Festival. La 7\u00e8me \u00e9dition, les 20, 21, et 22 Mars 2015 La 6\u00e8me \u00e9dition, les 14, 15, et 16 [&hellip;]","og_url":"https:\/\/festival-armoricourt.com\/index.php\/les-editions-precedentes\/","og_site_name":"Festival Armoricourt","article_publisher":"https:\/\/www.facebook.com\/armoricourt","og_image":[{"url":"http:\/\/www.festival-armoricourt.com\/wp-content\/uploads\/2015\/02\/Armoricourt_Gde.resized1.jpg","type":"","width":"","height":""}],"twitter_card":"summary_large_image","twitter_misc":{"Dur\u00e9e de lecture estim\u00e9e":"2 minutes"},"schema":{"@context":"https:\/\/schema.org","@graph":[{"@type":"WebPage","@id":"https:\/\/festival-armoricourt.com\/index.php\/les-editions-precedentes\/","url":"https:\/\/festival-armoricourt.com\/index.php\/les-editions-precedentes\/","name":"\u00c9DITIONS PR\u00c9C\u00c9DENTES - Festival Armoricourt","isPartOf":{"@id":"https:\/\/festival-armoricourt.com\/#website"},"primaryImageOfPage":{"@id":"https:\/\/festival-armoricourt.com\/index.php\/les-editions-precedentes\/#primaryimage"},"image":{"@id":"https:\/\/festival-armoricourt.com\/index.php\/les-editions-precedentes\/#primaryimage"},"thumbnailUrl":"http:\/\/www.festival-armoricourt.com\/wp-content\/uploads\/2015\/02\/Armoricourt_Gde.resized1.jpg","datePublished":"2013-01-08T17:27:15+00:00","breadcrumb":{"@id":"https:\/\/festival-armoricourt.com\/index.php\/les-editions-precedentes\/#breadcrumb"},"inLanguage":"fr-FR","potentialAction":[{"@type":"ReadAction","target":["https:\/\/festival-armoricourt.com\/index.php\/les-editions-precedentes\/"]}]},{"@type":"ImageObject","inLanguage":"fr-FR","@id":"https:\/\/festival-armoricourt.com\/index.php\/les-editions-precedentes\/#primaryimage","url":"http:\/\/www.festival-armoricourt.com\/wp-content\/uploads\/2015\/02\/Armoricourt_Gde.resized1.jpg","contentUrl":"http:\/\/www.festival-armoricourt.com\/wp-content\/uploads\/2015\/02\/Armoricourt_Gde.resized1.jpg"},{"@type":"BreadcrumbList","@id":"https:\/\/festival-armoricourt.com\/index.php\/les-editions-precedentes\/#breadcrumb","itemListElement":[{"@type":"ListItem","position":1,"name":"Accueil","item":"https:\/\/festival-armoricourt.com\/"},{"@type":"ListItem","position":2,"name":"\u00c9DITIONS PR\u00c9C\u00c9DENTES"}]},{"@type":"WebSite","@id":"https:\/\/festival-armoricourt.com\/#website","url":"https:\/\/festival-armoricourt.com\/","name":"Festival Armoricourt","description":"Decouvrir des courts m\u00e9trages de qualit\u00e9, et rencontrer ceux qui les font","publisher":{"@id":"https:\/\/festival-armoricourt.com\/#organization"},"potentialAction":[{"@type":"SearchAction","target":{"@type":"EntryPoint","urlTemplate":"https:\/\/festival-armoricourt.com\/?s={search_term_string}"},"query-input":{"@type":"PropertyValueSpecification","valueRequired":true,"valueName":"search_term_string"}}],"inLanguage":"fr-FR"},{"@type":"Organization","@id":"https:\/\/festival-armoricourt.com\/#organization","name":"Armoricourt","url":"https:\/\/festival-armoricourt.com\/","logo":{"@type":"ImageObject","inLanguage":"fr-FR","@id":"https:\/\/festival-armoricourt.com\/#\/schema\/logo\/image\/","url":"https:\/\/festival-armoricourt.com\/wp-content\/uploads\/2023\/10\/cropped-2023-logo-armoricourt-1280.jpg","contentUrl":"https:\/\/festival-armoricourt.com\/wp-content\/uploads\/2023\/10\/cropped-2023-logo-armoricourt-1280.jpg","width":1280,"height":351,"caption":"Armoricourt"},"image":{"@id":"https:\/\/festival-armoricourt.com\/#\/schema\/logo\/image\/"},"sameAs":["https:\/\/www.facebook.com\/armoricourt"]}]}},"_links":{"self":[{"href":"https:\/\/festival-armoricourt.com\/index.php\/wp-json\/wp\/v2\/pages\/6517","targetHints":{"allow":["GET"]}}],"collection":[{"href":"https:\/\/festival-armoricourt.com\/index.php\/wp-json\/wp\/v2\/pages"}],"about":[{"href":"https:\/\/festival-armoricourt.com\/index.php\/wp-json\/wp\/v2\/types\/page"}],"author":[{"embeddable":true,"href":"https:\/\/festival-armoricourt.com\/index.php\/wp-json\/wp\/v2\/users\/2"}],"replies":[{"embeddable":true,"href":"https:\/\/festival-armoricourt.com\/index.php\/wp-json\/wp\/v2\/comments?post=6517"}],"version-history":[{"count":0,"href":"https:\/\/festival-armoricourt.com\/index.php\/wp-json\/wp\/v2\/pages\/6517\/revisions"}],"wp:attachment":[{"href":"https:\/\/festival-armoricourt.com\/index.php\/wp-json\/wp\/v2\/media?parent=6517"}],"curies":[{"name":"wp","href":"https:\/\/api.w.org\/{rel}","templated":true}]}}