{"id":6321,"date":"2022-11-01T18:54:01","date_gmt":"2022-11-01T17:54:01","guid":{"rendered":"https:\/\/www.festival-armoricourt.com\/?page_id=6321"},"modified":"2024-02-15T18:29:48","modified_gmt":"2024-02-15T17:29:48","slug":"programme-ed-13-2021","status":"publish","type":"page","link":"https:\/\/festival-armoricourt.com\/index.php\/edition-2021\/programme-ed-13-2021\/","title":{"rendered":"PROGRAMME ED 13 &#8211; 2021"},"content":{"rendered":"\n<h2 class=\"wp-block-heading\">Jeudi 25\/11\/2021 &#8211; 20:00<\/h2>\n\n\n\n<p><strong>Suite Armoricaine<\/strong><\/p>\n\n\n\n<figure class=\"wp-block-image size-medium\"><a href=\"https:\/\/www.festival-armoricourt.com\/wp-content\/uploads\/2021\/09\/suite-armoricaine.jpg\"><img decoding=\"async\" src=\"https:\/\/www.festival-armoricourt.com\/wp-content\/uploads\/2021\/09\/suite-armoricaine-210x300.jpg\" alt=\"\" class=\"wp-image-5560\"\/><\/a><\/figure>\n\n\n\n<p>Un film long m\u00e9trage de Pascale Breton, invit\u00e9e d&rsquo;honneur du Festival<\/p>\n\n\n\n<p>Dur\u00e9e 2h28 &#8211; Mars 2016<br \/>Production Zadig Films<br \/><span style=\"text-decoration: underline;\">Synopsis<\/span><br \/>Une ann\u00e9e universitaire \u00e0 Rennes v\u00e9cue par deux personnages dont les destins s\u2019entrelacent : Fran\u00e7oise, enseignante en histoire de l\u2019art et Ion, \u00e9tudiant en g\u00e9ographie. Trop occup\u00e9s \u00e0 fuir leurs fant\u00f4mes, ils ignorent qu\u2019ils ont un pass\u00e9 en commun.<\/p>\n\n\n\n<p>************<\/p>\n\n\n\n<h2 class=\"wp-block-heading\">Vendredi 26\/11\/2021 &#8211; 20:30<\/h2>\n\n\n\n<p><strong>Les mauvais gar\u00e7ons<\/strong><\/p>\n\n\n\n<figure class=\"wp-block-image size-medium\"><a href=\"https:\/\/www.festival-armoricourt.com\/wp-content\/uploads\/2021\/09\/Les-mauvais-garcons.jpg\"><img decoding=\"async\" src=\"https:\/\/www.festival-armoricourt.com\/wp-content\/uploads\/2021\/09\/Les-mauvais-garcons-300x300.jpg\" alt=\"\" class=\"wp-image-5568\"\/><\/a><\/figure>\n\n\n\n<p>Un film de \u00c9lie Girard<br \/>Production : Films Grand Huit<br \/>Dur\u00e9e : 39 minutes<br \/>Com\u00e9die sociale, Drame<br \/><span style=\"text-decoration: underline;\">Synopsis<\/span><\/p>\n\n\n\n<p>Frites, bi\u00e8res et r\u00e9cits de \u201cdates\u201d Tinder\u2026 D\u00e9laiss\u00e9s par leur meilleur ami en passe d\u2019\u00eatre papa, deux trentenaires tentent de r\u00e9inventer leur amiti\u00e9.<\/p>\n\n\n\n<p>******<br \/><strong>Personne ne manque<\/strong><\/p>\n\n\n\n<figure class=\"wp-block-image size-medium\"><a href=\"https:\/\/www.festival-armoricourt.com\/wp-content\/uploads\/2021\/09\/personne-ne-manque.jpg\"><img decoding=\"async\" src=\"https:\/\/www.festival-armoricourt.com\/wp-content\/uploads\/2021\/09\/personne-ne-manque-225x300.jpg\" alt=\"\" class=\"wp-image-5569\"\/><\/a><\/figure>\n\n\n\n<p>Un film de Frank Gu\u00e9rin<br \/>Production : Folle Allure<br \/>Dur\u00e9e : 39 minutes<br \/>Com\u00e9die dramatique<br \/><span style=\"text-decoration: underline;\">Synopsi<\/span><strong>s<\/strong><\/p>\n\n\n\n<p>Suzanne se serait bien pass\u00e9e de revenir dans cette campagne qui l\u2019a vue grandir. C\u2019est son fre\u0300re Anton qui a insiste\u0301 pour qu\u2019elle revoie enfin leur pe\u0300re. Avant qu\u2019il ne soit trop tard ? Il faut dire que depuis quelque temps le vieil homme perd totalement la te\u0302te. Si les retrouvailles s\u2019annoncent complique\u0301es, ce que ne sait pas encore Anton, c\u2019est que le retour d\u2019une s\u0153ur peut bouleverser bien des vies. A\u0300 commencer par la sienne.<\/p>\n\n\n\n<p>************<\/p>\n\n\n\n<h2 class=\"wp-block-heading\">Samedi 27\/11 &#8211; 17:00<\/h2>\n\n\n\n<p><strong>Les mauvaises habitudes<\/strong><\/p>\n\n\n\n<figure class=\"wp-block-image size-medium\"><a href=\"https:\/\/www.festival-armoricourt.com\/wp-content\/uploads\/2021\/09\/Les-mauvaides-habitudes.jpg\"><img decoding=\"async\" src=\"https:\/\/www.festival-armoricourt.com\/wp-content\/uploads\/2021\/09\/Les-mauvaides-habitudes-221x300.jpg\" alt=\"\" class=\"wp-image-5570\"\/><\/a><\/figure>\n\n\n\n<p>Un film de Hugues Perrot et Laura Thuillier<br \/>Production : Hippocampe Productions<br \/>Dur\u00e9e : 46 minutes<br \/>Com\u00e9die dramatique<br \/><span style=\"text-decoration: underline;\">Synopsis<\/span><\/p>\n\n\n\n<p>Bianca ne sait plus comment vivre. Elle interroge ses amis sur leur vie quotidienne mais \u00e7a ne l\u2019aide pas. Alors, elle va plus loin et se met \u00e0 les espionner gr\u00e2ce \u00e0 de petites cam\u00e9ras qu\u2019elle cache chez eux. En les observant, elle esp\u00e8re oublier sa propre peine et d\u00e9couvrir un peu de la leur.<\/p>\n\n\n\n<p>******<br \/><strong>Elle nous regarde<\/strong><\/p>\n\n\n\n<figure class=\"wp-block-image size-medium\"><a href=\"https:\/\/www.festival-armoricourt.com\/wp-content\/uploads\/2021\/09\/Elle-nous-regarde.jpg\"><img decoding=\"async\" src=\"https:\/\/www.festival-armoricourt.com\/wp-content\/uploads\/2021\/09\/Elle-nous-regarde-225x300.jpg\" alt=\"\" class=\"wp-image-5577\"\/><\/a><\/figure>\n\n\n\n<p>Un film de Lyna Zerrouki<br \/>Production : Bandini Films<br \/>Dur\u00e9e : 46 minutes<br \/>Drame psychologique<br \/><span style=\"text-decoration: underline;\">Synopsis<\/span><\/p>\n\n\n\n<p>Rayan, un jeune boxeur fran\u00e7ais d\u2019origine alg\u00e9rienne, perd sa m\u00e8re. Comme le veut la tradition, il se doit d\u2019accompagner sa d\u00e9pouille dans son pays natal. L\u00e0-bas, il y rencontre pour la premi\u00e8re fois sa famille, g\u00e9r\u00e9e de mani\u00e8re patriarcale par son oncle. Au gr\u00e9 des discussions, Rayan comprend qu\u2019il existe un lourd conflit familial. Pour lui, un nouveau combat d\u00e9bute.<\/p>\n\n\n\n<p>************<\/p>\n\n\n\n<h2 class=\"wp-block-heading\">Samedi 27\/11 &#8211; 20:30<\/h2>\n\n\n\n<p><strong>\u00c9va voudrait<\/strong><\/p>\n\n\n\n<figure class=\"wp-block-image size-medium\"><a href=\"https:\/\/www.festival-armoricourt.com\/wp-content\/uploads\/2021\/09\/Eva-voudrait.jpg\"><img decoding=\"async\" src=\"https:\/\/www.festival-armoricourt.com\/wp-content\/uploads\/2021\/09\/Eva-voudrait-212x300.jpg\" alt=\"\" class=\"wp-image-5578\"\/><\/a><\/figure>\n\n\n\n<p>Un film de Lisa Diaz<br \/>Production : \u00c0 Perte de Vue<br \/>Dur\u00e9e : 55 minutes<br \/>Com\u00e9die, Com\u00e9die sociale<br \/><span style=\"text-decoration: underline;\">Synopsis<\/span><\/p>\n\n\n\n<p>\u00c9va, trente-neuf ans, vit seule. Elle voudrait un enfant. Elle n\u2019a peut-e\u0302tre plus beaucoup de temps devant elle. Un gyne\u0301cologue vient de lui annoncer qu\u2019elle avait une \u201cre\u0301serve ovarienne de\u0301plorable\u201d. Un compte a\u0300 rebours s\u2019enclenche. Mais elle est instinctive, un peu de\u0301sordonne\u0301e et son plan de bataille manque de pre\u0301cision.<\/p>\n\n\n\n<p>******<br \/><strong>Marylou<\/strong><\/p>\n\n\n\n<figure class=\"wp-block-image size-medium\"><a href=\"https:\/\/www.festival-armoricourt.com\/wp-content\/uploads\/2021\/09\/MARYLOU-FILM-scaled.jpg\"><img decoding=\"async\" src=\"https:\/\/www.festival-armoricourt.com\/wp-content\/uploads\/2021\/09\/MARYLOU-FILM-205x300.jpg\" alt=\"\" class=\"wp-image-5603\"\/><\/a><\/figure>\n\n\n\n<p>Un film de Paul Germain<br \/>Production :<br \/>Dur\u00e9e : 43 minutes<br \/>Com\u00e9die, Com\u00e9die sentimentale<br \/><span style=\"text-decoration: underline;\">Synopsis<\/span><br \/>Trois ans apr\u00e8s la fin du lyc\u00e9e, trois amis de longue date d\u00e9cident de se revoir lors d\u2019un soir d\u2019Halloween. L\u2019un d\u2019entre eux, Simon, veut absolument profiter de la soir\u00e9e pour retrouver une jeune fille qui lui a donn\u00e9 son num\u00e9ro un peu plus t\u00f4t, une certaine Marylou \u2026<\/p>\n","protected":false},"excerpt":{"rendered":"<p>Jeudi 25\/11\/2021 &#8211; 20:00 Suite Armoricaine Un film long m\u00e9trage de Pascale Breton, invit\u00e9e d&rsquo;honneur du Festival Dur\u00e9e 2h28 &#8211; Mars 2016Production Zadig FilmsSynopsisUne ann\u00e9e universitaire \u00e0 Rennes v\u00e9cue par deux personnages dont les destins s\u2019entrelacent : Fran\u00e7oise, enseignante en histoire de l\u2019art et Ion, \u00e9tudiant en g\u00e9ographie. Trop occup\u00e9s \u00e0 fuir leurs fant\u00f4mes, ils [&hellip;]<\/p>\n","protected":false},"author":3,"featured_media":0,"parent":1519,"menu_order":0,"comment_status":"closed","ping_status":"closed","template":"","meta":{"ocean_post_layout":"","ocean_both_sidebars_style":"","ocean_both_sidebars_content_width":0,"ocean_both_sidebars_sidebars_width":0,"ocean_sidebar":"0","ocean_second_sidebar":"0","ocean_disable_margins":"enable","ocean_add_body_class":"","ocean_shortcode_before_top_bar":"","ocean_shortcode_after_top_bar":"","ocean_shortcode_before_header":"","ocean_shortcode_after_header":"","ocean_has_shortcode":"","ocean_shortcode_after_title":"","ocean_shortcode_before_footer_widgets":"","ocean_shortcode_after_footer_widgets":"","ocean_shortcode_before_footer_bottom":"","ocean_shortcode_after_footer_bottom":"","ocean_display_top_bar":"default","ocean_display_header":"default","ocean_header_style":"","ocean_center_header_left_menu":"0","ocean_custom_header_template":"0","ocean_custom_logo":0,"ocean_custom_retina_logo":0,"ocean_custom_logo_max_width":0,"ocean_custom_logo_tablet_max_width":0,"ocean_custom_logo_mobile_max_width":0,"ocean_custom_logo_max_height":0,"ocean_custom_logo_tablet_max_height":0,"ocean_custom_logo_mobile_max_height":0,"ocean_header_custom_menu":"0","ocean_menu_typo_font_family":"0","ocean_menu_typo_font_subset":"","ocean_menu_typo_font_size":0,"ocean_menu_typo_font_size_tablet":0,"ocean_menu_typo_font_size_mobile":0,"ocean_menu_typo_font_size_unit":"px","ocean_menu_typo_font_weight":"","ocean_menu_typo_font_weight_tablet":"","ocean_menu_typo_font_weight_mobile":"","ocean_menu_typo_transform":"","ocean_menu_typo_transform_tablet":"","ocean_menu_typo_transform_mobile":"","ocean_menu_typo_line_height":0,"ocean_menu_typo_line_height_tablet":0,"ocean_menu_typo_line_height_mobile":0,"ocean_menu_typo_line_height_unit":"","ocean_menu_typo_spacing":0,"ocean_menu_typo_spacing_tablet":0,"ocean_menu_typo_spacing_mobile":0,"ocean_menu_typo_spacing_unit":"","ocean_menu_link_color":"","ocean_menu_link_color_hover":"","ocean_menu_link_color_active":"","ocean_menu_link_background":"","ocean_menu_link_hover_background":"","ocean_menu_link_active_background":"","ocean_menu_social_links_bg":"","ocean_menu_social_hover_links_bg":"","ocean_menu_social_links_color":"","ocean_menu_social_hover_links_color":"","ocean_disable_title":"default","ocean_disable_heading":"default","ocean_post_title":"","ocean_post_subheading":"","ocean_post_title_style":"","ocean_post_title_background_color":"","ocean_post_title_background":0,"ocean_post_title_bg_image_position":"","ocean_post_title_bg_image_attachment":"","ocean_post_title_bg_image_repeat":"","ocean_post_title_bg_image_size":"","ocean_post_title_height":0,"ocean_post_title_bg_overlay":0.5,"ocean_post_title_bg_overlay_color":"","ocean_disable_breadcrumbs":"default","ocean_breadcrumbs_color":"","ocean_breadcrumbs_separator_color":"","ocean_breadcrumbs_links_color":"","ocean_breadcrumbs_links_hover_color":"","ocean_display_footer_widgets":"default","ocean_display_footer_bottom":"default","ocean_custom_footer_template":"0","footnotes":""},"class_list":["post-6321","page","type-page","status-publish","hentry","entry"],"yoast_head":"<!-- This site is optimized with the Yoast SEO plugin v27.0 - https:\/\/yoast.com\/product\/yoast-seo-wordpress\/ -->\n<title>PROGRAMME ED 13 - 2021 - Festival Armoricourt<\/title>\n<meta name=\"robots\" content=\"index, follow, max-snippet:-1, max-image-preview:large, max-video-preview:-1\" \/>\n<link rel=\"canonical\" href=\"https:\/\/festival-armoricourt.com\/index.php\/edition-2021\/programme-ed-13-2021\/\" \/>\n<meta property=\"og:locale\" content=\"fr_FR\" \/>\n<meta property=\"og:type\" content=\"article\" \/>\n<meta property=\"og:title\" content=\"PROGRAMME ED 13 - 2021 - Festival Armoricourt\" \/>\n<meta property=\"og:description\" content=\"Jeudi 25\/11\/2021 &#8211; 20:00 Suite Armoricaine Un film long m\u00e9trage de Pascale Breton, invit\u00e9e d&rsquo;honneur du Festival Dur\u00e9e 2h28 &#8211; Mars 2016Production Zadig FilmsSynopsisUne ann\u00e9e universitaire \u00e0 Rennes v\u00e9cue par deux personnages dont les destins s\u2019entrelacent : Fran\u00e7oise, enseignante en histoire de l\u2019art et Ion, \u00e9tudiant en g\u00e9ographie. Trop occup\u00e9s \u00e0 fuir leurs fant\u00f4mes, ils [&hellip;]\" \/>\n<meta property=\"og:url\" content=\"https:\/\/festival-armoricourt.com\/index.php\/edition-2021\/programme-ed-13-2021\/\" \/>\n<meta property=\"og:site_name\" content=\"Festival Armoricourt\" \/>\n<meta property=\"article:publisher\" content=\"https:\/\/www.facebook.com\/armoricourt\" \/>\n<meta property=\"article:modified_time\" content=\"2024-02-15T17:29:48+00:00\" \/>\n<meta property=\"og:image\" content=\"https:\/\/www.festival-armoricourt.com\/wp-content\/uploads\/2021\/09\/suite-armoricaine-210x300.jpg\" \/>\n<meta name=\"twitter:card\" content=\"summary_large_image\" \/>\n<meta name=\"twitter:label1\" content=\"Dur\u00e9e de lecture estim\u00e9e\" \/>\n\t<meta name=\"twitter:data1\" content=\"4 minutes\" \/>\n<script type=\"application\/ld+json\" class=\"yoast-schema-graph\">{\"@context\":\"https:\/\/schema.org\",\"@graph\":[{\"@type\":\"WebPage\",\"@id\":\"https:\/\/festival-armoricourt.com\/index.php\/edition-2021\/programme-ed-13-2021\/\",\"url\":\"https:\/\/festival-armoricourt.com\/index.php\/edition-2021\/programme-ed-13-2021\/\",\"name\":\"PROGRAMME ED 13 - 2021 - Festival Armoricourt\",\"isPartOf\":{\"@id\":\"https:\/\/festival-armoricourt.com\/#website\"},\"primaryImageOfPage\":{\"@id\":\"https:\/\/festival-armoricourt.com\/index.php\/edition-2021\/programme-ed-13-2021\/#primaryimage\"},\"image\":{\"@id\":\"https:\/\/festival-armoricourt.com\/index.php\/edition-2021\/programme-ed-13-2021\/#primaryimage\"},\"thumbnailUrl\":\"https:\/\/www.festival-armoricourt.com\/wp-content\/uploads\/2021\/09\/suite-armoricaine-210x300.jpg\",\"datePublished\":\"2022-11-01T17:54:01+00:00\",\"dateModified\":\"2024-02-15T17:29:48+00:00\",\"breadcrumb\":{\"@id\":\"https:\/\/festival-armoricourt.com\/index.php\/edition-2021\/programme-ed-13-2021\/#breadcrumb\"},\"inLanguage\":\"fr-FR\",\"potentialAction\":[{\"@type\":\"ReadAction\",\"target\":[\"https:\/\/festival-armoricourt.com\/index.php\/edition-2021\/programme-ed-13-2021\/\"]}]},{\"@type\":\"ImageObject\",\"inLanguage\":\"fr-FR\",\"@id\":\"https:\/\/festival-armoricourt.com\/index.php\/edition-2021\/programme-ed-13-2021\/#primaryimage\",\"url\":\"https:\/\/www.festival-armoricourt.com\/wp-content\/uploads\/2021\/09\/suite-armoricaine-210x300.jpg\",\"contentUrl\":\"https:\/\/www.festival-armoricourt.com\/wp-content\/uploads\/2021\/09\/suite-armoricaine-210x300.jpg\"},{\"@type\":\"BreadcrumbList\",\"@id\":\"https:\/\/festival-armoricourt.com\/index.php\/edition-2021\/programme-ed-13-2021\/#breadcrumb\",\"itemListElement\":[{\"@type\":\"ListItem\",\"position\":1,\"name\":\"Accueil\",\"item\":\"https:\/\/festival-armoricourt.com\/\"},{\"@type\":\"ListItem\",\"position\":2,\"name\":\"\u00c9DITION 13 &#8211; 2021\",\"item\":\"https:\/\/festival-armoricourt.com\/index.php\/edition-2021\/\"},{\"@type\":\"ListItem\",\"position\":3,\"name\":\"PROGRAMME ED 13 &#8211; 2021\"}]},{\"@type\":\"WebSite\",\"@id\":\"https:\/\/festival-armoricourt.com\/#website\",\"url\":\"https:\/\/festival-armoricourt.com\/\",\"name\":\"Festival Armoricourt\",\"description\":\"Decouvrir des courts m\u00e9trages de qualit\u00e9, et rencontrer ceux qui les font\",\"publisher\":{\"@id\":\"https:\/\/festival-armoricourt.com\/#organization\"},\"potentialAction\":[{\"@type\":\"SearchAction\",\"target\":{\"@type\":\"EntryPoint\",\"urlTemplate\":\"https:\/\/festival-armoricourt.com\/?s={search_term_string}\"},\"query-input\":{\"@type\":\"PropertyValueSpecification\",\"valueRequired\":true,\"valueName\":\"search_term_string\"}}],\"inLanguage\":\"fr-FR\"},{\"@type\":\"Organization\",\"@id\":\"https:\/\/festival-armoricourt.com\/#organization\",\"name\":\"Armoricourt\",\"url\":\"https:\/\/festival-armoricourt.com\/\",\"logo\":{\"@type\":\"ImageObject\",\"inLanguage\":\"fr-FR\",\"@id\":\"https:\/\/festival-armoricourt.com\/#\/schema\/logo\/image\/\",\"url\":\"https:\/\/festival-armoricourt.com\/wp-content\/uploads\/2023\/10\/cropped-2023-logo-armoricourt-1280.jpg\",\"contentUrl\":\"https:\/\/festival-armoricourt.com\/wp-content\/uploads\/2023\/10\/cropped-2023-logo-armoricourt-1280.jpg\",\"width\":1280,\"height\":351,\"caption\":\"Armoricourt\"},\"image\":{\"@id\":\"https:\/\/festival-armoricourt.com\/#\/schema\/logo\/image\/\"},\"sameAs\":[\"https:\/\/www.facebook.com\/armoricourt\"]}]}<\/script>\n<!-- \/ Yoast SEO plugin. -->","yoast_head_json":{"title":"PROGRAMME ED 13 - 2021 - Festival Armoricourt","robots":{"index":"index","follow":"follow","max-snippet":"max-snippet:-1","max-image-preview":"max-image-preview:large","max-video-preview":"max-video-preview:-1"},"canonical":"https:\/\/festival-armoricourt.com\/index.php\/edition-2021\/programme-ed-13-2021\/","og_locale":"fr_FR","og_type":"article","og_title":"PROGRAMME ED 13 - 2021 - Festival Armoricourt","og_description":"Jeudi 25\/11\/2021 &#8211; 20:00 Suite Armoricaine Un film long m\u00e9trage de Pascale Breton, invit\u00e9e d&rsquo;honneur du Festival Dur\u00e9e 2h28 &#8211; Mars 2016Production Zadig FilmsSynopsisUne ann\u00e9e universitaire \u00e0 Rennes v\u00e9cue par deux personnages dont les destins s\u2019entrelacent : Fran\u00e7oise, enseignante en histoire de l\u2019art et Ion, \u00e9tudiant en g\u00e9ographie. Trop occup\u00e9s \u00e0 fuir leurs fant\u00f4mes, ils [&hellip;]","og_url":"https:\/\/festival-armoricourt.com\/index.php\/edition-2021\/programme-ed-13-2021\/","og_site_name":"Festival Armoricourt","article_publisher":"https:\/\/www.facebook.com\/armoricourt","article_modified_time":"2024-02-15T17:29:48+00:00","og_image":[{"url":"https:\/\/www.festival-armoricourt.com\/wp-content\/uploads\/2021\/09\/suite-armoricaine-210x300.jpg","type":"","width":"","height":""}],"twitter_card":"summary_large_image","twitter_misc":{"Dur\u00e9e de lecture estim\u00e9e":"4 minutes"},"schema":{"@context":"https:\/\/schema.org","@graph":[{"@type":"WebPage","@id":"https:\/\/festival-armoricourt.com\/index.php\/edition-2021\/programme-ed-13-2021\/","url":"https:\/\/festival-armoricourt.com\/index.php\/edition-2021\/programme-ed-13-2021\/","name":"PROGRAMME ED 13 - 2021 - Festival Armoricourt","isPartOf":{"@id":"https:\/\/festival-armoricourt.com\/#website"},"primaryImageOfPage":{"@id":"https:\/\/festival-armoricourt.com\/index.php\/edition-2021\/programme-ed-13-2021\/#primaryimage"},"image":{"@id":"https:\/\/festival-armoricourt.com\/index.php\/edition-2021\/programme-ed-13-2021\/#primaryimage"},"thumbnailUrl":"https:\/\/www.festival-armoricourt.com\/wp-content\/uploads\/2021\/09\/suite-armoricaine-210x300.jpg","datePublished":"2022-11-01T17:54:01+00:00","dateModified":"2024-02-15T17:29:48+00:00","breadcrumb":{"@id":"https:\/\/festival-armoricourt.com\/index.php\/edition-2021\/programme-ed-13-2021\/#breadcrumb"},"inLanguage":"fr-FR","potentialAction":[{"@type":"ReadAction","target":["https:\/\/festival-armoricourt.com\/index.php\/edition-2021\/programme-ed-13-2021\/"]}]},{"@type":"ImageObject","inLanguage":"fr-FR","@id":"https:\/\/festival-armoricourt.com\/index.php\/edition-2021\/programme-ed-13-2021\/#primaryimage","url":"https:\/\/www.festival-armoricourt.com\/wp-content\/uploads\/2021\/09\/suite-armoricaine-210x300.jpg","contentUrl":"https:\/\/www.festival-armoricourt.com\/wp-content\/uploads\/2021\/09\/suite-armoricaine-210x300.jpg"},{"@type":"BreadcrumbList","@id":"https:\/\/festival-armoricourt.com\/index.php\/edition-2021\/programme-ed-13-2021\/#breadcrumb","itemListElement":[{"@type":"ListItem","position":1,"name":"Accueil","item":"https:\/\/festival-armoricourt.com\/"},{"@type":"ListItem","position":2,"name":"\u00c9DITION 13 &#8211; 2021","item":"https:\/\/festival-armoricourt.com\/index.php\/edition-2021\/"},{"@type":"ListItem","position":3,"name":"PROGRAMME ED 13 &#8211; 2021"}]},{"@type":"WebSite","@id":"https:\/\/festival-armoricourt.com\/#website","url":"https:\/\/festival-armoricourt.com\/","name":"Festival Armoricourt","description":"Decouvrir des courts m\u00e9trages de qualit\u00e9, et rencontrer ceux qui les font","publisher":{"@id":"https:\/\/festival-armoricourt.com\/#organization"},"potentialAction":[{"@type":"SearchAction","target":{"@type":"EntryPoint","urlTemplate":"https:\/\/festival-armoricourt.com\/?s={search_term_string}"},"query-input":{"@type":"PropertyValueSpecification","valueRequired":true,"valueName":"search_term_string"}}],"inLanguage":"fr-FR"},{"@type":"Organization","@id":"https:\/\/festival-armoricourt.com\/#organization","name":"Armoricourt","url":"https:\/\/festival-armoricourt.com\/","logo":{"@type":"ImageObject","inLanguage":"fr-FR","@id":"https:\/\/festival-armoricourt.com\/#\/schema\/logo\/image\/","url":"https:\/\/festival-armoricourt.com\/wp-content\/uploads\/2023\/10\/cropped-2023-logo-armoricourt-1280.jpg","contentUrl":"https:\/\/festival-armoricourt.com\/wp-content\/uploads\/2023\/10\/cropped-2023-logo-armoricourt-1280.jpg","width":1280,"height":351,"caption":"Armoricourt"},"image":{"@id":"https:\/\/festival-armoricourt.com\/#\/schema\/logo\/image\/"},"sameAs":["https:\/\/www.facebook.com\/armoricourt"]}]}},"_links":{"self":[{"href":"https:\/\/festival-armoricourt.com\/index.php\/wp-json\/wp\/v2\/pages\/6321","targetHints":{"allow":["GET"]}}],"collection":[{"href":"https:\/\/festival-armoricourt.com\/index.php\/wp-json\/wp\/v2\/pages"}],"about":[{"href":"https:\/\/festival-armoricourt.com\/index.php\/wp-json\/wp\/v2\/types\/page"}],"author":[{"embeddable":true,"href":"https:\/\/festival-armoricourt.com\/index.php\/wp-json\/wp\/v2\/users\/3"}],"replies":[{"embeddable":true,"href":"https:\/\/festival-armoricourt.com\/index.php\/wp-json\/wp\/v2\/comments?post=6321"}],"version-history":[{"count":1,"href":"https:\/\/festival-armoricourt.com\/index.php\/wp-json\/wp\/v2\/pages\/6321\/revisions"}],"predecessor-version":[{"id":10063,"href":"https:\/\/festival-armoricourt.com\/index.php\/wp-json\/wp\/v2\/pages\/6321\/revisions\/10063"}],"up":[{"embeddable":true,"href":"https:\/\/festival-armoricourt.com\/index.php\/wp-json\/wp\/v2\/pages\/1519"}],"wp:attachment":[{"href":"https:\/\/festival-armoricourt.com\/index.php\/wp-json\/wp\/v2\/media?parent=6321"}],"curies":[{"name":"wp","href":"https:\/\/api.w.org\/{rel}","templated":true}]}}