{"id":6220,"date":"2022-10-02T16:48:03","date_gmt":"2022-10-02T15:48:03","guid":{"rendered":"https:\/\/www.festival-armoricourt.com\/?page_id=6220"},"modified":"2024-02-15T18:21:30","modified_gmt":"2024-02-15T17:21:30","slug":"linvitee-dhonneur","status":"publish","type":"page","link":"https:\/\/festival-armoricourt.com\/index.php\/edition-14-2022\/linvitee-dhonneur\/","title":{"rendered":"L&rsquo;INVIT\u00c9E  D&rsquo;HONNEUR"},"content":{"rendered":"\n<figure class=\"wp-block-image size-full\"><a href=\"https:\/\/www.festival-armoricourt.com\/wp-content\/uploads\/2022\/09\/2022-02-les-mauvais-garcons-cesar-cm-2.jpg\"><img decoding=\"async\" src=\"https:\/\/www.festival-armoricourt.com\/wp-content\/uploads\/2022\/09\/2022-02-les-mauvais-garcons-cesar-cm-2.jpg\" alt=\"Pauline Seigland aux C\u00e9sars 2022\" class=\"wp-image-6184\"\/><\/a><figcaption>Pauline Seigland aux C\u00e9sar 2022<\/figcaption><\/figure>\n\n\n\n<p><strong>Pauline Seigland, invit\u00e9e d&rsquo;honneur du Festival Armoricourt 2022<\/strong><\/p>\n\n\n\n<p><strong>Lionel Massol <\/strong>et <strong>Pauline Seigland<\/strong>, aux \u00e9nergies, temp\u00e9raments et parcours divers et compl\u00e9mentaires, ont la m\u00eame envie : b\u00e2tir un cadre de travail libre et structur\u00e9 dans un climat favorable \u00e0 l\u2019\u00e9closion de films singuliers. Ils cr\u00e9ent en 2015 la soci\u00e9t\u00e9 de production <strong>\u00ab\u00a0Films Grand Huit\u00a0\u00bb<\/strong>.<br \/>Ils ont produit une vingtaine de courts depuis sa cr\u00e9ation, dont <strong>\u00ab\u00a0Les Mauvais Gar\u00e7ons\u00a0\u00bb<\/strong>, <strong>C\u00e9sar 2022<\/strong> du meilleur court fiction et <strong>prix Armoricourt 2021<\/strong>.<br \/>La soci\u00e9t\u00e9 a deux bureaux, un \u00e0 Paris et l\u2019autre \u00e0 Saint Pierre-Quiberon o\u00f9 Pauline travaille et r\u00e9side depuis 3 ans.<\/p>\n\n\n\n<p><strong>Carte Blanche \u00e0 Pauline Seigland<\/strong><br \/>La soir\u00e9e cin\u00e9ma du <strong>jeudi 24 novembre<\/strong>, au Douron (20h30), sera \u00ab\u00a0carte blanche \u00e0 Pauline Seigland\u00a0\u00bb qui nous propose :<\/p>\n\n\n\n<ul class=\"wp-block-list\"><li><strong>\u00ab\u00a0Et toujours nous marcherons\u00a0\u00bb<\/strong> de Jonathan Millet &#8211; 22 min<br \/>une production Films Grand Huit,<\/li><li><strong>\u00ab\u00a0Chambre 212\u00a0\u00bb<\/strong> de Christophe Honor\u00e9 &#8211; 87 min<br \/>Pauline Seigland a \u00e9t\u00e9 directrice de production de ce film<\/li><\/ul>\n","protected":false},"excerpt":{"rendered":"<p>Pauline Seigland, invit\u00e9e d&rsquo;honneur du Festival Armoricourt 2022 Lionel Massol et Pauline Seigland, aux \u00e9nergies, temp\u00e9raments et parcours divers et compl\u00e9mentaires, ont la m\u00eame envie : b\u00e2tir un cadre de travail libre et structur\u00e9 dans un climat favorable \u00e0 l\u2019\u00e9closion de films singuliers. Ils cr\u00e9ent en 2015 la soci\u00e9t\u00e9 de production \u00ab\u00a0Films Grand Huit\u00a0\u00bb.Ils ont [&hellip;]<\/p>\n","protected":false},"author":3,"featured_media":0,"parent":6091,"menu_order":0,"comment_status":"closed","ping_status":"closed","template":"","meta":{"ocean_post_layout":"","ocean_both_sidebars_style":"","ocean_both_sidebars_content_width":0,"ocean_both_sidebars_sidebars_width":0,"ocean_sidebar":"0","ocean_second_sidebar":"0","ocean_disable_margins":"enable","ocean_add_body_class":"","ocean_shortcode_before_top_bar":"","ocean_shortcode_after_top_bar":"","ocean_shortcode_before_header":"","ocean_shortcode_after_header":"","ocean_has_shortcode":"","ocean_shortcode_after_title":"","ocean_shortcode_before_footer_widgets":"","ocean_shortcode_after_footer_widgets":"","ocean_shortcode_before_footer_bottom":"","ocean_shortcode_after_footer_bottom":"","ocean_display_top_bar":"default","ocean_display_header":"default","ocean_header_style":"","ocean_center_header_left_menu":"0","ocean_custom_header_template":"0","ocean_custom_logo":0,"ocean_custom_retina_logo":0,"ocean_custom_logo_max_width":0,"ocean_custom_logo_tablet_max_width":0,"ocean_custom_logo_mobile_max_width":0,"ocean_custom_logo_max_height":0,"ocean_custom_logo_tablet_max_height":0,"ocean_custom_logo_mobile_max_height":0,"ocean_header_custom_menu":"0","ocean_menu_typo_font_family":"0","ocean_menu_typo_font_subset":"","ocean_menu_typo_font_size":0,"ocean_menu_typo_font_size_tablet":0,"ocean_menu_typo_font_size_mobile":0,"ocean_menu_typo_font_size_unit":"px","ocean_menu_typo_font_weight":"","ocean_menu_typo_font_weight_tablet":"","ocean_menu_typo_font_weight_mobile":"","ocean_menu_typo_transform":"","ocean_menu_typo_transform_tablet":"","ocean_menu_typo_transform_mobile":"","ocean_menu_typo_line_height":0,"ocean_menu_typo_line_height_tablet":0,"ocean_menu_typo_line_height_mobile":0,"ocean_menu_typo_line_height_unit":"","ocean_menu_typo_spacing":0,"ocean_menu_typo_spacing_tablet":0,"ocean_menu_typo_spacing_mobile":0,"ocean_menu_typo_spacing_unit":"","ocean_menu_link_color":"","ocean_menu_link_color_hover":"","ocean_menu_link_color_active":"","ocean_menu_link_background":"","ocean_menu_link_hover_background":"","ocean_menu_link_active_background":"","ocean_menu_social_links_bg":"","ocean_menu_social_hover_links_bg":"","ocean_menu_social_links_color":"","ocean_menu_social_hover_links_color":"","ocean_disable_title":"default","ocean_disable_heading":"default","ocean_post_title":"","ocean_post_subheading":"","ocean_post_title_style":"","ocean_post_title_background_color":"","ocean_post_title_background":0,"ocean_post_title_bg_image_position":"","ocean_post_title_bg_image_attachment":"","ocean_post_title_bg_image_repeat":"","ocean_post_title_bg_image_size":"","ocean_post_title_height":0,"ocean_post_title_bg_overlay":0.5,"ocean_post_title_bg_overlay_color":"","ocean_disable_breadcrumbs":"default","ocean_breadcrumbs_color":"","ocean_breadcrumbs_separator_color":"","ocean_breadcrumbs_links_color":"","ocean_breadcrumbs_links_hover_color":"","ocean_display_footer_widgets":"default","ocean_display_footer_bottom":"default","ocean_custom_footer_template":"0","footnotes":""},"class_list":["post-6220","page","type-page","status-publish","hentry","entry"],"yoast_head":"<!-- This site is optimized with the Yoast SEO plugin v27.0 - https:\/\/yoast.com\/product\/yoast-seo-wordpress\/ -->\n<title>L&#039;INVIT\u00c9E D&#039;HONNEUR - Festival Armoricourt<\/title>\n<meta name=\"robots\" content=\"index, follow, max-snippet:-1, max-image-preview:large, max-video-preview:-1\" \/>\n<link rel=\"canonical\" href=\"https:\/\/festival-armoricourt.com\/index.php\/edition-14-2022\/linvitee-dhonneur\/\" \/>\n<meta property=\"og:locale\" content=\"fr_FR\" \/>\n<meta property=\"og:type\" content=\"article\" \/>\n<meta property=\"og:title\" content=\"L&#039;INVIT\u00c9E D&#039;HONNEUR - Festival Armoricourt\" \/>\n<meta property=\"og:description\" content=\"Pauline Seigland, invit\u00e9e d&rsquo;honneur du Festival Armoricourt 2022 Lionel Massol et Pauline Seigland, aux \u00e9nergies, temp\u00e9raments et parcours divers et compl\u00e9mentaires, ont la m\u00eame envie : b\u00e2tir un cadre de travail libre et structur\u00e9 dans un climat favorable \u00e0 l\u2019\u00e9closion de films singuliers. Ils cr\u00e9ent en 2015 la soci\u00e9t\u00e9 de production \u00ab\u00a0Films Grand Huit\u00a0\u00bb.Ils ont [&hellip;]\" \/>\n<meta property=\"og:url\" content=\"https:\/\/festival-armoricourt.com\/index.php\/edition-14-2022\/linvitee-dhonneur\/\" \/>\n<meta property=\"og:site_name\" content=\"Festival Armoricourt\" \/>\n<meta property=\"article:publisher\" content=\"https:\/\/www.facebook.com\/armoricourt\" \/>\n<meta property=\"article:modified_time\" content=\"2024-02-15T17:21:30+00:00\" \/>\n<meta property=\"og:image\" content=\"https:\/\/www.festival-armoricourt.com\/wp-content\/uploads\/2022\/09\/2022-02-les-mauvais-garcons-cesar-cm-2.jpg\" \/>\n<meta name=\"twitter:card\" content=\"summary_large_image\" \/>\n<meta name=\"twitter:label1\" content=\"Dur\u00e9e de lecture estim\u00e9e\" \/>\n\t<meta name=\"twitter:data1\" content=\"2 minutes\" \/>\n<script type=\"application\/ld+json\" class=\"yoast-schema-graph\">{\"@context\":\"https:\/\/schema.org\",\"@graph\":[{\"@type\":\"WebPage\",\"@id\":\"https:\/\/festival-armoricourt.com\/index.php\/edition-14-2022\/linvitee-dhonneur\/\",\"url\":\"https:\/\/festival-armoricourt.com\/index.php\/edition-14-2022\/linvitee-dhonneur\/\",\"name\":\"L'INVIT\u00c9E D'HONNEUR - Festival Armoricourt\",\"isPartOf\":{\"@id\":\"https:\/\/festival-armoricourt.com\/#website\"},\"primaryImageOfPage\":{\"@id\":\"https:\/\/festival-armoricourt.com\/index.php\/edition-14-2022\/linvitee-dhonneur\/#primaryimage\"},\"image\":{\"@id\":\"https:\/\/festival-armoricourt.com\/index.php\/edition-14-2022\/linvitee-dhonneur\/#primaryimage\"},\"thumbnailUrl\":\"https:\/\/www.festival-armoricourt.com\/wp-content\/uploads\/2022\/09\/2022-02-les-mauvais-garcons-cesar-cm-2.jpg\",\"datePublished\":\"2022-10-02T15:48:03+00:00\",\"dateModified\":\"2024-02-15T17:21:30+00:00\",\"breadcrumb\":{\"@id\":\"https:\/\/festival-armoricourt.com\/index.php\/edition-14-2022\/linvitee-dhonneur\/#breadcrumb\"},\"inLanguage\":\"fr-FR\",\"potentialAction\":[{\"@type\":\"ReadAction\",\"target\":[\"https:\/\/festival-armoricourt.com\/index.php\/edition-14-2022\/linvitee-dhonneur\/\"]}]},{\"@type\":\"ImageObject\",\"inLanguage\":\"fr-FR\",\"@id\":\"https:\/\/festival-armoricourt.com\/index.php\/edition-14-2022\/linvitee-dhonneur\/#primaryimage\",\"url\":\"https:\/\/www.festival-armoricourt.com\/wp-content\/uploads\/2022\/09\/2022-02-les-mauvais-garcons-cesar-cm-2.jpg\",\"contentUrl\":\"https:\/\/www.festival-armoricourt.com\/wp-content\/uploads\/2022\/09\/2022-02-les-mauvais-garcons-cesar-cm-2.jpg\"},{\"@type\":\"BreadcrumbList\",\"@id\":\"https:\/\/festival-armoricourt.com\/index.php\/edition-14-2022\/linvitee-dhonneur\/#breadcrumb\",\"itemListElement\":[{\"@type\":\"ListItem\",\"position\":1,\"name\":\"Accueil\",\"item\":\"https:\/\/festival-armoricourt.com\/\"},{\"@type\":\"ListItem\",\"position\":2,\"name\":\"\u00c9DITION 14 &#8211; 2022\",\"item\":\"https:\/\/festival-armoricourt.com\/index.php\/edition-14-2022\/\"},{\"@type\":\"ListItem\",\"position\":3,\"name\":\"L&rsquo;INVIT\u00c9E D&rsquo;HONNEUR\"}]},{\"@type\":\"WebSite\",\"@id\":\"https:\/\/festival-armoricourt.com\/#website\",\"url\":\"https:\/\/festival-armoricourt.com\/\",\"name\":\"Festival Armoricourt\",\"description\":\"Decouvrir des courts m\u00e9trages de qualit\u00e9, et rencontrer ceux qui les font\",\"publisher\":{\"@id\":\"https:\/\/festival-armoricourt.com\/#organization\"},\"potentialAction\":[{\"@type\":\"SearchAction\",\"target\":{\"@type\":\"EntryPoint\",\"urlTemplate\":\"https:\/\/festival-armoricourt.com\/?s={search_term_string}\"},\"query-input\":{\"@type\":\"PropertyValueSpecification\",\"valueRequired\":true,\"valueName\":\"search_term_string\"}}],\"inLanguage\":\"fr-FR\"},{\"@type\":\"Organization\",\"@id\":\"https:\/\/festival-armoricourt.com\/#organization\",\"name\":\"Armoricourt\",\"url\":\"https:\/\/festival-armoricourt.com\/\",\"logo\":{\"@type\":\"ImageObject\",\"inLanguage\":\"fr-FR\",\"@id\":\"https:\/\/festival-armoricourt.com\/#\/schema\/logo\/image\/\",\"url\":\"https:\/\/festival-armoricourt.com\/wp-content\/uploads\/2023\/10\/cropped-2023-logo-armoricourt-1280.jpg\",\"contentUrl\":\"https:\/\/festival-armoricourt.com\/wp-content\/uploads\/2023\/10\/cropped-2023-logo-armoricourt-1280.jpg\",\"width\":1280,\"height\":351,\"caption\":\"Armoricourt\"},\"image\":{\"@id\":\"https:\/\/festival-armoricourt.com\/#\/schema\/logo\/image\/\"},\"sameAs\":[\"https:\/\/www.facebook.com\/armoricourt\"]}]}<\/script>\n<!-- \/ Yoast SEO plugin. -->","yoast_head_json":{"title":"L'INVIT\u00c9E D'HONNEUR - Festival Armoricourt","robots":{"index":"index","follow":"follow","max-snippet":"max-snippet:-1","max-image-preview":"max-image-preview:large","max-video-preview":"max-video-preview:-1"},"canonical":"https:\/\/festival-armoricourt.com\/index.php\/edition-14-2022\/linvitee-dhonneur\/","og_locale":"fr_FR","og_type":"article","og_title":"L'INVIT\u00c9E D'HONNEUR - Festival Armoricourt","og_description":"Pauline Seigland, invit\u00e9e d&rsquo;honneur du Festival Armoricourt 2022 Lionel Massol et Pauline Seigland, aux \u00e9nergies, temp\u00e9raments et parcours divers et compl\u00e9mentaires, ont la m\u00eame envie : b\u00e2tir un cadre de travail libre et structur\u00e9 dans un climat favorable \u00e0 l\u2019\u00e9closion de films singuliers. Ils cr\u00e9ent en 2015 la soci\u00e9t\u00e9 de production \u00ab\u00a0Films Grand Huit\u00a0\u00bb.Ils ont [&hellip;]","og_url":"https:\/\/festival-armoricourt.com\/index.php\/edition-14-2022\/linvitee-dhonneur\/","og_site_name":"Festival Armoricourt","article_publisher":"https:\/\/www.facebook.com\/armoricourt","article_modified_time":"2024-02-15T17:21:30+00:00","og_image":[{"url":"https:\/\/www.festival-armoricourt.com\/wp-content\/uploads\/2022\/09\/2022-02-les-mauvais-garcons-cesar-cm-2.jpg","type":"","width":"","height":""}],"twitter_card":"summary_large_image","twitter_misc":{"Dur\u00e9e de lecture estim\u00e9e":"2 minutes"},"schema":{"@context":"https:\/\/schema.org","@graph":[{"@type":"WebPage","@id":"https:\/\/festival-armoricourt.com\/index.php\/edition-14-2022\/linvitee-dhonneur\/","url":"https:\/\/festival-armoricourt.com\/index.php\/edition-14-2022\/linvitee-dhonneur\/","name":"L'INVIT\u00c9E D'HONNEUR - Festival Armoricourt","isPartOf":{"@id":"https:\/\/festival-armoricourt.com\/#website"},"primaryImageOfPage":{"@id":"https:\/\/festival-armoricourt.com\/index.php\/edition-14-2022\/linvitee-dhonneur\/#primaryimage"},"image":{"@id":"https:\/\/festival-armoricourt.com\/index.php\/edition-14-2022\/linvitee-dhonneur\/#primaryimage"},"thumbnailUrl":"https:\/\/www.festival-armoricourt.com\/wp-content\/uploads\/2022\/09\/2022-02-les-mauvais-garcons-cesar-cm-2.jpg","datePublished":"2022-10-02T15:48:03+00:00","dateModified":"2024-02-15T17:21:30+00:00","breadcrumb":{"@id":"https:\/\/festival-armoricourt.com\/index.php\/edition-14-2022\/linvitee-dhonneur\/#breadcrumb"},"inLanguage":"fr-FR","potentialAction":[{"@type":"ReadAction","target":["https:\/\/festival-armoricourt.com\/index.php\/edition-14-2022\/linvitee-dhonneur\/"]}]},{"@type":"ImageObject","inLanguage":"fr-FR","@id":"https:\/\/festival-armoricourt.com\/index.php\/edition-14-2022\/linvitee-dhonneur\/#primaryimage","url":"https:\/\/www.festival-armoricourt.com\/wp-content\/uploads\/2022\/09\/2022-02-les-mauvais-garcons-cesar-cm-2.jpg","contentUrl":"https:\/\/www.festival-armoricourt.com\/wp-content\/uploads\/2022\/09\/2022-02-les-mauvais-garcons-cesar-cm-2.jpg"},{"@type":"BreadcrumbList","@id":"https:\/\/festival-armoricourt.com\/index.php\/edition-14-2022\/linvitee-dhonneur\/#breadcrumb","itemListElement":[{"@type":"ListItem","position":1,"name":"Accueil","item":"https:\/\/festival-armoricourt.com\/"},{"@type":"ListItem","position":2,"name":"\u00c9DITION 14 &#8211; 2022","item":"https:\/\/festival-armoricourt.com\/index.php\/edition-14-2022\/"},{"@type":"ListItem","position":3,"name":"L&rsquo;INVIT\u00c9E D&rsquo;HONNEUR"}]},{"@type":"WebSite","@id":"https:\/\/festival-armoricourt.com\/#website","url":"https:\/\/festival-armoricourt.com\/","name":"Festival Armoricourt","description":"Decouvrir des courts m\u00e9trages de qualit\u00e9, et rencontrer ceux qui les font","publisher":{"@id":"https:\/\/festival-armoricourt.com\/#organization"},"potentialAction":[{"@type":"SearchAction","target":{"@type":"EntryPoint","urlTemplate":"https:\/\/festival-armoricourt.com\/?s={search_term_string}"},"query-input":{"@type":"PropertyValueSpecification","valueRequired":true,"valueName":"search_term_string"}}],"inLanguage":"fr-FR"},{"@type":"Organization","@id":"https:\/\/festival-armoricourt.com\/#organization","name":"Armoricourt","url":"https:\/\/festival-armoricourt.com\/","logo":{"@type":"ImageObject","inLanguage":"fr-FR","@id":"https:\/\/festival-armoricourt.com\/#\/schema\/logo\/image\/","url":"https:\/\/festival-armoricourt.com\/wp-content\/uploads\/2023\/10\/cropped-2023-logo-armoricourt-1280.jpg","contentUrl":"https:\/\/festival-armoricourt.com\/wp-content\/uploads\/2023\/10\/cropped-2023-logo-armoricourt-1280.jpg","width":1280,"height":351,"caption":"Armoricourt"},"image":{"@id":"https:\/\/festival-armoricourt.com\/#\/schema\/logo\/image\/"},"sameAs":["https:\/\/www.facebook.com\/armoricourt"]}]}},"_links":{"self":[{"href":"https:\/\/festival-armoricourt.com\/index.php\/wp-json\/wp\/v2\/pages\/6220","targetHints":{"allow":["GET"]}}],"collection":[{"href":"https:\/\/festival-armoricourt.com\/index.php\/wp-json\/wp\/v2\/pages"}],"about":[{"href":"https:\/\/festival-armoricourt.com\/index.php\/wp-json\/wp\/v2\/types\/page"}],"author":[{"embeddable":true,"href":"https:\/\/festival-armoricourt.com\/index.php\/wp-json\/wp\/v2\/users\/3"}],"replies":[{"embeddable":true,"href":"https:\/\/festival-armoricourt.com\/index.php\/wp-json\/wp\/v2\/comments?post=6220"}],"version-history":[{"count":1,"href":"https:\/\/festival-armoricourt.com\/index.php\/wp-json\/wp\/v2\/pages\/6220\/revisions"}],"predecessor-version":[{"id":10050,"href":"https:\/\/festival-armoricourt.com\/index.php\/wp-json\/wp\/v2\/pages\/6220\/revisions\/10050"}],"up":[{"embeddable":true,"href":"https:\/\/festival-armoricourt.com\/index.php\/wp-json\/wp\/v2\/pages\/6091"}],"wp:attachment":[{"href":"https:\/\/festival-armoricourt.com\/index.php\/wp-json\/wp\/v2\/media?parent=6220"}],"curies":[{"name":"wp","href":"https:\/\/api.w.org\/{rel}","templated":true}]}}