{"id":6168,"date":"2022-07-08T18:09:44","date_gmt":"2022-07-08T17:09:44","guid":{"rendered":"https:\/\/www.festival-armoricourt.com\/?page_id=6168"},"modified":"2022-07-08T18:09:44","modified_gmt":"2022-07-08T17:09:44","slug":"avant-programme","status":"publish","type":"page","link":"https:\/\/festival-armoricourt.com\/index.php\/avant-programme\/","title":{"rendered":"AVANT-PROGRAMME"},"content":{"rendered":"\n<p>Voici les 7 films moyens m\u00e9trages que l&rsquo;\u00e9quipe d&rsquo;Armoricourt a retenus pour cette \u00e9dition 14 du festival. Nous vous donnerons davantage de d\u00e9tails sur chacun de ces films d\u00e8s le d\u00e9but septembre<\/p>\n\n\n\n<p><strong><span style=\"text-decoration: underline;\">Vendredi 25 novembre 2022<\/span><\/strong><\/p>\n\n\n\n<ul class=\"wp-block-list\"><li><strong>L\u2019appartement<\/strong><br \/>de Bruno Cabanis<br \/>Rapsode Production<br \/>36 minutes<\/li><\/ul>\n\n\n\n<ul class=\"wp-block-list\"><li><strong>Blues<\/strong><br \/>de Arma Lux<br \/>Nalu Films Production<br \/>34 minutes<\/li><\/ul>\n\n\n\n<ul class=\"wp-block-list\"><li><strong>Cloche petite aux merveilles du pays<\/strong><br \/>de Anthony Brinig<br \/>Nalu Films Production<br \/>38 minutes<\/li><\/ul>\n\n\n\n<p><strong><span style=\"text-decoration: underline;\">Samedi 26 novembre apr\u00e8s-midi<\/span><\/strong><\/p>\n\n\n\n<ul class=\"wp-block-list\"><li><strong>Pas le choix<\/strong><br \/>de Hrysto<br \/>Eyes For Movie, Aviva Films<br \/>59 minutes<\/li><\/ul>\n\n\n\n<ul class=\"wp-block-list\"><li><strong>Un homme \u00e0 la mer<\/strong><br \/>de Roman Huet<br \/>Ba\u00efne Films, Pictanovo Images<br \/>35 minutes<\/li><\/ul>\n\n\n\n<p><strong><span style=\"text-decoration: underline;\">Samedi 26 novembre soir<\/span><\/strong><\/p>\n\n\n\n<ul class=\"wp-block-list\"><li><strong>A la l\u00e9g\u00e8re<\/strong><br \/>de Bertrand Latouche<br \/>Les films du Balibari<br \/>52 minutes<br \/><\/li><li><strong>L\u2019homme qu\u2019il vous faut<\/strong><br \/>de Renaud Ducoing<br \/>Comme une image<br \/>47 minutes<\/li><\/ul>\n","protected":false},"excerpt":{"rendered":"<p>Voici les 7 films moyens m\u00e9trages que l&rsquo;\u00e9quipe d&rsquo;Armoricourt a retenus pour cette \u00e9dition 14 du festival. Nous vous donnerons davantage de d\u00e9tails sur chacun de ces films d\u00e8s le d\u00e9but septembre Vendredi 25 novembre 2022 L\u2019appartementde Bruno CabanisRapsode Production36 minutes Bluesde Arma LuxNalu Films Production34 minutes Cloche petite aux merveilles du paysde Anthony BrinigNalu [&hellip;]<\/p>\n","protected":false},"author":3,"featured_media":6154,"parent":0,"menu_order":0,"comment_status":"closed","ping_status":"closed","template":"","meta":{"ocean_post_layout":"","ocean_both_sidebars_style":"","ocean_both_sidebars_content_width":0,"ocean_both_sidebars_sidebars_width":0,"ocean_sidebar":"0","ocean_second_sidebar":"0","ocean_disable_margins":"enable","ocean_add_body_class":"","ocean_shortcode_before_top_bar":"","ocean_shortcode_after_top_bar":"","ocean_shortcode_before_header":"","ocean_shortcode_after_header":"","ocean_has_shortcode":"","ocean_shortcode_after_title":"","ocean_shortcode_before_footer_widgets":"","ocean_shortcode_after_footer_widgets":"","ocean_shortcode_before_footer_bottom":"","ocean_shortcode_after_footer_bottom":"","ocean_display_top_bar":"default","ocean_display_header":"default","ocean_header_style":"","ocean_center_header_left_menu":"0","ocean_custom_header_template":"0","ocean_custom_logo":0,"ocean_custom_retina_logo":0,"ocean_custom_logo_max_width":0,"ocean_custom_logo_tablet_max_width":0,"ocean_custom_logo_mobile_max_width":0,"ocean_custom_logo_max_height":0,"ocean_custom_logo_tablet_max_height":0,"ocean_custom_logo_mobile_max_height":0,"ocean_header_custom_menu":"0","ocean_menu_typo_font_family":"0","ocean_menu_typo_font_subset":"","ocean_menu_typo_font_size":0,"ocean_menu_typo_font_size_tablet":0,"ocean_menu_typo_font_size_mobile":0,"ocean_menu_typo_font_size_unit":"px","ocean_menu_typo_font_weight":"","ocean_menu_typo_font_weight_tablet":"","ocean_menu_typo_font_weight_mobile":"","ocean_menu_typo_transform":"","ocean_menu_typo_transform_tablet":"","ocean_menu_typo_transform_mobile":"","ocean_menu_typo_line_height":0,"ocean_menu_typo_line_height_tablet":0,"ocean_menu_typo_line_height_mobile":0,"ocean_menu_typo_line_height_unit":"","ocean_menu_typo_spacing":0,"ocean_menu_typo_spacing_tablet":0,"ocean_menu_typo_spacing_mobile":0,"ocean_menu_typo_spacing_unit":"","ocean_menu_link_color":"","ocean_menu_link_color_hover":"","ocean_menu_link_color_active":"","ocean_menu_link_background":"","ocean_menu_link_hover_background":"","ocean_menu_link_active_background":"","ocean_menu_social_links_bg":"","ocean_menu_social_hover_links_bg":"","ocean_menu_social_links_color":"","ocean_menu_social_hover_links_color":"","ocean_disable_title":"default","ocean_disable_heading":"default","ocean_post_title":"","ocean_post_subheading":"","ocean_post_title_style":"","ocean_post_title_background_color":"","ocean_post_title_background":0,"ocean_post_title_bg_image_position":"","ocean_post_title_bg_image_attachment":"","ocean_post_title_bg_image_repeat":"","ocean_post_title_bg_image_size":"","ocean_post_title_height":0,"ocean_post_title_bg_overlay":0.5,"ocean_post_title_bg_overlay_color":"","ocean_disable_breadcrumbs":"default","ocean_breadcrumbs_color":"","ocean_breadcrumbs_separator_color":"","ocean_breadcrumbs_links_color":"","ocean_breadcrumbs_links_hover_color":"","ocean_display_footer_widgets":"default","ocean_display_footer_bottom":"default","ocean_custom_footer_template":"0","footnotes":""},"class_list":["post-6168","page","type-page","status-publish","has-post-thumbnail","hentry","entry","has-media"],"yoast_head":"<!-- This site is optimized with the Yoast SEO plugin v27.0 - https:\/\/yoast.com\/product\/yoast-seo-wordpress\/ -->\n<title>AVANT-PROGRAMME - Festival Armoricourt<\/title>\n<meta name=\"robots\" content=\"index, follow, max-snippet:-1, max-image-preview:large, max-video-preview:-1\" \/>\n<link rel=\"canonical\" href=\"https:\/\/festival-armoricourt.com\/index.php\/avant-programme\/\" \/>\n<meta property=\"og:locale\" content=\"fr_FR\" \/>\n<meta property=\"og:type\" content=\"article\" \/>\n<meta property=\"og:title\" content=\"AVANT-PROGRAMME - Festival Armoricourt\" \/>\n<meta property=\"og:description\" content=\"Voici les 7 films moyens m\u00e9trages que l&rsquo;\u00e9quipe d&rsquo;Armoricourt a retenus pour cette \u00e9dition 14 du festival. Nous vous donnerons davantage de d\u00e9tails sur chacun de ces films d\u00e8s le d\u00e9but septembre Vendredi 25 novembre 2022 L\u2019appartementde Bruno CabanisRapsode Production36 minutes Bluesde Arma LuxNalu Films Production34 minutes Cloche petite aux merveilles du paysde Anthony BrinigNalu [&hellip;]\" \/>\n<meta property=\"og:url\" content=\"https:\/\/festival-armoricourt.com\/index.php\/avant-programme\/\" \/>\n<meta property=\"og:site_name\" content=\"Festival Armoricourt\" \/>\n<meta property=\"article:publisher\" content=\"https:\/\/www.facebook.com\/armoricourt\" \/>\n<meta name=\"twitter:card\" content=\"summary_large_image\" \/>\n<meta name=\"twitter:label1\" content=\"Dur\u00e9e de lecture estim\u00e9e\" \/>\n\t<meta name=\"twitter:data1\" content=\"1 minute\" \/>\n<script type=\"application\/ld+json\" class=\"yoast-schema-graph\">{\"@context\":\"https:\/\/schema.org\",\"@graph\":[{\"@type\":\"WebPage\",\"@id\":\"https:\/\/festival-armoricourt.com\/index.php\/avant-programme\/\",\"url\":\"https:\/\/festival-armoricourt.com\/index.php\/avant-programme\/\",\"name\":\"AVANT-PROGRAMME - Festival Armoricourt\",\"isPartOf\":{\"@id\":\"https:\/\/festival-armoricourt.com\/#website\"},\"primaryImageOfPage\":{\"@id\":\"https:\/\/festival-armoricourt.com\/index.php\/avant-programme\/#primaryimage\"},\"image\":{\"@id\":\"https:\/\/festival-armoricourt.com\/index.php\/avant-programme\/#primaryimage\"},\"thumbnailUrl\":\"\",\"datePublished\":\"2022-07-08T17:09:44+00:00\",\"breadcrumb\":{\"@id\":\"https:\/\/festival-armoricourt.com\/index.php\/avant-programme\/#breadcrumb\"},\"inLanguage\":\"fr-FR\",\"potentialAction\":[{\"@type\":\"ReadAction\",\"target\":[\"https:\/\/festival-armoricourt.com\/index.php\/avant-programme\/\"]}]},{\"@type\":\"ImageObject\",\"inLanguage\":\"fr-FR\",\"@id\":\"https:\/\/festival-armoricourt.com\/index.php\/avant-programme\/#primaryimage\",\"url\":\"\",\"contentUrl\":\"\"},{\"@type\":\"BreadcrumbList\",\"@id\":\"https:\/\/festival-armoricourt.com\/index.php\/avant-programme\/#breadcrumb\",\"itemListElement\":[{\"@type\":\"ListItem\",\"position\":1,\"name\":\"Accueil\",\"item\":\"https:\/\/festival-armoricourt.com\/\"},{\"@type\":\"ListItem\",\"position\":2,\"name\":\"AVANT-PROGRAMME\"}]},{\"@type\":\"WebSite\",\"@id\":\"https:\/\/festival-armoricourt.com\/#website\",\"url\":\"https:\/\/festival-armoricourt.com\/\",\"name\":\"Festival Armoricourt\",\"description\":\"Decouvrir des courts m\u00e9trages de qualit\u00e9, et rencontrer ceux qui les font\",\"publisher\":{\"@id\":\"https:\/\/festival-armoricourt.com\/#organization\"},\"potentialAction\":[{\"@type\":\"SearchAction\",\"target\":{\"@type\":\"EntryPoint\",\"urlTemplate\":\"https:\/\/festival-armoricourt.com\/?s={search_term_string}\"},\"query-input\":{\"@type\":\"PropertyValueSpecification\",\"valueRequired\":true,\"valueName\":\"search_term_string\"}}],\"inLanguage\":\"fr-FR\"},{\"@type\":\"Organization\",\"@id\":\"https:\/\/festival-armoricourt.com\/#organization\",\"name\":\"Armoricourt\",\"url\":\"https:\/\/festival-armoricourt.com\/\",\"logo\":{\"@type\":\"ImageObject\",\"inLanguage\":\"fr-FR\",\"@id\":\"https:\/\/festival-armoricourt.com\/#\/schema\/logo\/image\/\",\"url\":\"https:\/\/festival-armoricourt.com\/wp-content\/uploads\/2023\/10\/cropped-2023-logo-armoricourt-1280.jpg\",\"contentUrl\":\"https:\/\/festival-armoricourt.com\/wp-content\/uploads\/2023\/10\/cropped-2023-logo-armoricourt-1280.jpg\",\"width\":1280,\"height\":351,\"caption\":\"Armoricourt\"},\"image\":{\"@id\":\"https:\/\/festival-armoricourt.com\/#\/schema\/logo\/image\/\"},\"sameAs\":[\"https:\/\/www.facebook.com\/armoricourt\"]}]}<\/script>\n<!-- \/ Yoast SEO plugin. -->","yoast_head_json":{"title":"AVANT-PROGRAMME - Festival Armoricourt","robots":{"index":"index","follow":"follow","max-snippet":"max-snippet:-1","max-image-preview":"max-image-preview:large","max-video-preview":"max-video-preview:-1"},"canonical":"https:\/\/festival-armoricourt.com\/index.php\/avant-programme\/","og_locale":"fr_FR","og_type":"article","og_title":"AVANT-PROGRAMME - Festival Armoricourt","og_description":"Voici les 7 films moyens m\u00e9trages que l&rsquo;\u00e9quipe d&rsquo;Armoricourt a retenus pour cette \u00e9dition 14 du festival. Nous vous donnerons davantage de d\u00e9tails sur chacun de ces films d\u00e8s le d\u00e9but septembre Vendredi 25 novembre 2022 L\u2019appartementde Bruno CabanisRapsode Production36 minutes Bluesde Arma LuxNalu Films Production34 minutes Cloche petite aux merveilles du paysde Anthony BrinigNalu [&hellip;]","og_url":"https:\/\/festival-armoricourt.com\/index.php\/avant-programme\/","og_site_name":"Festival Armoricourt","article_publisher":"https:\/\/www.facebook.com\/armoricourt","twitter_card":"summary_large_image","twitter_misc":{"Dur\u00e9e de lecture estim\u00e9e":"1 minute"},"schema":{"@context":"https:\/\/schema.org","@graph":[{"@type":"WebPage","@id":"https:\/\/festival-armoricourt.com\/index.php\/avant-programme\/","url":"https:\/\/festival-armoricourt.com\/index.php\/avant-programme\/","name":"AVANT-PROGRAMME - Festival Armoricourt","isPartOf":{"@id":"https:\/\/festival-armoricourt.com\/#website"},"primaryImageOfPage":{"@id":"https:\/\/festival-armoricourt.com\/index.php\/avant-programme\/#primaryimage"},"image":{"@id":"https:\/\/festival-armoricourt.com\/index.php\/avant-programme\/#primaryimage"},"thumbnailUrl":"","datePublished":"2022-07-08T17:09:44+00:00","breadcrumb":{"@id":"https:\/\/festival-armoricourt.com\/index.php\/avant-programme\/#breadcrumb"},"inLanguage":"fr-FR","potentialAction":[{"@type":"ReadAction","target":["https:\/\/festival-armoricourt.com\/index.php\/avant-programme\/"]}]},{"@type":"ImageObject","inLanguage":"fr-FR","@id":"https:\/\/festival-armoricourt.com\/index.php\/avant-programme\/#primaryimage","url":"","contentUrl":""},{"@type":"BreadcrumbList","@id":"https:\/\/festival-armoricourt.com\/index.php\/avant-programme\/#breadcrumb","itemListElement":[{"@type":"ListItem","position":1,"name":"Accueil","item":"https:\/\/festival-armoricourt.com\/"},{"@type":"ListItem","position":2,"name":"AVANT-PROGRAMME"}]},{"@type":"WebSite","@id":"https:\/\/festival-armoricourt.com\/#website","url":"https:\/\/festival-armoricourt.com\/","name":"Festival Armoricourt","description":"Decouvrir des courts m\u00e9trages de qualit\u00e9, et rencontrer ceux qui les font","publisher":{"@id":"https:\/\/festival-armoricourt.com\/#organization"},"potentialAction":[{"@type":"SearchAction","target":{"@type":"EntryPoint","urlTemplate":"https:\/\/festival-armoricourt.com\/?s={search_term_string}"},"query-input":{"@type":"PropertyValueSpecification","valueRequired":true,"valueName":"search_term_string"}}],"inLanguage":"fr-FR"},{"@type":"Organization","@id":"https:\/\/festival-armoricourt.com\/#organization","name":"Armoricourt","url":"https:\/\/festival-armoricourt.com\/","logo":{"@type":"ImageObject","inLanguage":"fr-FR","@id":"https:\/\/festival-armoricourt.com\/#\/schema\/logo\/image\/","url":"https:\/\/festival-armoricourt.com\/wp-content\/uploads\/2023\/10\/cropped-2023-logo-armoricourt-1280.jpg","contentUrl":"https:\/\/festival-armoricourt.com\/wp-content\/uploads\/2023\/10\/cropped-2023-logo-armoricourt-1280.jpg","width":1280,"height":351,"caption":"Armoricourt"},"image":{"@id":"https:\/\/festival-armoricourt.com\/#\/schema\/logo\/image\/"},"sameAs":["https:\/\/www.facebook.com\/armoricourt"]}]}},"_links":{"self":[{"href":"https:\/\/festival-armoricourt.com\/index.php\/wp-json\/wp\/v2\/pages\/6168","targetHints":{"allow":["GET"]}}],"collection":[{"href":"https:\/\/festival-armoricourt.com\/index.php\/wp-json\/wp\/v2\/pages"}],"about":[{"href":"https:\/\/festival-armoricourt.com\/index.php\/wp-json\/wp\/v2\/types\/page"}],"author":[{"embeddable":true,"href":"https:\/\/festival-armoricourt.com\/index.php\/wp-json\/wp\/v2\/users\/3"}],"replies":[{"embeddable":true,"href":"https:\/\/festival-armoricourt.com\/index.php\/wp-json\/wp\/v2\/comments?post=6168"}],"version-history":[{"count":0,"href":"https:\/\/festival-armoricourt.com\/index.php\/wp-json\/wp\/v2\/pages\/6168\/revisions"}],"wp:featuredmedia":[{"embeddable":true,"href":"https:\/\/festival-armoricourt.com\/index.php\/wp-json\/"}],"wp:attachment":[{"href":"https:\/\/festival-armoricourt.com\/index.php\/wp-json\/wp\/v2\/media?parent=6168"}],"curies":[{"name":"wp","href":"https:\/\/api.w.org\/{rel}","templated":true}]}}