{"id":1553,"date":"2016-12-11T16:17:18","date_gmt":"2016-12-11T15:17:18","guid":{"rendered":"http:\/\/www.festival-armoricourt.com\/?page_id=1553"},"modified":"2016-12-11T16:17:18","modified_gmt":"2016-12-11T15:17:18","slug":"reglement-de-la-competition","status":"publish","type":"page","link":"https:\/\/festival-armoricourt.com\/index.php\/edition-2021\/reglement-de-la-competition\/","title":{"rendered":"R\u00c8GLEMENT DE LA COMPETITION"},"content":{"rendered":"<h3 style=\"text-align: center;\">Festival&nbsp; Armoricourt 2021<\/h3>\n<h4 style=\"text-align: center;\">Edition 13 &#8211; du 25 au 28 novembre 2021<\/h4>\n<h5 style=\"text-align: center;\">R\u00e8glement du Festival Armoricourt &#8211; \u00e9d 2 du 24 mai 2021<\/h5>\n<p style=\"text-align: center;\">Acc\u00e8s \u00e0 la <a href=\"https:\/\/www.festival-armoricourt.com\/wp-content\/uploads\/2021\/01\/2021-01-14-armoricourt-reglement.pdf\">version pdf du r\u00e8glement<\/a><\/p>\n<ul>\n<li><strong>Organisation<\/strong><\/li>\n<\/ul>\n<p style=\"padding-left: 40px;\">Le Festival Armoricourt est organis\u00e9 par l\u2019association Armoricourt, sise \u00e0 Plestin-les-Gr\u00e8ves dans les C\u00f4tes d\u2019Armor (22).<br \/>La 13e \u00e9dition aura lieu du <strong>25 au 28 novembre 2021<\/strong> au cin\u00e9ma \u00ab&nbsp; Le Douron\u00bb situ\u00e9 \u00e0 Plestin-les-Gr\u00e8ves.<br \/>La comp\u00e9tition concerne uniquement les courts-m\u00e9trages d\u2019une dur\u00e9e comprise entre <strong>35 minutes et moins de 60 minutes<\/strong>, des films francophones de fiction humaine, r\u00e9alis\u00e9s en images r\u00e9elles&nbsp; (Les films d\u2019animation, clips et documentaires ne sont pas admis mais les effets sp\u00e9ciaux sont autoris\u00e9s).<br \/>Le festival garde son identit\u00e9&nbsp; : <em>\u00abD\u00e9couvrir des films de qualit\u00e9 et rencontrer ceux qui les font\u00bb<\/em>. L\u2019accent sera donc encore mis en 2021 sur des rencontres entre les \u00e9quipes de tournage et le public.<\/p>\n<ul>\n<li><strong>Conditions g\u00e9n\u00e9rales de participation<\/strong><\/li>\n<\/ul>\n<p style=\"padding-left: 40px;\">La comp\u00e9tition est ouverte aux r\u00e9alisateurs professionnels ou amateurs pr\u00e9sentant des films produits par des soci\u00e9t\u00e9s de production, associations, \u00e9coles ou bien des films auto-produits.<br \/>La comp\u00e9tition n\u2019est ouverte qu\u2019aux films francophones produits \u00e0 partir de l\u2019ann\u00e9e 2017.<br \/>Un r\u00e9alisateur peut pr\u00e9senter plusieurs films mais un seul pourra \u00eatre s\u00e9lectionn\u00e9.<br \/>Une fois s\u00e9lectionn\u00e9, un participant ne peut pas retirer son film de la comp\u00e9tition (sauf si modification du pr\u00e9sent r\u00e8glement).<br \/>La mise \u00e0 disposition des films s\u00e9lectionn\u00e9s se fait \u00e0 titre gracieux.<br \/>Les films doivent \u00eatre envoy\u00e9s en format DCP.<br \/>Si ce n\u2019est pas le cas, la fabrication du DCP par les organisateurs du festival sera factur\u00e9e 50\u20ac.<br \/>La pr\u00e9sence au festival d&rsquo;un ou de plusieurs repr\u00e9sentants de chaque film est imp\u00e9rative.<\/p>\n<ul>\n<li><strong>Inscription des films<\/strong><\/li>\n<\/ul>\n<p style=\"padding-left: 40px;\">L\u2019inscription \u00e0 la comp\u00e9tition est ouverte du 15\/01\/2021 au 31\/05\/2021.<br \/>Elle se fait uniquement sur le site web de l\u2019association. <a href=\"https:\/\/www.festival-armoricourt.com\/edition-2021\/inscription-edition-2021\/\">Lien pour l&rsquo;inscription<\/a><br \/>Le lien vers le film concourant et le code d\u2019acc\u00e8s \u00e9ventuel doivent \u00eatre fournis&nbsp; \u00e0 l&rsquo;organisation qui les transmettra au comit\u00e9 de s\u00e9lection.<\/p>\n<ul>\n<li><strong>S\u00e9lection des films<\/strong><\/li>\n<\/ul>\n<p style=\"padding-left: 40px;\">Les films sont soumis, au sein de l&rsquo;association, \u00e0 un comit\u00e9 de s\u00e9lection (une douzaine de personnes) sous la supervision du responsable de l\u2019identit\u00e9 artistique du festival.<br \/>La liste compl\u00e8te des films s\u00e9lectionn\u00e9s en comp\u00e9tition sera annonc\u00e9e fin juin 2021.<br \/>Les participants seront avertis par courriel de leur s\u00e9lection ou de leur non-s\u00e9lection.<\/p>\n<ul>\n<li><strong>Promotion, exploitation, diffusion<\/strong><\/li>\n<\/ul>\n<p style=\"padding-left: 40px;\">Les films seront libres de droits pour toute la dur\u00e9e du festival.<br \/>Le festival n\u2019a aucune responsabilit\u00e9 concernant la d\u00e9claration \u00e0 la SACEM, \u00e0 la SACD ou \u00e0 tout autre organisme collecteur des droits qui accompagnent les films.<br \/>Apr\u00e8s le festival, la diffusion des films, dans leur int\u00e9gralit\u00e9 sera possible aupr\u00e8s de nos partenaires diffuseurs sous r\u00e9serve de l\u2019accord des ayants-droit.<br \/>Les participants c\u00e8dent au festival, sans contrepartie, le droit de reproduction des photographies ou des extraits du film, pour diffusion \u00e0 but promotionnel dans les publications du festival, sur le site Internet de l\u2019association, pour les bandes annonces, dans la presse et sur les m\u00e9dias partenaires.<br \/>Aucun des auteurs ou producteurs des films courts ne pourra pr\u00e9tendre \u00e0 une quelconque r\u00e9mun\u00e9ration pour sa pr\u00e9sence ou pour la diffusion de son film pendant le festival. Un d\u00e9fraiement forfaitaire par film est cependant pr\u00e9vu (voir \u00a7 suivant).<\/p>\n<ul>\n<li><strong>Repr\u00e9sentation et participation de l&rsquo;\u00e9quipe du film<\/strong><\/li>\n<\/ul>\n<p style=\"padding-left: 40px;\">Comme d\u00e9j\u00e0 mentionn\u00e9, l&rsquo;un des marqueurs du festival Armoricourt est de cr\u00e9er une vraie rencontre entre les \u00e9quipes du film et le public. Ce principe implique donc l\u2019engagement formel de la pr\u00e9sence d\u2019au moins un membre de l\u2019\u00e9quipe du film s\u00e9lectionn\u00e9 lors des s\u00e9ances de projection des vendredi 26 et samedi 27 novembre. Les repr\u00e9sentants des films s\u00e9lectionn\u00e9s devront imp\u00e9rativement confirmer leur venue \u00e0 la date demand\u00e9e.<br \/>Pour la venue au Festival du ou des repr\u00e9sentants du film, un d\u00e9fraiement forfaitaire de 200\u20ac par film est pr\u00e9vu.<br \/>La rencontre entre le ou les repr\u00e9sentants du film et le public, avec les journalistes et les professionnels, se fera \u00e0 la suite de chaque projection de film, sur une dur\u00e9e d\u2019environ 25 minutes. Ces \u00e9changes seront anim\u00e9s par des personnes choisies par Armoricourt et seront film\u00e9s. Les images de ces \u00e9changes (sous leur forme brute et non mont\u00e9e) seront propos\u00e9es aux \u00e9quipes des films pour une possible utilisation dans leur communication.<\/p>\n<ul>\n<li><strong>D\u00e9roul\u00e9 du Festival<\/strong><\/li>\n<\/ul>\n<p style=\"padding-left: 40px;\">Chaque film s\u00e9lectionn\u00e9 sera projet\u00e9 2 fois au cours du festival entre le jeudi 25 et le samedi 27.<br \/>Les \u00e9changes avec les \u00e9quipes des films se feront uniquement lors des s\u00e9ances du vendredi et du samedi.<br \/>L&rsquo;organisation du festival d\u00e9termine l\u2019ordre et les dates de projection de chaque film s\u00e9lectionn\u00e9.<\/p>\n<ul>\n<li><strong>Prix<\/strong><\/li>\n<\/ul>\n<p style=\"padding-left: 40px;\">Un prix sera d\u00e9cern\u00e9 par un invit\u00e9 reconnu dans un domaine artistique, cin\u00e9matographique ou autre.<br \/>Un second prix dit \u00ab&nbsp; du public&nbsp; \u00bb sera attribu\u00e9 par les spectateurs ayant assist\u00e9 \u00e0 toutes les s\u00e9ances de la comp\u00e9tition.<\/p>\n<ul>\n<li><strong>Conditions g\u00e9n\u00e9rales (clauses finales, litiges, contestations)<\/strong><\/li>\n<\/ul>\n<p style=\"padding-left: 40px;\">L\u2019inscription et la participation impliquent l\u2019acceptation et le respect sans r\u00e9serve du pr\u00e9sent r\u00e8glement.<br \/>Le non-respect de ce r\u00e8glement peut entra\u00eener l\u2019\u00e9limination du film \u00e0 tout moment du festival.<br \/>Les choix d&rsquo;ordre et de dates de passage de chaque film s\u00e9lectionn\u00e9 ne pourront faire l\u2019objet d\u2019aucune contestation.<br \/>Les organisateurs du festival d\u00e9clinent toute responsabilit\u00e9 en cas de perte, de vol ou de d\u00e9gradation du mat\u00e9riel fourni. Il appartient donc aux int\u00e9ress\u00e9s de souscrire une assurance individuelle.<br \/>Le festival se r\u00e9serve le droit de modifier le pr\u00e9sent r\u00e8glement en raison d&rsquo;\u00e9v\u00e9nements ind\u00e9pendants de sa volont\u00e9.<br \/>En cas de modification du r\u00e8glement, les d\u00e9posants des films s\u00e9lectionn\u00e9s seront avertis et pourront exercer leur droit de retrait de la comp\u00e9tition<\/p>\n<p><strong>&nbsp;<\/strong><\/p>\n","protected":false},"excerpt":{"rendered":"<p>Festival&nbsp; Armoricourt 2021 Edition 13 &#8211; du 25 au 28 novembre 2021 R\u00e8glement du Festival Armoricourt &#8211; \u00e9d 2 du 24 mai 2021 Acc\u00e8s \u00e0 la version pdf du r\u00e8glement Organisation Le Festival Armoricourt est organis\u00e9 par l\u2019association Armoricourt, sise \u00e0 Plestin-les-Gr\u00e8ves dans les C\u00f4tes d\u2019Armor (22).La 13e \u00e9dition aura lieu du 25 au 28 [&hellip;]<\/p>\n","protected":false},"author":2,"featured_media":0,"parent":1519,"menu_order":0,"comment_status":"closed","ping_status":"closed","template":"","meta":{"ocean_post_layout":"","ocean_both_sidebars_style":"","ocean_both_sidebars_content_width":0,"ocean_both_sidebars_sidebars_width":0,"ocean_sidebar":"","ocean_second_sidebar":"","ocean_disable_margins":"enable","ocean_add_body_class":"","ocean_shortcode_before_top_bar":"","ocean_shortcode_after_top_bar":"","ocean_shortcode_before_header":"","ocean_shortcode_after_header":"","ocean_has_shortcode":"","ocean_shortcode_after_title":"","ocean_shortcode_before_footer_widgets":"","ocean_shortcode_after_footer_widgets":"","ocean_shortcode_before_footer_bottom":"","ocean_shortcode_after_footer_bottom":"","ocean_display_top_bar":"default","ocean_display_header":"default","ocean_header_style":"","ocean_center_header_left_menu":"","ocean_custom_header_template":"","ocean_custom_logo":0,"ocean_custom_retina_logo":0,"ocean_custom_logo_max_width":0,"ocean_custom_logo_tablet_max_width":0,"ocean_custom_logo_mobile_max_width":0,"ocean_custom_logo_max_height":0,"ocean_custom_logo_tablet_max_height":0,"ocean_custom_logo_mobile_max_height":0,"ocean_header_custom_menu":"","ocean_menu_typo_font_family":"","ocean_menu_typo_font_subset":"","ocean_menu_typo_font_size":0,"ocean_menu_typo_font_size_tablet":0,"ocean_menu_typo_font_size_mobile":0,"ocean_menu_typo_font_size_unit":"px","ocean_menu_typo_font_weight":"","ocean_menu_typo_font_weight_tablet":"","ocean_menu_typo_font_weight_mobile":"","ocean_menu_typo_transform":"","ocean_menu_typo_transform_tablet":"","ocean_menu_typo_transform_mobile":"","ocean_menu_typo_line_height":0,"ocean_menu_typo_line_height_tablet":0,"ocean_menu_typo_line_height_mobile":0,"ocean_menu_typo_line_height_unit":"","ocean_menu_typo_spacing":0,"ocean_menu_typo_spacing_tablet":0,"ocean_menu_typo_spacing_mobile":0,"ocean_menu_typo_spacing_unit":"","ocean_menu_link_color":"","ocean_menu_link_color_hover":"","ocean_menu_link_color_active":"","ocean_menu_link_background":"","ocean_menu_link_hover_background":"","ocean_menu_link_active_background":"","ocean_menu_social_links_bg":"","ocean_menu_social_hover_links_bg":"","ocean_menu_social_links_color":"","ocean_menu_social_hover_links_color":"","ocean_disable_title":"default","ocean_disable_heading":"default","ocean_post_title":"","ocean_post_subheading":"","ocean_post_title_style":"","ocean_post_title_background_color":"","ocean_post_title_background":0,"ocean_post_title_bg_image_position":"","ocean_post_title_bg_image_attachment":"","ocean_post_title_bg_image_repeat":"","ocean_post_title_bg_image_size":"","ocean_post_title_height":0,"ocean_post_title_bg_overlay":0.5,"ocean_post_title_bg_overlay_color":"","ocean_disable_breadcrumbs":"default","ocean_breadcrumbs_color":"","ocean_breadcrumbs_separator_color":"","ocean_breadcrumbs_links_color":"","ocean_breadcrumbs_links_hover_color":"","ocean_display_footer_widgets":"default","ocean_display_footer_bottom":"default","ocean_custom_footer_template":"","footnotes":""},"class_list":["post-1553","page","type-page","status-publish","hentry","entry"],"yoast_head":"<!-- This site is optimized with the Yoast SEO plugin v27.0 - https:\/\/yoast.com\/product\/yoast-seo-wordpress\/ -->\n<title>R\u00c8GLEMENT DE LA COMPETITION - Festival Armoricourt<\/title>\n<meta name=\"robots\" content=\"index, follow, max-snippet:-1, max-image-preview:large, max-video-preview:-1\" \/>\n<link rel=\"canonical\" href=\"https:\/\/festival-armoricourt.com\/index.php\/edition-2021\/reglement-de-la-competition\/\" \/>\n<meta property=\"og:locale\" content=\"fr_FR\" \/>\n<meta property=\"og:type\" content=\"article\" \/>\n<meta property=\"og:title\" content=\"R\u00c8GLEMENT DE LA COMPETITION - Festival Armoricourt\" \/>\n<meta property=\"og:description\" content=\"Festival&nbsp; Armoricourt 2021 Edition 13 &#8211; du 25 au 28 novembre 2021 R\u00e8glement du Festival Armoricourt &#8211; \u00e9d 2 du 24 mai 2021 Acc\u00e8s \u00e0 la version pdf du r\u00e8glement Organisation Le Festival Armoricourt est organis\u00e9 par l\u2019association Armoricourt, sise \u00e0 Plestin-les-Gr\u00e8ves dans les C\u00f4tes d\u2019Armor (22).La 13e \u00e9dition aura lieu du 25 au 28 [&hellip;]\" \/>\n<meta property=\"og:url\" content=\"https:\/\/festival-armoricourt.com\/index.php\/edition-2021\/reglement-de-la-competition\/\" \/>\n<meta property=\"og:site_name\" content=\"Festival Armoricourt\" \/>\n<meta property=\"article:publisher\" content=\"https:\/\/www.facebook.com\/armoricourt\" \/>\n<meta name=\"twitter:card\" content=\"summary_large_image\" \/>\n<meta name=\"twitter:label1\" content=\"Dur\u00e9e de lecture estim\u00e9e\" \/>\n\t<meta name=\"twitter:data1\" content=\"4 minutes\" \/>\n<script type=\"application\/ld+json\" class=\"yoast-schema-graph\">{\"@context\":\"https:\/\/schema.org\",\"@graph\":[{\"@type\":\"WebPage\",\"@id\":\"https:\/\/festival-armoricourt.com\/index.php\/edition-2021\/reglement-de-la-competition\/\",\"url\":\"https:\/\/festival-armoricourt.com\/index.php\/edition-2021\/reglement-de-la-competition\/\",\"name\":\"R\u00c8GLEMENT DE LA COMPETITION - Festival Armoricourt\",\"isPartOf\":{\"@id\":\"https:\/\/festival-armoricourt.com\/#website\"},\"datePublished\":\"2016-12-11T15:17:18+00:00\",\"breadcrumb\":{\"@id\":\"https:\/\/festival-armoricourt.com\/index.php\/edition-2021\/reglement-de-la-competition\/#breadcrumb\"},\"inLanguage\":\"fr-FR\",\"potentialAction\":[{\"@type\":\"ReadAction\",\"target\":[\"https:\/\/festival-armoricourt.com\/index.php\/edition-2021\/reglement-de-la-competition\/\"]}]},{\"@type\":\"BreadcrumbList\",\"@id\":\"https:\/\/festival-armoricourt.com\/index.php\/edition-2021\/reglement-de-la-competition\/#breadcrumb\",\"itemListElement\":[{\"@type\":\"ListItem\",\"position\":1,\"name\":\"Accueil\",\"item\":\"https:\/\/festival-armoricourt.com\/\"},{\"@type\":\"ListItem\",\"position\":2,\"name\":\"\u00c9DITION 13 &#8211; 2021\",\"item\":\"https:\/\/festival-armoricourt.com\/index.php\/edition-2021\/\"},{\"@type\":\"ListItem\",\"position\":3,\"name\":\"R\u00c8GLEMENT DE LA COMPETITION\"}]},{\"@type\":\"WebSite\",\"@id\":\"https:\/\/festival-armoricourt.com\/#website\",\"url\":\"https:\/\/festival-armoricourt.com\/\",\"name\":\"Festival Armoricourt\",\"description\":\"Decouvrir des courts m\u00e9trages de qualit\u00e9, et rencontrer ceux qui les font\",\"publisher\":{\"@id\":\"https:\/\/festival-armoricourt.com\/#organization\"},\"potentialAction\":[{\"@type\":\"SearchAction\",\"target\":{\"@type\":\"EntryPoint\",\"urlTemplate\":\"https:\/\/festival-armoricourt.com\/?s={search_term_string}\"},\"query-input\":{\"@type\":\"PropertyValueSpecification\",\"valueRequired\":true,\"valueName\":\"search_term_string\"}}],\"inLanguage\":\"fr-FR\"},{\"@type\":\"Organization\",\"@id\":\"https:\/\/festival-armoricourt.com\/#organization\",\"name\":\"Armoricourt\",\"url\":\"https:\/\/festival-armoricourt.com\/\",\"logo\":{\"@type\":\"ImageObject\",\"inLanguage\":\"fr-FR\",\"@id\":\"https:\/\/festival-armoricourt.com\/#\/schema\/logo\/image\/\",\"url\":\"https:\/\/festival-armoricourt.com\/wp-content\/uploads\/2023\/10\/cropped-2023-logo-armoricourt-1280.jpg\",\"contentUrl\":\"https:\/\/festival-armoricourt.com\/wp-content\/uploads\/2023\/10\/cropped-2023-logo-armoricourt-1280.jpg\",\"width\":1280,\"height\":351,\"caption\":\"Armoricourt\"},\"image\":{\"@id\":\"https:\/\/festival-armoricourt.com\/#\/schema\/logo\/image\/\"},\"sameAs\":[\"https:\/\/www.facebook.com\/armoricourt\"]}]}<\/script>\n<!-- \/ Yoast SEO plugin. -->","yoast_head_json":{"title":"R\u00c8GLEMENT DE LA COMPETITION - Festival Armoricourt","robots":{"index":"index","follow":"follow","max-snippet":"max-snippet:-1","max-image-preview":"max-image-preview:large","max-video-preview":"max-video-preview:-1"},"canonical":"https:\/\/festival-armoricourt.com\/index.php\/edition-2021\/reglement-de-la-competition\/","og_locale":"fr_FR","og_type":"article","og_title":"R\u00c8GLEMENT DE LA COMPETITION - Festival Armoricourt","og_description":"Festival&nbsp; Armoricourt 2021 Edition 13 &#8211; du 25 au 28 novembre 2021 R\u00e8glement du Festival Armoricourt &#8211; \u00e9d 2 du 24 mai 2021 Acc\u00e8s \u00e0 la version pdf du r\u00e8glement Organisation Le Festival Armoricourt est organis\u00e9 par l\u2019association Armoricourt, sise \u00e0 Plestin-les-Gr\u00e8ves dans les C\u00f4tes d\u2019Armor (22).La 13e \u00e9dition aura lieu du 25 au 28 [&hellip;]","og_url":"https:\/\/festival-armoricourt.com\/index.php\/edition-2021\/reglement-de-la-competition\/","og_site_name":"Festival Armoricourt","article_publisher":"https:\/\/www.facebook.com\/armoricourt","twitter_card":"summary_large_image","twitter_misc":{"Dur\u00e9e de lecture estim\u00e9e":"4 minutes"},"schema":{"@context":"https:\/\/schema.org","@graph":[{"@type":"WebPage","@id":"https:\/\/festival-armoricourt.com\/index.php\/edition-2021\/reglement-de-la-competition\/","url":"https:\/\/festival-armoricourt.com\/index.php\/edition-2021\/reglement-de-la-competition\/","name":"R\u00c8GLEMENT DE LA COMPETITION - Festival Armoricourt","isPartOf":{"@id":"https:\/\/festival-armoricourt.com\/#website"},"datePublished":"2016-12-11T15:17:18+00:00","breadcrumb":{"@id":"https:\/\/festival-armoricourt.com\/index.php\/edition-2021\/reglement-de-la-competition\/#breadcrumb"},"inLanguage":"fr-FR","potentialAction":[{"@type":"ReadAction","target":["https:\/\/festival-armoricourt.com\/index.php\/edition-2021\/reglement-de-la-competition\/"]}]},{"@type":"BreadcrumbList","@id":"https:\/\/festival-armoricourt.com\/index.php\/edition-2021\/reglement-de-la-competition\/#breadcrumb","itemListElement":[{"@type":"ListItem","position":1,"name":"Accueil","item":"https:\/\/festival-armoricourt.com\/"},{"@type":"ListItem","position":2,"name":"\u00c9DITION 13 &#8211; 2021","item":"https:\/\/festival-armoricourt.com\/index.php\/edition-2021\/"},{"@type":"ListItem","position":3,"name":"R\u00c8GLEMENT DE LA COMPETITION"}]},{"@type":"WebSite","@id":"https:\/\/festival-armoricourt.com\/#website","url":"https:\/\/festival-armoricourt.com\/","name":"Festival Armoricourt","description":"Decouvrir des courts m\u00e9trages de qualit\u00e9, et rencontrer ceux qui les font","publisher":{"@id":"https:\/\/festival-armoricourt.com\/#organization"},"potentialAction":[{"@type":"SearchAction","target":{"@type":"EntryPoint","urlTemplate":"https:\/\/festival-armoricourt.com\/?s={search_term_string}"},"query-input":{"@type":"PropertyValueSpecification","valueRequired":true,"valueName":"search_term_string"}}],"inLanguage":"fr-FR"},{"@type":"Organization","@id":"https:\/\/festival-armoricourt.com\/#organization","name":"Armoricourt","url":"https:\/\/festival-armoricourt.com\/","logo":{"@type":"ImageObject","inLanguage":"fr-FR","@id":"https:\/\/festival-armoricourt.com\/#\/schema\/logo\/image\/","url":"https:\/\/festival-armoricourt.com\/wp-content\/uploads\/2023\/10\/cropped-2023-logo-armoricourt-1280.jpg","contentUrl":"https:\/\/festival-armoricourt.com\/wp-content\/uploads\/2023\/10\/cropped-2023-logo-armoricourt-1280.jpg","width":1280,"height":351,"caption":"Armoricourt"},"image":{"@id":"https:\/\/festival-armoricourt.com\/#\/schema\/logo\/image\/"},"sameAs":["https:\/\/www.facebook.com\/armoricourt"]}]}},"_links":{"self":[{"href":"https:\/\/festival-armoricourt.com\/index.php\/wp-json\/wp\/v2\/pages\/1553","targetHints":{"allow":["GET"]}}],"collection":[{"href":"https:\/\/festival-armoricourt.com\/index.php\/wp-json\/wp\/v2\/pages"}],"about":[{"href":"https:\/\/festival-armoricourt.com\/index.php\/wp-json\/wp\/v2\/types\/page"}],"author":[{"embeddable":true,"href":"https:\/\/festival-armoricourt.com\/index.php\/wp-json\/wp\/v2\/users\/2"}],"replies":[{"embeddable":true,"href":"https:\/\/festival-armoricourt.com\/index.php\/wp-json\/wp\/v2\/comments?post=1553"}],"version-history":[{"count":0,"href":"https:\/\/festival-armoricourt.com\/index.php\/wp-json\/wp\/v2\/pages\/1553\/revisions"}],"up":[{"embeddable":true,"href":"https:\/\/festival-armoricourt.com\/index.php\/wp-json\/wp\/v2\/pages\/1519"}],"wp:attachment":[{"href":"https:\/\/festival-armoricourt.com\/index.php\/wp-json\/wp\/v2\/media?parent=1553"}],"curies":[{"name":"wp","href":"https:\/\/api.w.org\/{rel}","templated":true}]}}