{"id":10574,"date":"2025-10-11T18:01:07","date_gmt":"2025-10-11T16:01:07","guid":{"rendered":"https:\/\/festival-armoricourt.com\/?page_id=10574"},"modified":"2025-10-11T18:01:07","modified_gmt":"2025-10-11T16:01:07","slug":"linvite-dhonneur-17","status":"publish","type":"page","link":"https:\/\/festival-armoricourt.com\/index.php\/linvite-dhonneur-17\/","title":{"rendered":"L&rsquo;INVITE D&rsquo;HONNEUR # 17"},"content":{"rendered":"\n<figure class=\"wp-block-image size-full\"><img fetchpriority=\"high\" decoding=\"async\" width=\"440\" height=\"440\" src=\"https:\/\/festival-armoricourt.com\/wp-content\/uploads\/2025\/10\/Xabi-Molia.png\" alt=\"\" class=\"wp-image-10576\" srcset=\"https:\/\/festival-armoricourt.com\/wp-content\/uploads\/2025\/10\/Xabi-Molia.png 440w, https:\/\/festival-armoricourt.com\/wp-content\/uploads\/2025\/10\/Xabi-Molia-300x300.png 300w, https:\/\/festival-armoricourt.com\/wp-content\/uploads\/2025\/10\/Xabi-Molia-150x150.png 150w\" sizes=\"(max-width: 440px) 100vw, 440px\" \/><\/figure>\n\n\n\n<p>Xabi Molia, n\u00e9 \u00e0 Bayonne en 1977, poursuit depuis un peu plus de vingt ans une carri\u00e8re artistique hybride : romancier exigeant, cin\u00e9aste passionn\u00e9, il navigue aujourd\u2019hui entre la litt\u00e9rature et la cr\u00e9ation de s\u00e9ries (<em>Les Sentinelles<\/em>&nbsp;pour Canal +, un projet en fin de d\u00e9veloppement pour Apple TV).<\/p>\n\n\n\n<p>Apr\u00e8s trois courts-m\u00e9trages o\u00f9 il explore des registres vari\u00e9s, il signe en 2010 son premier long,&nbsp;<em>Huit fois debout<\/em>, une com\u00e9die douce-am\u00e8re avec Julie Gayet et Denis Podalyd\u00e8s. Deux autres com\u00e9dies suivront, ainsi que deux documentaires sur l\u2019adolescence, o\u00f9 s\u2019affirme&nbsp;un univers personnel alliant rigueur formelle, \u00e9motion et humour.<\/p>\n\n\n\n<p>Convaincu que le format du moyen-m\u00e9trage offre une libert\u00e9 cr\u00e9ative rare, Xabi Molia pr\u00eatera au Festival Armoricourt son regard aff\u00fbt\u00e9, r\u00e9v\u00e9lant les \u0153uvres qui bousculent les codes et \u00e9veillent l\u2019\u00e9motion.<\/p>\n","protected":false},"excerpt":{"rendered":"<p>Xabi Molia, n\u00e9 \u00e0 Bayonne en 1977, poursuit depuis un peu plus de vingt ans une carri\u00e8re artistique hybride : romancier exigeant, cin\u00e9aste passionn\u00e9, il navigue aujourd\u2019hui entre la litt\u00e9rature et la cr\u00e9ation de s\u00e9ries (Les Sentinelles&nbsp;pour Canal +, un projet en fin de d\u00e9veloppement pour Apple TV). Apr\u00e8s trois courts-m\u00e9trages o\u00f9 il explore des [&hellip;]<\/p>\n","protected":false},"author":1,"featured_media":10576,"parent":0,"menu_order":0,"comment_status":"closed","ping_status":"closed","template":"","meta":{"ocean_post_layout":"","ocean_both_sidebars_style":"","ocean_both_sidebars_content_width":0,"ocean_both_sidebars_sidebars_width":0,"ocean_sidebar":"","ocean_second_sidebar":"","ocean_disable_margins":"enable","ocean_add_body_class":"","ocean_shortcode_before_top_bar":"","ocean_shortcode_after_top_bar":"","ocean_shortcode_before_header":"","ocean_shortcode_after_header":"","ocean_has_shortcode":"","ocean_shortcode_after_title":"","ocean_shortcode_before_footer_widgets":"","ocean_shortcode_after_footer_widgets":"","ocean_shortcode_before_footer_bottom":"","ocean_shortcode_after_footer_bottom":"","ocean_display_top_bar":"default","ocean_display_header":"default","ocean_header_style":"","ocean_center_header_left_menu":"","ocean_custom_header_template":"","ocean_custom_logo":0,"ocean_custom_retina_logo":0,"ocean_custom_logo_max_width":0,"ocean_custom_logo_tablet_max_width":0,"ocean_custom_logo_mobile_max_width":0,"ocean_custom_logo_max_height":0,"ocean_custom_logo_tablet_max_height":0,"ocean_custom_logo_mobile_max_height":0,"ocean_header_custom_menu":"","ocean_menu_typo_font_family":"","ocean_menu_typo_font_subset":"","ocean_menu_typo_font_size":0,"ocean_menu_typo_font_size_tablet":0,"ocean_menu_typo_font_size_mobile":0,"ocean_menu_typo_font_size_unit":"px","ocean_menu_typo_font_weight":"","ocean_menu_typo_font_weight_tablet":"","ocean_menu_typo_font_weight_mobile":"","ocean_menu_typo_transform":"","ocean_menu_typo_transform_tablet":"","ocean_menu_typo_transform_mobile":"","ocean_menu_typo_line_height":0,"ocean_menu_typo_line_height_tablet":0,"ocean_menu_typo_line_height_mobile":0,"ocean_menu_typo_line_height_unit":"","ocean_menu_typo_spacing":0,"ocean_menu_typo_spacing_tablet":0,"ocean_menu_typo_spacing_mobile":0,"ocean_menu_typo_spacing_unit":"","ocean_menu_link_color":"","ocean_menu_link_color_hover":"","ocean_menu_link_color_active":"","ocean_menu_link_background":"","ocean_menu_link_hover_background":"","ocean_menu_link_active_background":"","ocean_menu_social_links_bg":"","ocean_menu_social_hover_links_bg":"","ocean_menu_social_links_color":"","ocean_menu_social_hover_links_color":"","ocean_disable_title":"default","ocean_disable_heading":"default","ocean_post_title":"","ocean_post_subheading":"","ocean_post_title_style":"","ocean_post_title_background_color":"","ocean_post_title_background":0,"ocean_post_title_bg_image_position":"","ocean_post_title_bg_image_attachment":"","ocean_post_title_bg_image_repeat":"","ocean_post_title_bg_image_size":"","ocean_post_title_height":0,"ocean_post_title_bg_overlay":0.5,"ocean_post_title_bg_overlay_color":"","ocean_disable_breadcrumbs":"default","ocean_breadcrumbs_color":"","ocean_breadcrumbs_separator_color":"","ocean_breadcrumbs_links_color":"","ocean_breadcrumbs_links_hover_color":"","ocean_display_footer_widgets":"default","ocean_display_footer_bottom":"default","ocean_custom_footer_template":"","footnotes":""},"class_list":["post-10574","page","type-page","status-publish","has-post-thumbnail","hentry","entry","has-media"],"yoast_head":"<!-- This site is optimized with the Yoast SEO plugin v27.0 - https:\/\/yoast.com\/product\/yoast-seo-wordpress\/ -->\n<title>L&#039;INVITE D&#039;HONNEUR # 17 - Festival Armoricourt<\/title>\n<meta name=\"robots\" content=\"index, follow, max-snippet:-1, max-image-preview:large, max-video-preview:-1\" \/>\n<link rel=\"canonical\" href=\"https:\/\/festival-armoricourt.com\/index.php\/linvite-dhonneur-17\/\" \/>\n<meta property=\"og:locale\" content=\"fr_FR\" \/>\n<meta property=\"og:type\" content=\"article\" \/>\n<meta property=\"og:title\" content=\"L&#039;INVITE D&#039;HONNEUR # 17 - Festival Armoricourt\" \/>\n<meta property=\"og:description\" content=\"Xabi Molia, n\u00e9 \u00e0 Bayonne en 1977, poursuit depuis un peu plus de vingt ans une carri\u00e8re artistique hybride : romancier exigeant, cin\u00e9aste passionn\u00e9, il navigue aujourd\u2019hui entre la litt\u00e9rature et la cr\u00e9ation de s\u00e9ries (Les Sentinelles&nbsp;pour Canal +, un projet en fin de d\u00e9veloppement pour Apple TV). Apr\u00e8s trois courts-m\u00e9trages o\u00f9 il explore des [&hellip;]\" \/>\n<meta property=\"og:url\" content=\"https:\/\/festival-armoricourt.com\/index.php\/linvite-dhonneur-17\/\" \/>\n<meta property=\"og:site_name\" content=\"Festival Armoricourt\" \/>\n<meta property=\"article:publisher\" content=\"https:\/\/www.facebook.com\/armoricourt\" \/>\n<meta property=\"og:image\" content=\"https:\/\/festival-armoricourt.com\/wp-content\/uploads\/2025\/10\/Xabi-Molia.png\" \/>\n\t<meta property=\"og:image:width\" content=\"440\" \/>\n\t<meta property=\"og:image:height\" content=\"440\" \/>\n\t<meta property=\"og:image:type\" content=\"image\/png\" \/>\n<meta name=\"twitter:card\" content=\"summary_large_image\" \/>\n<meta name=\"twitter:label1\" content=\"Dur\u00e9e de lecture estim\u00e9e\" \/>\n\t<meta name=\"twitter:data1\" content=\"2 minutes\" \/>\n<script type=\"application\/ld+json\" class=\"yoast-schema-graph\">{\"@context\":\"https:\/\/schema.org\",\"@graph\":[{\"@type\":\"WebPage\",\"@id\":\"https:\/\/festival-armoricourt.com\/index.php\/linvite-dhonneur-17\/\",\"url\":\"https:\/\/festival-armoricourt.com\/index.php\/linvite-dhonneur-17\/\",\"name\":\"L'INVITE D'HONNEUR # 17 - Festival Armoricourt\",\"isPartOf\":{\"@id\":\"https:\/\/festival-armoricourt.com\/#website\"},\"primaryImageOfPage\":{\"@id\":\"https:\/\/festival-armoricourt.com\/index.php\/linvite-dhonneur-17\/#primaryimage\"},\"image\":{\"@id\":\"https:\/\/festival-armoricourt.com\/index.php\/linvite-dhonneur-17\/#primaryimage\"},\"thumbnailUrl\":\"https:\/\/festival-armoricourt.com\/wp-content\/uploads\/2025\/10\/Xabi-Molia.png\",\"datePublished\":\"2025-10-11T16:01:07+00:00\",\"breadcrumb\":{\"@id\":\"https:\/\/festival-armoricourt.com\/index.php\/linvite-dhonneur-17\/#breadcrumb\"},\"inLanguage\":\"fr-FR\",\"potentialAction\":[{\"@type\":\"ReadAction\",\"target\":[\"https:\/\/festival-armoricourt.com\/index.php\/linvite-dhonneur-17\/\"]}]},{\"@type\":\"ImageObject\",\"inLanguage\":\"fr-FR\",\"@id\":\"https:\/\/festival-armoricourt.com\/index.php\/linvite-dhonneur-17\/#primaryimage\",\"url\":\"https:\/\/festival-armoricourt.com\/wp-content\/uploads\/2025\/10\/Xabi-Molia.png\",\"contentUrl\":\"https:\/\/festival-armoricourt.com\/wp-content\/uploads\/2025\/10\/Xabi-Molia.png\",\"width\":440,\"height\":440},{\"@type\":\"BreadcrumbList\",\"@id\":\"https:\/\/festival-armoricourt.com\/index.php\/linvite-dhonneur-17\/#breadcrumb\",\"itemListElement\":[{\"@type\":\"ListItem\",\"position\":1,\"name\":\"Accueil\",\"item\":\"https:\/\/festival-armoricourt.com\/\"},{\"@type\":\"ListItem\",\"position\":2,\"name\":\"L&rsquo;INVITE D&rsquo;HONNEUR # 17\"}]},{\"@type\":\"WebSite\",\"@id\":\"https:\/\/festival-armoricourt.com\/#website\",\"url\":\"https:\/\/festival-armoricourt.com\/\",\"name\":\"Festival Armoricourt\",\"description\":\"Decouvrir des courts m\u00e9trages de qualit\u00e9, et rencontrer ceux qui les font\",\"publisher\":{\"@id\":\"https:\/\/festival-armoricourt.com\/#organization\"},\"potentialAction\":[{\"@type\":\"SearchAction\",\"target\":{\"@type\":\"EntryPoint\",\"urlTemplate\":\"https:\/\/festival-armoricourt.com\/?s={search_term_string}\"},\"query-input\":{\"@type\":\"PropertyValueSpecification\",\"valueRequired\":true,\"valueName\":\"search_term_string\"}}],\"inLanguage\":\"fr-FR\"},{\"@type\":\"Organization\",\"@id\":\"https:\/\/festival-armoricourt.com\/#organization\",\"name\":\"Armoricourt\",\"url\":\"https:\/\/festival-armoricourt.com\/\",\"logo\":{\"@type\":\"ImageObject\",\"inLanguage\":\"fr-FR\",\"@id\":\"https:\/\/festival-armoricourt.com\/#\/schema\/logo\/image\/\",\"url\":\"https:\/\/festival-armoricourt.com\/wp-content\/uploads\/2023\/10\/cropped-2023-logo-armoricourt-1280.jpg\",\"contentUrl\":\"https:\/\/festival-armoricourt.com\/wp-content\/uploads\/2023\/10\/cropped-2023-logo-armoricourt-1280.jpg\",\"width\":1280,\"height\":351,\"caption\":\"Armoricourt\"},\"image\":{\"@id\":\"https:\/\/festival-armoricourt.com\/#\/schema\/logo\/image\/\"},\"sameAs\":[\"https:\/\/www.facebook.com\/armoricourt\"]}]}<\/script>\n<!-- \/ Yoast SEO plugin. -->","yoast_head_json":{"title":"L'INVITE D'HONNEUR # 17 - Festival Armoricourt","robots":{"index":"index","follow":"follow","max-snippet":"max-snippet:-1","max-image-preview":"max-image-preview:large","max-video-preview":"max-video-preview:-1"},"canonical":"https:\/\/festival-armoricourt.com\/index.php\/linvite-dhonneur-17\/","og_locale":"fr_FR","og_type":"article","og_title":"L'INVITE D'HONNEUR # 17 - Festival Armoricourt","og_description":"Xabi Molia, n\u00e9 \u00e0 Bayonne en 1977, poursuit depuis un peu plus de vingt ans une carri\u00e8re artistique hybride : romancier exigeant, cin\u00e9aste passionn\u00e9, il navigue aujourd\u2019hui entre la litt\u00e9rature et la cr\u00e9ation de s\u00e9ries (Les Sentinelles&nbsp;pour Canal +, un projet en fin de d\u00e9veloppement pour Apple TV). Apr\u00e8s trois courts-m\u00e9trages o\u00f9 il explore des [&hellip;]","og_url":"https:\/\/festival-armoricourt.com\/index.php\/linvite-dhonneur-17\/","og_site_name":"Festival Armoricourt","article_publisher":"https:\/\/www.facebook.com\/armoricourt","og_image":[{"width":440,"height":440,"url":"https:\/\/festival-armoricourt.com\/wp-content\/uploads\/2025\/10\/Xabi-Molia.png","type":"image\/png"}],"twitter_card":"summary_large_image","twitter_misc":{"Dur\u00e9e de lecture estim\u00e9e":"2 minutes"},"schema":{"@context":"https:\/\/schema.org","@graph":[{"@type":"WebPage","@id":"https:\/\/festival-armoricourt.com\/index.php\/linvite-dhonneur-17\/","url":"https:\/\/festival-armoricourt.com\/index.php\/linvite-dhonneur-17\/","name":"L'INVITE D'HONNEUR # 17 - Festival Armoricourt","isPartOf":{"@id":"https:\/\/festival-armoricourt.com\/#website"},"primaryImageOfPage":{"@id":"https:\/\/festival-armoricourt.com\/index.php\/linvite-dhonneur-17\/#primaryimage"},"image":{"@id":"https:\/\/festival-armoricourt.com\/index.php\/linvite-dhonneur-17\/#primaryimage"},"thumbnailUrl":"https:\/\/festival-armoricourt.com\/wp-content\/uploads\/2025\/10\/Xabi-Molia.png","datePublished":"2025-10-11T16:01:07+00:00","breadcrumb":{"@id":"https:\/\/festival-armoricourt.com\/index.php\/linvite-dhonneur-17\/#breadcrumb"},"inLanguage":"fr-FR","potentialAction":[{"@type":"ReadAction","target":["https:\/\/festival-armoricourt.com\/index.php\/linvite-dhonneur-17\/"]}]},{"@type":"ImageObject","inLanguage":"fr-FR","@id":"https:\/\/festival-armoricourt.com\/index.php\/linvite-dhonneur-17\/#primaryimage","url":"https:\/\/festival-armoricourt.com\/wp-content\/uploads\/2025\/10\/Xabi-Molia.png","contentUrl":"https:\/\/festival-armoricourt.com\/wp-content\/uploads\/2025\/10\/Xabi-Molia.png","width":440,"height":440},{"@type":"BreadcrumbList","@id":"https:\/\/festival-armoricourt.com\/index.php\/linvite-dhonneur-17\/#breadcrumb","itemListElement":[{"@type":"ListItem","position":1,"name":"Accueil","item":"https:\/\/festival-armoricourt.com\/"},{"@type":"ListItem","position":2,"name":"L&rsquo;INVITE D&rsquo;HONNEUR # 17"}]},{"@type":"WebSite","@id":"https:\/\/festival-armoricourt.com\/#website","url":"https:\/\/festival-armoricourt.com\/","name":"Festival Armoricourt","description":"Decouvrir des courts m\u00e9trages de qualit\u00e9, et rencontrer ceux qui les font","publisher":{"@id":"https:\/\/festival-armoricourt.com\/#organization"},"potentialAction":[{"@type":"SearchAction","target":{"@type":"EntryPoint","urlTemplate":"https:\/\/festival-armoricourt.com\/?s={search_term_string}"},"query-input":{"@type":"PropertyValueSpecification","valueRequired":true,"valueName":"search_term_string"}}],"inLanguage":"fr-FR"},{"@type":"Organization","@id":"https:\/\/festival-armoricourt.com\/#organization","name":"Armoricourt","url":"https:\/\/festival-armoricourt.com\/","logo":{"@type":"ImageObject","inLanguage":"fr-FR","@id":"https:\/\/festival-armoricourt.com\/#\/schema\/logo\/image\/","url":"https:\/\/festival-armoricourt.com\/wp-content\/uploads\/2023\/10\/cropped-2023-logo-armoricourt-1280.jpg","contentUrl":"https:\/\/festival-armoricourt.com\/wp-content\/uploads\/2023\/10\/cropped-2023-logo-armoricourt-1280.jpg","width":1280,"height":351,"caption":"Armoricourt"},"image":{"@id":"https:\/\/festival-armoricourt.com\/#\/schema\/logo\/image\/"},"sameAs":["https:\/\/www.facebook.com\/armoricourt"]}]}},"_links":{"self":[{"href":"https:\/\/festival-armoricourt.com\/index.php\/wp-json\/wp\/v2\/pages\/10574","targetHints":{"allow":["GET"]}}],"collection":[{"href":"https:\/\/festival-armoricourt.com\/index.php\/wp-json\/wp\/v2\/pages"}],"about":[{"href":"https:\/\/festival-armoricourt.com\/index.php\/wp-json\/wp\/v2\/types\/page"}],"author":[{"embeddable":true,"href":"https:\/\/festival-armoricourt.com\/index.php\/wp-json\/wp\/v2\/users\/1"}],"replies":[{"embeddable":true,"href":"https:\/\/festival-armoricourt.com\/index.php\/wp-json\/wp\/v2\/comments?post=10574"}],"version-history":[{"count":4,"href":"https:\/\/festival-armoricourt.com\/index.php\/wp-json\/wp\/v2\/pages\/10574\/revisions"}],"predecessor-version":[{"id":10582,"href":"https:\/\/festival-armoricourt.com\/index.php\/wp-json\/wp\/v2\/pages\/10574\/revisions\/10582"}],"wp:featuredmedia":[{"embeddable":true,"href":"https:\/\/festival-armoricourt.com\/index.php\/wp-json\/wp\/v2\/media\/10576"}],"wp:attachment":[{"href":"https:\/\/festival-armoricourt.com\/index.php\/wp-json\/wp\/v2\/media?parent=10574"}],"curies":[{"name":"wp","href":"https:\/\/api.w.org\/{rel}","templated":true}]}}