{"id":10408,"date":"2024-12-10T19:16:45","date_gmt":"2024-12-10T18:16:45","guid":{"rendered":"https:\/\/festival-armoricourt.com\/?page_id=10408"},"modified":"2024-12-10T19:16:47","modified_gmt":"2024-12-10T18:16:47","slug":"palmares-et-prix","status":"publish","type":"page","link":"https:\/\/festival-armoricourt.com\/index.php\/palmares-et-prix\/","title":{"rendered":"PALMAR\u00c8S ET PRIX"},"content":{"rendered":"\n<p><\/p>\n\n\n\n<figure class=\"wp-block-image size-full\"><img fetchpriority=\"high\" decoding=\"async\" width=\"800\" height=\"244\" src=\"https:\/\/festival-armoricourt.com\/wp-content\/uploads\/2024\/11\/image.png\" alt=\"\" class=\"wp-image-10391\" srcset=\"https:\/\/festival-armoricourt.com\/wp-content\/uploads\/2024\/11\/image.png 800w, https:\/\/festival-armoricourt.com\/wp-content\/uploads\/2024\/11\/image-300x92.png 300w, https:\/\/festival-armoricourt.com\/wp-content\/uploads\/2024\/11\/image-768x234.png 768w\" sizes=\"(max-width: 800px) 100vw, 800px\" \/><\/figure>\n\n\n\n<p>Le rideau est retomb\u00e9 samedi soir 23 novembre sur la seizi\u00e8me \u00e9dition du Festival Armoricourt<br>Une \u00e9dition riche en films aux th\u00e8mes vari\u00e9s et actuels qui s\u2019est termin\u00e9e par le palmar\u00e8s et la remise des prix. Voici donc le palmar\u00e8s 2024 :<br>\u2013&nbsp;<strong>Prix de l\u2019invit\u00e9 d\u2019honneur<\/strong>&nbsp;(Julien Jaouen) :&nbsp;<strong>\u00ab&nbsp;Berthe is dead, but it\u2019s ok&nbsp;\u00bb&nbsp;\u00bb<\/strong>&nbsp;de&nbsp;<strong>Sacha Trilles<\/strong><br>\u2013&nbsp;<strong>Prix du public<\/strong>&nbsp;:&nbsp;<strong>\u00ab&nbsp;Nos loyaut\u00e9s&nbsp;\u00bb<\/strong>&nbsp;de&nbsp;<strong>Alexia Portal<\/strong><br>\u2013&nbsp;<strong>Prix du Comit\u00e9 Armoricourt<\/strong>&nbsp;:&nbsp;<strong>\u00ab&nbsp;Yiyi loin de son pays&nbsp;\u00bb<\/strong>&nbsp;de&nbsp;<strong>Yiwei Yao<\/strong><\/p>\n\n\n\n<p><strong>F\u00e9licitations<\/strong>&nbsp;aux laur\u00e9ats ainsi qu\u2019aux autres r\u00e9alisateurs qui nous ont tous pr\u00e9sent\u00e9 des films novateurs, dr\u00f4les, \u00e9mouvants. De beaux moments de partage cin\u00e9matographiques.<\/p>\n\n\n\n<p>Photo souvenir des participants pr\u00e9sents \u00e0 la remise des prix:<\/p>\n\n\n\n<p>Adrien Casse (\u00ab&nbsp;Nos loyaut\u00e9s&nbsp;\u00bb), Yiwei Yao et Christophe Fressard (\u00ab&nbsp;Yiyi loin de son pays&nbsp;\u00bb), Fr\u00e9d\u00e9ric Frankel (\u00ab&nbsp;El gato&nbsp;\u00bb) et Yves L\u00e9vy (\u00ab&nbsp;Quand je serai grande&nbsp;\u00bb)<\/p>\n\n\n\n<figure class=\"wp-block-image size-large\"><img decoding=\"async\" width=\"1024\" height=\"768\" src=\"https:\/\/festival-armoricourt.com\/wp-content\/uploads\/2024\/11\/Remise-des-prix-edition-2024-1024x768.jpg\" alt=\"\" class=\"wp-image-10390\" srcset=\"https:\/\/festival-armoricourt.com\/wp-content\/uploads\/2024\/11\/Remise-des-prix-edition-2024-1024x768.jpg 1024w, https:\/\/festival-armoricourt.com\/wp-content\/uploads\/2024\/11\/Remise-des-prix-edition-2024-300x225.jpg 300w, https:\/\/festival-armoricourt.com\/wp-content\/uploads\/2024\/11\/Remise-des-prix-edition-2024-768x576.jpg 768w, https:\/\/festival-armoricourt.com\/wp-content\/uploads\/2024\/11\/Remise-des-prix-edition-2024-1536x1152.jpg 1536w, https:\/\/festival-armoricourt.com\/wp-content\/uploads\/2024\/11\/Remise-des-prix-edition-2024-2048x1536.jpg 2048w, https:\/\/festival-armoricourt.com\/wp-content\/uploads\/2024\/11\/Remise-des-prix-edition-2024-1320x990.jpg 1320w\" sizes=\"(max-width: 1024px) 100vw, 1024px\" \/><\/figure>\n","protected":false},"excerpt":{"rendered":"<p>Le rideau est retomb\u00e9 samedi soir 23 novembre sur la seizi\u00e8me \u00e9dition du Festival ArmoricourtUne \u00e9dition riche en films aux th\u00e8mes vari\u00e9s et actuels qui s\u2019est termin\u00e9e par le palmar\u00e8s et la remise des prix. Voici donc le palmar\u00e8s 2024 :\u2013&nbsp;Prix de l\u2019invit\u00e9 d\u2019honneur&nbsp;(Julien Jaouen) :&nbsp;\u00ab&nbsp;Berthe is dead, but it\u2019s ok&nbsp;\u00bb&nbsp;\u00bb&nbsp;de&nbsp;Sacha Trilles\u2013&nbsp;Prix du public&nbsp;:&nbsp;\u00ab&nbsp;Nos loyaut\u00e9s&nbsp;\u00bb&nbsp;de&nbsp;Alexia [&hellip;]<\/p>\n","protected":false},"author":1,"featured_media":10391,"parent":0,"menu_order":0,"comment_status":"closed","ping_status":"closed","template":"","meta":{"ocean_post_layout":"","ocean_both_sidebars_style":"","ocean_both_sidebars_content_width":0,"ocean_both_sidebars_sidebars_width":0,"ocean_sidebar":"","ocean_second_sidebar":"","ocean_disable_margins":"enable","ocean_add_body_class":"","ocean_shortcode_before_top_bar":"","ocean_shortcode_after_top_bar":"","ocean_shortcode_before_header":"","ocean_shortcode_after_header":"","ocean_has_shortcode":"","ocean_shortcode_after_title":"","ocean_shortcode_before_footer_widgets":"","ocean_shortcode_after_footer_widgets":"","ocean_shortcode_before_footer_bottom":"","ocean_shortcode_after_footer_bottom":"","ocean_display_top_bar":"default","ocean_display_header":"default","ocean_header_style":"","ocean_center_header_left_menu":"","ocean_custom_header_template":"","ocean_custom_logo":0,"ocean_custom_retina_logo":0,"ocean_custom_logo_max_width":0,"ocean_custom_logo_tablet_max_width":0,"ocean_custom_logo_mobile_max_width":0,"ocean_custom_logo_max_height":0,"ocean_custom_logo_tablet_max_height":0,"ocean_custom_logo_mobile_max_height":0,"ocean_header_custom_menu":"","ocean_menu_typo_font_family":"","ocean_menu_typo_font_subset":"","ocean_menu_typo_font_size":0,"ocean_menu_typo_font_size_tablet":0,"ocean_menu_typo_font_size_mobile":0,"ocean_menu_typo_font_size_unit":"px","ocean_menu_typo_font_weight":"","ocean_menu_typo_font_weight_tablet":"","ocean_menu_typo_font_weight_mobile":"","ocean_menu_typo_transform":"","ocean_menu_typo_transform_tablet":"","ocean_menu_typo_transform_mobile":"","ocean_menu_typo_line_height":0,"ocean_menu_typo_line_height_tablet":0,"ocean_menu_typo_line_height_mobile":0,"ocean_menu_typo_line_height_unit":"","ocean_menu_typo_spacing":0,"ocean_menu_typo_spacing_tablet":0,"ocean_menu_typo_spacing_mobile":0,"ocean_menu_typo_spacing_unit":"","ocean_menu_link_color":"","ocean_menu_link_color_hover":"","ocean_menu_link_color_active":"","ocean_menu_link_background":"","ocean_menu_link_hover_background":"","ocean_menu_link_active_background":"","ocean_menu_social_links_bg":"","ocean_menu_social_hover_links_bg":"","ocean_menu_social_links_color":"","ocean_menu_social_hover_links_color":"","ocean_disable_title":"default","ocean_disable_heading":"default","ocean_post_title":"","ocean_post_subheading":"","ocean_post_title_style":"","ocean_post_title_background_color":"","ocean_post_title_background":0,"ocean_post_title_bg_image_position":"","ocean_post_title_bg_image_attachment":"","ocean_post_title_bg_image_repeat":"","ocean_post_title_bg_image_size":"","ocean_post_title_height":0,"ocean_post_title_bg_overlay":0.5,"ocean_post_title_bg_overlay_color":"","ocean_disable_breadcrumbs":"default","ocean_breadcrumbs_color":"","ocean_breadcrumbs_separator_color":"","ocean_breadcrumbs_links_color":"","ocean_breadcrumbs_links_hover_color":"","ocean_display_footer_widgets":"default","ocean_display_footer_bottom":"default","ocean_custom_footer_template":"","footnotes":""},"class_list":["post-10408","page","type-page","status-publish","has-post-thumbnail","hentry","entry","has-media"],"yoast_head":"<!-- This site is optimized with the Yoast SEO plugin v27.0 - https:\/\/yoast.com\/product\/yoast-seo-wordpress\/ -->\n<title>PALMAR\u00c8S ET PRIX - Festival Armoricourt<\/title>\n<meta name=\"robots\" content=\"index, follow, max-snippet:-1, max-image-preview:large, max-video-preview:-1\" \/>\n<link rel=\"canonical\" href=\"https:\/\/festival-armoricourt.com\/index.php\/palmares-et-prix\/\" \/>\n<meta property=\"og:locale\" content=\"fr_FR\" \/>\n<meta property=\"og:type\" content=\"article\" \/>\n<meta property=\"og:title\" content=\"PALMAR\u00c8S ET PRIX - Festival Armoricourt\" \/>\n<meta property=\"og:description\" content=\"Le rideau est retomb\u00e9 samedi soir 23 novembre sur la seizi\u00e8me \u00e9dition du Festival ArmoricourtUne \u00e9dition riche en films aux th\u00e8mes vari\u00e9s et actuels qui s\u2019est termin\u00e9e par le palmar\u00e8s et la remise des prix. Voici donc le palmar\u00e8s 2024 :\u2013&nbsp;Prix de l\u2019invit\u00e9 d\u2019honneur&nbsp;(Julien Jaouen) :&nbsp;\u00ab&nbsp;Berthe is dead, but it\u2019s ok&nbsp;\u00bb&nbsp;\u00bb&nbsp;de&nbsp;Sacha Trilles\u2013&nbsp;Prix du public&nbsp;:&nbsp;\u00ab&nbsp;Nos loyaut\u00e9s&nbsp;\u00bb&nbsp;de&nbsp;Alexia [&hellip;]\" \/>\n<meta property=\"og:url\" content=\"https:\/\/festival-armoricourt.com\/index.php\/palmares-et-prix\/\" \/>\n<meta property=\"og:site_name\" content=\"Festival Armoricourt\" \/>\n<meta property=\"article:publisher\" content=\"https:\/\/www.facebook.com\/armoricourt\" \/>\n<meta property=\"article:modified_time\" content=\"2024-12-10T18:16:47+00:00\" \/>\n<meta property=\"og:image\" content=\"https:\/\/festival-armoricourt.com\/wp-content\/uploads\/2024\/11\/image.png\" \/>\n\t<meta property=\"og:image:width\" content=\"800\" \/>\n\t<meta property=\"og:image:height\" content=\"244\" \/>\n\t<meta property=\"og:image:type\" content=\"image\/png\" \/>\n<meta name=\"twitter:card\" content=\"summary_large_image\" \/>\n<meta name=\"twitter:label1\" content=\"Dur\u00e9e de lecture estim\u00e9e\" \/>\n\t<meta name=\"twitter:data1\" content=\"2 minutes\" \/>\n<script type=\"application\/ld+json\" class=\"yoast-schema-graph\">{\"@context\":\"https:\/\/schema.org\",\"@graph\":[{\"@type\":\"WebPage\",\"@id\":\"https:\/\/festival-armoricourt.com\/index.php\/palmares-et-prix\/\",\"url\":\"https:\/\/festival-armoricourt.com\/index.php\/palmares-et-prix\/\",\"name\":\"PALMAR\u00c8S ET PRIX - Festival Armoricourt\",\"isPartOf\":{\"@id\":\"https:\/\/festival-armoricourt.com\/#website\"},\"primaryImageOfPage\":{\"@id\":\"https:\/\/festival-armoricourt.com\/index.php\/palmares-et-prix\/#primaryimage\"},\"image\":{\"@id\":\"https:\/\/festival-armoricourt.com\/index.php\/palmares-et-prix\/#primaryimage\"},\"thumbnailUrl\":\"https:\/\/festival-armoricourt.com\/wp-content\/uploads\/2024\/11\/image.png\",\"datePublished\":\"2024-12-10T18:16:45+00:00\",\"dateModified\":\"2024-12-10T18:16:47+00:00\",\"breadcrumb\":{\"@id\":\"https:\/\/festival-armoricourt.com\/index.php\/palmares-et-prix\/#breadcrumb\"},\"inLanguage\":\"fr-FR\",\"potentialAction\":[{\"@type\":\"ReadAction\",\"target\":[\"https:\/\/festival-armoricourt.com\/index.php\/palmares-et-prix\/\"]}]},{\"@type\":\"ImageObject\",\"inLanguage\":\"fr-FR\",\"@id\":\"https:\/\/festival-armoricourt.com\/index.php\/palmares-et-prix\/#primaryimage\",\"url\":\"https:\/\/festival-armoricourt.com\/wp-content\/uploads\/2024\/11\/image.png\",\"contentUrl\":\"https:\/\/festival-armoricourt.com\/wp-content\/uploads\/2024\/11\/image.png\",\"width\":800,\"height\":244},{\"@type\":\"BreadcrumbList\",\"@id\":\"https:\/\/festival-armoricourt.com\/index.php\/palmares-et-prix\/#breadcrumb\",\"itemListElement\":[{\"@type\":\"ListItem\",\"position\":1,\"name\":\"Accueil\",\"item\":\"https:\/\/festival-armoricourt.com\/\"},{\"@type\":\"ListItem\",\"position\":2,\"name\":\"PALMAR\u00c8S ET PRIX\"}]},{\"@type\":\"WebSite\",\"@id\":\"https:\/\/festival-armoricourt.com\/#website\",\"url\":\"https:\/\/festival-armoricourt.com\/\",\"name\":\"Festival Armoricourt\",\"description\":\"Decouvrir des courts m\u00e9trages de qualit\u00e9, et rencontrer ceux qui les font\",\"publisher\":{\"@id\":\"https:\/\/festival-armoricourt.com\/#organization\"},\"potentialAction\":[{\"@type\":\"SearchAction\",\"target\":{\"@type\":\"EntryPoint\",\"urlTemplate\":\"https:\/\/festival-armoricourt.com\/?s={search_term_string}\"},\"query-input\":{\"@type\":\"PropertyValueSpecification\",\"valueRequired\":true,\"valueName\":\"search_term_string\"}}],\"inLanguage\":\"fr-FR\"},{\"@type\":\"Organization\",\"@id\":\"https:\/\/festival-armoricourt.com\/#organization\",\"name\":\"Armoricourt\",\"url\":\"https:\/\/festival-armoricourt.com\/\",\"logo\":{\"@type\":\"ImageObject\",\"inLanguage\":\"fr-FR\",\"@id\":\"https:\/\/festival-armoricourt.com\/#\/schema\/logo\/image\/\",\"url\":\"https:\/\/festival-armoricourt.com\/wp-content\/uploads\/2023\/10\/cropped-2023-logo-armoricourt-1280.jpg\",\"contentUrl\":\"https:\/\/festival-armoricourt.com\/wp-content\/uploads\/2023\/10\/cropped-2023-logo-armoricourt-1280.jpg\",\"width\":1280,\"height\":351,\"caption\":\"Armoricourt\"},\"image\":{\"@id\":\"https:\/\/festival-armoricourt.com\/#\/schema\/logo\/image\/\"},\"sameAs\":[\"https:\/\/www.facebook.com\/armoricourt\"]}]}<\/script>\n<!-- \/ Yoast SEO plugin. -->","yoast_head_json":{"title":"PALMAR\u00c8S ET PRIX - Festival Armoricourt","robots":{"index":"index","follow":"follow","max-snippet":"max-snippet:-1","max-image-preview":"max-image-preview:large","max-video-preview":"max-video-preview:-1"},"canonical":"https:\/\/festival-armoricourt.com\/index.php\/palmares-et-prix\/","og_locale":"fr_FR","og_type":"article","og_title":"PALMAR\u00c8S ET PRIX - Festival Armoricourt","og_description":"Le rideau est retomb\u00e9 samedi soir 23 novembre sur la seizi\u00e8me \u00e9dition du Festival ArmoricourtUne \u00e9dition riche en films aux th\u00e8mes vari\u00e9s et actuels qui s\u2019est termin\u00e9e par le palmar\u00e8s et la remise des prix. Voici donc le palmar\u00e8s 2024 :\u2013&nbsp;Prix de l\u2019invit\u00e9 d\u2019honneur&nbsp;(Julien Jaouen) :&nbsp;\u00ab&nbsp;Berthe is dead, but it\u2019s ok&nbsp;\u00bb&nbsp;\u00bb&nbsp;de&nbsp;Sacha Trilles\u2013&nbsp;Prix du public&nbsp;:&nbsp;\u00ab&nbsp;Nos loyaut\u00e9s&nbsp;\u00bb&nbsp;de&nbsp;Alexia [&hellip;]","og_url":"https:\/\/festival-armoricourt.com\/index.php\/palmares-et-prix\/","og_site_name":"Festival Armoricourt","article_publisher":"https:\/\/www.facebook.com\/armoricourt","article_modified_time":"2024-12-10T18:16:47+00:00","og_image":[{"width":800,"height":244,"url":"https:\/\/festival-armoricourt.com\/wp-content\/uploads\/2024\/11\/image.png","type":"image\/png"}],"twitter_card":"summary_large_image","twitter_misc":{"Dur\u00e9e de lecture estim\u00e9e":"2 minutes"},"schema":{"@context":"https:\/\/schema.org","@graph":[{"@type":"WebPage","@id":"https:\/\/festival-armoricourt.com\/index.php\/palmares-et-prix\/","url":"https:\/\/festival-armoricourt.com\/index.php\/palmares-et-prix\/","name":"PALMAR\u00c8S ET PRIX - Festival Armoricourt","isPartOf":{"@id":"https:\/\/festival-armoricourt.com\/#website"},"primaryImageOfPage":{"@id":"https:\/\/festival-armoricourt.com\/index.php\/palmares-et-prix\/#primaryimage"},"image":{"@id":"https:\/\/festival-armoricourt.com\/index.php\/palmares-et-prix\/#primaryimage"},"thumbnailUrl":"https:\/\/festival-armoricourt.com\/wp-content\/uploads\/2024\/11\/image.png","datePublished":"2024-12-10T18:16:45+00:00","dateModified":"2024-12-10T18:16:47+00:00","breadcrumb":{"@id":"https:\/\/festival-armoricourt.com\/index.php\/palmares-et-prix\/#breadcrumb"},"inLanguage":"fr-FR","potentialAction":[{"@type":"ReadAction","target":["https:\/\/festival-armoricourt.com\/index.php\/palmares-et-prix\/"]}]},{"@type":"ImageObject","inLanguage":"fr-FR","@id":"https:\/\/festival-armoricourt.com\/index.php\/palmares-et-prix\/#primaryimage","url":"https:\/\/festival-armoricourt.com\/wp-content\/uploads\/2024\/11\/image.png","contentUrl":"https:\/\/festival-armoricourt.com\/wp-content\/uploads\/2024\/11\/image.png","width":800,"height":244},{"@type":"BreadcrumbList","@id":"https:\/\/festival-armoricourt.com\/index.php\/palmares-et-prix\/#breadcrumb","itemListElement":[{"@type":"ListItem","position":1,"name":"Accueil","item":"https:\/\/festival-armoricourt.com\/"},{"@type":"ListItem","position":2,"name":"PALMAR\u00c8S ET PRIX"}]},{"@type":"WebSite","@id":"https:\/\/festival-armoricourt.com\/#website","url":"https:\/\/festival-armoricourt.com\/","name":"Festival Armoricourt","description":"Decouvrir des courts m\u00e9trages de qualit\u00e9, et rencontrer ceux qui les font","publisher":{"@id":"https:\/\/festival-armoricourt.com\/#organization"},"potentialAction":[{"@type":"SearchAction","target":{"@type":"EntryPoint","urlTemplate":"https:\/\/festival-armoricourt.com\/?s={search_term_string}"},"query-input":{"@type":"PropertyValueSpecification","valueRequired":true,"valueName":"search_term_string"}}],"inLanguage":"fr-FR"},{"@type":"Organization","@id":"https:\/\/festival-armoricourt.com\/#organization","name":"Armoricourt","url":"https:\/\/festival-armoricourt.com\/","logo":{"@type":"ImageObject","inLanguage":"fr-FR","@id":"https:\/\/festival-armoricourt.com\/#\/schema\/logo\/image\/","url":"https:\/\/festival-armoricourt.com\/wp-content\/uploads\/2023\/10\/cropped-2023-logo-armoricourt-1280.jpg","contentUrl":"https:\/\/festival-armoricourt.com\/wp-content\/uploads\/2023\/10\/cropped-2023-logo-armoricourt-1280.jpg","width":1280,"height":351,"caption":"Armoricourt"},"image":{"@id":"https:\/\/festival-armoricourt.com\/#\/schema\/logo\/image\/"},"sameAs":["https:\/\/www.facebook.com\/armoricourt"]}]}},"_links":{"self":[{"href":"https:\/\/festival-armoricourt.com\/index.php\/wp-json\/wp\/v2\/pages\/10408","targetHints":{"allow":["GET"]}}],"collection":[{"href":"https:\/\/festival-armoricourt.com\/index.php\/wp-json\/wp\/v2\/pages"}],"about":[{"href":"https:\/\/festival-armoricourt.com\/index.php\/wp-json\/wp\/v2\/types\/page"}],"author":[{"embeddable":true,"href":"https:\/\/festival-armoricourt.com\/index.php\/wp-json\/wp\/v2\/users\/1"}],"replies":[{"embeddable":true,"href":"https:\/\/festival-armoricourt.com\/index.php\/wp-json\/wp\/v2\/comments?post=10408"}],"version-history":[{"count":3,"href":"https:\/\/festival-armoricourt.com\/index.php\/wp-json\/wp\/v2\/pages\/10408\/revisions"}],"predecessor-version":[{"id":10411,"href":"https:\/\/festival-armoricourt.com\/index.php\/wp-json\/wp\/v2\/pages\/10408\/revisions\/10411"}],"wp:featuredmedia":[{"embeddable":true,"href":"https:\/\/festival-armoricourt.com\/index.php\/wp-json\/wp\/v2\/media\/10391"}],"wp:attachment":[{"href":"https:\/\/festival-armoricourt.com\/index.php\/wp-json\/wp\/v2\/media?parent=10408"}],"curies":[{"name":"wp","href":"https:\/\/api.w.org\/{rel}","templated":true}]}}