{"id":10277,"date":"2024-10-13T18:28:24","date_gmt":"2024-10-13T16:28:24","guid":{"rendered":"https:\/\/festival-armoricourt.com\/?page_id=10277"},"modified":"2024-11-11T10:57:37","modified_gmt":"2024-11-11T09:57:37","slug":"programme-de-la-competition","status":"publish","type":"page","link":"https:\/\/festival-armoricourt.com\/index.php\/programme-de-la-competition\/","title":{"rendered":"PROGRAMME COMP\u00c9TITION"},"content":{"rendered":"\n<p>Le programme comp\u00e9tition d\u2019Armoricourt 2024 rassemble 7 moyens m\u00e9trages (moins d\u2019une heure chacun) distribu\u00e9s sur 3 s\u00e9ances au cin\u00e9ma Le Douron \u00e0 Plestin-les-Gr\u00e8ves : une premi\u00e8re s\u00e9ance le vendredi 22 novembre \u00e0 20:30, avec 2 films; une s\u00e9ance samedi 23 novembre \u00e0 15:30 avec 3 films; et une derni\u00e8re s\u00e9ance le samedi 23 novembre \u00e0 20:30 avec 2 films.<\/p>\n\n\n\n<p>Le samedi soir vers 23:00, \u00e0 la fin des projections et d\u00e9bats, apr\u00e8s un court interm\u00e8de au cours duquel un court m\u00e9trage pr\u00e9sent\u00e9 lors d&rsquo;une pr\u00e9c\u00e9dente s\u00e9lection sera projet\u00e9, arriveront le palmar\u00e8s et la remise des prix.<\/p>\n\n\n\n<p>Visionnez <a href=\"https:\/\/vimeo.com\/1022433321\/d6931ac5b3?ts=0&amp;share=copy\">la bande-annonce<\/a><\/p>\n\n\n\n<p>Voici le d\u00e9tail du programme de ces deux journ\u00e9es :<\/p>\n\n\n\n<figure class=\"wp-block-image size-large\"><img fetchpriority=\"high\" decoding=\"async\" width=\"1024\" height=\"95\" src=\"https:\/\/festival-armoricourt.com\/wp-content\/uploads\/2024\/11\/s-vendredi-20.30-1024x95.png\" alt=\"\" class=\"wp-image-10365\" srcset=\"https:\/\/festival-armoricourt.com\/wp-content\/uploads\/2024\/11\/s-vendredi-20.30-1024x95.png 1024w, https:\/\/festival-armoricourt.com\/wp-content\/uploads\/2024\/11\/s-vendredi-20.30-300x28.png 300w, https:\/\/festival-armoricourt.com\/wp-content\/uploads\/2024\/11\/s-vendredi-20.30-768x72.png 768w, https:\/\/festival-armoricourt.com\/wp-content\/uploads\/2024\/11\/s-vendredi-20.30.png 1148w\" sizes=\"(max-width: 1024px) 100vw, 1024px\" \/><\/figure>\n\n\n\n<figure class=\"wp-block-image size-large\"><img decoding=\"async\" width=\"1024\" height=\"1012\" src=\"https:\/\/festival-armoricourt.com\/wp-content\/uploads\/2024\/11\/Lena-a-Nogaro-1024x1012.jpg\" alt=\"\" class=\"wp-image-10369\" srcset=\"https:\/\/festival-armoricourt.com\/wp-content\/uploads\/2024\/11\/Lena-a-Nogaro-1024x1012.jpg 1024w, https:\/\/festival-armoricourt.com\/wp-content\/uploads\/2024\/11\/Lena-a-Nogaro-300x296.jpg 300w, https:\/\/festival-armoricourt.com\/wp-content\/uploads\/2024\/11\/Lena-a-Nogaro-768x759.jpg 768w, https:\/\/festival-armoricourt.com\/wp-content\/uploads\/2024\/11\/Lena-a-Nogaro.jpg 1263w\" sizes=\"(max-width: 1024px) 100vw, 1024px\" \/><\/figure>\n\n\n\n<figure class=\"wp-block-image size-large\"><img decoding=\"async\" width=\"921\" height=\"1024\" src=\"https:\/\/festival-armoricourt.com\/wp-content\/uploads\/2024\/11\/Berthe-is-dead-but-its-ok-921x1024.jpg\" alt=\"\" class=\"wp-image-10370\" srcset=\"https:\/\/festival-armoricourt.com\/wp-content\/uploads\/2024\/11\/Berthe-is-dead-but-its-ok-921x1024.jpg 921w, https:\/\/festival-armoricourt.com\/wp-content\/uploads\/2024\/11\/Berthe-is-dead-but-its-ok-270x300.jpg 270w, https:\/\/festival-armoricourt.com\/wp-content\/uploads\/2024\/11\/Berthe-is-dead-but-its-ok-768x854.jpg 768w, https:\/\/festival-armoricourt.com\/wp-content\/uploads\/2024\/11\/Berthe-is-dead-but-its-ok.jpg 1263w\" sizes=\"(max-width: 921px) 100vw, 921px\" \/><\/figure>\n\n\n\n<figure class=\"wp-block-image size-large\"><img loading=\"lazy\" decoding=\"async\" width=\"1024\" height=\"93\" src=\"https:\/\/festival-armoricourt.com\/wp-content\/uploads\/2024\/11\/s-samedi-15.30-1024x93.png\" alt=\"\" class=\"wp-image-10364\" srcset=\"https:\/\/festival-armoricourt.com\/wp-content\/uploads\/2024\/11\/s-samedi-15.30-1024x93.png 1024w, https:\/\/festival-armoricourt.com\/wp-content\/uploads\/2024\/11\/s-samedi-15.30-300x27.png 300w, https:\/\/festival-armoricourt.com\/wp-content\/uploads\/2024\/11\/s-samedi-15.30-768x70.png 768w, https:\/\/festival-armoricourt.com\/wp-content\/uploads\/2024\/11\/s-samedi-15.30.png 1172w\" sizes=\"(max-width: 1024px) 100vw, 1024px\" \/><\/figure>\n\n\n\n<figure class=\"wp-block-image size-large\"><img loading=\"lazy\" decoding=\"async\" width=\"1024\" height=\"853\" src=\"https:\/\/festival-armoricourt.com\/wp-content\/uploads\/2024\/11\/Muffin-Nature-1024x853.jpg\" alt=\"\" class=\"wp-image-10371\" srcset=\"https:\/\/festival-armoricourt.com\/wp-content\/uploads\/2024\/11\/Muffin-Nature-1024x853.jpg 1024w, https:\/\/festival-armoricourt.com\/wp-content\/uploads\/2024\/11\/Muffin-Nature-300x250.jpg 300w, https:\/\/festival-armoricourt.com\/wp-content\/uploads\/2024\/11\/Muffin-Nature-768x640.jpg 768w, https:\/\/festival-armoricourt.com\/wp-content\/uploads\/2024\/11\/Muffin-Nature.jpg 1253w\" sizes=\"(max-width: 1024px) 100vw, 1024px\" \/><\/figure>\n\n\n\n<figure class=\"wp-block-image size-large\"><img loading=\"lazy\" decoding=\"async\" width=\"1024\" height=\"929\" src=\"https:\/\/festival-armoricourt.com\/wp-content\/uploads\/2024\/11\/El-Gato-1024x929.jpg\" alt=\"\" class=\"wp-image-10372\" srcset=\"https:\/\/festival-armoricourt.com\/wp-content\/uploads\/2024\/11\/El-Gato-1024x929.jpg 1024w, https:\/\/festival-armoricourt.com\/wp-content\/uploads\/2024\/11\/El-Gato-300x272.jpg 300w, https:\/\/festival-armoricourt.com\/wp-content\/uploads\/2024\/11\/El-Gato-768x697.jpg 768w, https:\/\/festival-armoricourt.com\/wp-content\/uploads\/2024\/11\/El-Gato.jpg 1258w\" sizes=\"(max-width: 1024px) 100vw, 1024px\" \/><\/figure>\n\n\n\n<figure class=\"wp-block-image size-large\"><img loading=\"lazy\" decoding=\"async\" width=\"1024\" height=\"943\" src=\"https:\/\/festival-armoricourt.com\/wp-content\/uploads\/2024\/11\/Nos-Loyautes-1024x943.jpg\" alt=\"\" class=\"wp-image-10373\" srcset=\"https:\/\/festival-armoricourt.com\/wp-content\/uploads\/2024\/11\/Nos-Loyautes-1024x943.jpg 1024w, https:\/\/festival-armoricourt.com\/wp-content\/uploads\/2024\/11\/Nos-Loyautes-300x276.jpg 300w, https:\/\/festival-armoricourt.com\/wp-content\/uploads\/2024\/11\/Nos-Loyautes-768x708.jpg 768w, https:\/\/festival-armoricourt.com\/wp-content\/uploads\/2024\/11\/Nos-Loyautes.jpg 1258w\" sizes=\"(max-width: 1024px) 100vw, 1024px\" \/><\/figure>\n\n\n\n<figure class=\"wp-block-image size-large\"><img loading=\"lazy\" decoding=\"async\" width=\"1024\" height=\"97\" src=\"https:\/\/festival-armoricourt.com\/wp-content\/uploads\/2024\/11\/s-samedi-20.30-1024x97.png\" alt=\"\" class=\"wp-image-10366\" srcset=\"https:\/\/festival-armoricourt.com\/wp-content\/uploads\/2024\/11\/s-samedi-20.30-1024x97.png 1024w, https:\/\/festival-armoricourt.com\/wp-content\/uploads\/2024\/11\/s-samedi-20.30-300x28.png 300w, https:\/\/festival-armoricourt.com\/wp-content\/uploads\/2024\/11\/s-samedi-20.30-768x72.png 768w, https:\/\/festival-armoricourt.com\/wp-content\/uploads\/2024\/11\/s-samedi-20.30.png 1135w\" sizes=\"(max-width: 1024px) 100vw, 1024px\" \/><\/figure>\n\n\n\n<figure class=\"wp-block-image size-large\"><img loading=\"lazy\" decoding=\"async\" width=\"1017\" height=\"1024\" src=\"https:\/\/festival-armoricourt.com\/wp-content\/uploads\/2024\/11\/Yiyi-loin-de-son-pays-1017x1024.jpg\" alt=\"\" class=\"wp-image-10374\" srcset=\"https:\/\/festival-armoricourt.com\/wp-content\/uploads\/2024\/11\/Yiyi-loin-de-son-pays-1017x1024.jpg 1017w, https:\/\/festival-armoricourt.com\/wp-content\/uploads\/2024\/11\/Yiyi-loin-de-son-pays-298x300.jpg 298w, https:\/\/festival-armoricourt.com\/wp-content\/uploads\/2024\/11\/Yiyi-loin-de-son-pays-150x150.jpg 150w, https:\/\/festival-armoricourt.com\/wp-content\/uploads\/2024\/11\/Yiyi-loin-de-son-pays-768x773.jpg 768w, https:\/\/festival-armoricourt.com\/wp-content\/uploads\/2024\/11\/Yiyi-loin-de-son-pays.jpg 1240w\" sizes=\"(max-width: 1017px) 100vw, 1017px\" \/><\/figure>\n\n\n\n<figure class=\"wp-block-image size-large\"><img loading=\"lazy\" decoding=\"async\" width=\"984\" height=\"1024\" src=\"https:\/\/festival-armoricourt.com\/wp-content\/uploads\/2024\/11\/Quand-je-serai-grande-984x1024.jpg\" alt=\"\" class=\"wp-image-10375\" srcset=\"https:\/\/festival-armoricourt.com\/wp-content\/uploads\/2024\/11\/Quand-je-serai-grande-984x1024.jpg 984w, https:\/\/festival-armoricourt.com\/wp-content\/uploads\/2024\/11\/Quand-je-serai-grande-288x300.jpg 288w, https:\/\/festival-armoricourt.com\/wp-content\/uploads\/2024\/11\/Quand-je-serai-grande-768x799.jpg 768w, https:\/\/festival-armoricourt.com\/wp-content\/uploads\/2024\/11\/Quand-je-serai-grande.jpg 1240w\" sizes=\"(max-width: 984px) 100vw, 984px\" \/><\/figure>\n","protected":false},"excerpt":{"rendered":"<p>Le programme comp\u00e9tition d\u2019Armoricourt 2024 rassemble 7 moyens m\u00e9trages (moins d\u2019une heure chacun) distribu\u00e9s sur 3 s\u00e9ances au cin\u00e9ma Le Douron \u00e0 Plestin-les-Gr\u00e8ves : une premi\u00e8re s\u00e9ance le vendredi 22 novembre \u00e0 20:30, avec 2 films; une s\u00e9ance samedi 23 novembre \u00e0 15:30 avec 3 films; et une derni\u00e8re s\u00e9ance le samedi 23 novembre \u00e0 [&hellip;]<\/p>\n","protected":false},"author":1,"featured_media":10365,"parent":0,"menu_order":0,"comment_status":"closed","ping_status":"closed","template":"","meta":{"ocean_post_layout":"","ocean_both_sidebars_style":"","ocean_both_sidebars_content_width":0,"ocean_both_sidebars_sidebars_width":0,"ocean_sidebar":"","ocean_second_sidebar":"","ocean_disable_margins":"enable","ocean_add_body_class":"","ocean_shortcode_before_top_bar":"","ocean_shortcode_after_top_bar":"","ocean_shortcode_before_header":"","ocean_shortcode_after_header":"","ocean_has_shortcode":"","ocean_shortcode_after_title":"","ocean_shortcode_before_footer_widgets":"","ocean_shortcode_after_footer_widgets":"","ocean_shortcode_before_footer_bottom":"","ocean_shortcode_after_footer_bottom":"","ocean_display_top_bar":"default","ocean_display_header":"default","ocean_header_style":"","ocean_center_header_left_menu":"","ocean_custom_header_template":"","ocean_custom_logo":0,"ocean_custom_retina_logo":0,"ocean_custom_logo_max_width":0,"ocean_custom_logo_tablet_max_width":0,"ocean_custom_logo_mobile_max_width":0,"ocean_custom_logo_max_height":0,"ocean_custom_logo_tablet_max_height":0,"ocean_custom_logo_mobile_max_height":0,"ocean_header_custom_menu":"","ocean_menu_typo_font_family":"","ocean_menu_typo_font_subset":"","ocean_menu_typo_font_size":0,"ocean_menu_typo_font_size_tablet":0,"ocean_menu_typo_font_size_mobile":0,"ocean_menu_typo_font_size_unit":"px","ocean_menu_typo_font_weight":"","ocean_menu_typo_font_weight_tablet":"","ocean_menu_typo_font_weight_mobile":"","ocean_menu_typo_transform":"","ocean_menu_typo_transform_tablet":"","ocean_menu_typo_transform_mobile":"","ocean_menu_typo_line_height":0,"ocean_menu_typo_line_height_tablet":0,"ocean_menu_typo_line_height_mobile":0,"ocean_menu_typo_line_height_unit":"","ocean_menu_typo_spacing":0,"ocean_menu_typo_spacing_tablet":0,"ocean_menu_typo_spacing_mobile":0,"ocean_menu_typo_spacing_unit":"","ocean_menu_link_color":"","ocean_menu_link_color_hover":"","ocean_menu_link_color_active":"","ocean_menu_link_background":"","ocean_menu_link_hover_background":"","ocean_menu_link_active_background":"","ocean_menu_social_links_bg":"","ocean_menu_social_hover_links_bg":"","ocean_menu_social_links_color":"","ocean_menu_social_hover_links_color":"","ocean_disable_title":"default","ocean_disable_heading":"default","ocean_post_title":"","ocean_post_subheading":"","ocean_post_title_style":"","ocean_post_title_background_color":"","ocean_post_title_background":0,"ocean_post_title_bg_image_position":"","ocean_post_title_bg_image_attachment":"","ocean_post_title_bg_image_repeat":"","ocean_post_title_bg_image_size":"","ocean_post_title_height":0,"ocean_post_title_bg_overlay":0.5,"ocean_post_title_bg_overlay_color":"","ocean_disable_breadcrumbs":"default","ocean_breadcrumbs_color":"","ocean_breadcrumbs_separator_color":"","ocean_breadcrumbs_links_color":"","ocean_breadcrumbs_links_hover_color":"","ocean_display_footer_widgets":"default","ocean_display_footer_bottom":"default","ocean_custom_footer_template":"","footnotes":""},"class_list":["post-10277","page","type-page","status-publish","has-post-thumbnail","hentry","entry","has-media"],"yoast_head":"<!-- This site is optimized with the Yoast SEO plugin v27.0 - https:\/\/yoast.com\/product\/yoast-seo-wordpress\/ -->\n<title>PROGRAMME COMP\u00c9TITION - Festival Armoricourt<\/title>\n<meta name=\"robots\" content=\"index, follow, max-snippet:-1, max-image-preview:large, max-video-preview:-1\" \/>\n<link rel=\"canonical\" href=\"https:\/\/festival-armoricourt.com\/index.php\/programme-de-la-competition\/\" \/>\n<meta property=\"og:locale\" content=\"fr_FR\" \/>\n<meta property=\"og:type\" content=\"article\" \/>\n<meta property=\"og:title\" content=\"PROGRAMME COMP\u00c9TITION - Festival Armoricourt\" \/>\n<meta property=\"og:description\" content=\"Le programme comp\u00e9tition d\u2019Armoricourt 2024 rassemble 7 moyens m\u00e9trages (moins d\u2019une heure chacun) distribu\u00e9s sur 3 s\u00e9ances au cin\u00e9ma Le Douron \u00e0 Plestin-les-Gr\u00e8ves : une premi\u00e8re s\u00e9ance le vendredi 22 novembre \u00e0 20:30, avec 2 films; une s\u00e9ance samedi 23 novembre \u00e0 15:30 avec 3 films; et une derni\u00e8re s\u00e9ance le samedi 23 novembre \u00e0 [&hellip;]\" \/>\n<meta property=\"og:url\" content=\"https:\/\/festival-armoricourt.com\/index.php\/programme-de-la-competition\/\" \/>\n<meta property=\"og:site_name\" content=\"Festival Armoricourt\" \/>\n<meta property=\"article:publisher\" content=\"https:\/\/www.facebook.com\/armoricourt\" \/>\n<meta property=\"article:modified_time\" content=\"2024-11-11T09:57:37+00:00\" \/>\n<meta property=\"og:image\" content=\"https:\/\/festival-armoricourt.com\/wp-content\/uploads\/2024\/11\/s-vendredi-20.30.png\" \/>\n\t<meta property=\"og:image:width\" content=\"1148\" \/>\n\t<meta property=\"og:image:height\" content=\"107\" \/>\n\t<meta property=\"og:image:type\" content=\"image\/png\" \/>\n<meta name=\"twitter:card\" content=\"summary_large_image\" \/>\n<meta name=\"twitter:label1\" content=\"Dur\u00e9e de lecture estim\u00e9e\" \/>\n\t<meta name=\"twitter:data1\" content=\"3 minutes\" \/>\n<script type=\"application\/ld+json\" class=\"yoast-schema-graph\">{\"@context\":\"https:\/\/schema.org\",\"@graph\":[{\"@type\":\"WebPage\",\"@id\":\"https:\/\/festival-armoricourt.com\/index.php\/programme-de-la-competition\/\",\"url\":\"https:\/\/festival-armoricourt.com\/index.php\/programme-de-la-competition\/\",\"name\":\"PROGRAMME COMP\u00c9TITION - Festival Armoricourt\",\"isPartOf\":{\"@id\":\"https:\/\/festival-armoricourt.com\/#website\"},\"primaryImageOfPage\":{\"@id\":\"https:\/\/festival-armoricourt.com\/index.php\/programme-de-la-competition\/#primaryimage\"},\"image\":{\"@id\":\"https:\/\/festival-armoricourt.com\/index.php\/programme-de-la-competition\/#primaryimage\"},\"thumbnailUrl\":\"https:\/\/festival-armoricourt.com\/wp-content\/uploads\/2024\/11\/s-vendredi-20.30.png\",\"datePublished\":\"2024-10-13T16:28:24+00:00\",\"dateModified\":\"2024-11-11T09:57:37+00:00\",\"breadcrumb\":{\"@id\":\"https:\/\/festival-armoricourt.com\/index.php\/programme-de-la-competition\/#breadcrumb\"},\"inLanguage\":\"fr-FR\",\"potentialAction\":[{\"@type\":\"ReadAction\",\"target\":[\"https:\/\/festival-armoricourt.com\/index.php\/programme-de-la-competition\/\"]}]},{\"@type\":\"ImageObject\",\"inLanguage\":\"fr-FR\",\"@id\":\"https:\/\/festival-armoricourt.com\/index.php\/programme-de-la-competition\/#primaryimage\",\"url\":\"https:\/\/festival-armoricourt.com\/wp-content\/uploads\/2024\/11\/s-vendredi-20.30.png\",\"contentUrl\":\"https:\/\/festival-armoricourt.com\/wp-content\/uploads\/2024\/11\/s-vendredi-20.30.png\",\"width\":1148,\"height\":107},{\"@type\":\"BreadcrumbList\",\"@id\":\"https:\/\/festival-armoricourt.com\/index.php\/programme-de-la-competition\/#breadcrumb\",\"itemListElement\":[{\"@type\":\"ListItem\",\"position\":1,\"name\":\"Accueil\",\"item\":\"https:\/\/festival-armoricourt.com\/\"},{\"@type\":\"ListItem\",\"position\":2,\"name\":\"PROGRAMME COMP\u00c9TITION\"}]},{\"@type\":\"WebSite\",\"@id\":\"https:\/\/festival-armoricourt.com\/#website\",\"url\":\"https:\/\/festival-armoricourt.com\/\",\"name\":\"Festival Armoricourt\",\"description\":\"Decouvrir des courts m\u00e9trages de qualit\u00e9, et rencontrer ceux qui les font\",\"publisher\":{\"@id\":\"https:\/\/festival-armoricourt.com\/#organization\"},\"potentialAction\":[{\"@type\":\"SearchAction\",\"target\":{\"@type\":\"EntryPoint\",\"urlTemplate\":\"https:\/\/festival-armoricourt.com\/?s={search_term_string}\"},\"query-input\":{\"@type\":\"PropertyValueSpecification\",\"valueRequired\":true,\"valueName\":\"search_term_string\"}}],\"inLanguage\":\"fr-FR\"},{\"@type\":\"Organization\",\"@id\":\"https:\/\/festival-armoricourt.com\/#organization\",\"name\":\"Armoricourt\",\"url\":\"https:\/\/festival-armoricourt.com\/\",\"logo\":{\"@type\":\"ImageObject\",\"inLanguage\":\"fr-FR\",\"@id\":\"https:\/\/festival-armoricourt.com\/#\/schema\/logo\/image\/\",\"url\":\"https:\/\/festival-armoricourt.com\/wp-content\/uploads\/2023\/10\/cropped-2023-logo-armoricourt-1280.jpg\",\"contentUrl\":\"https:\/\/festival-armoricourt.com\/wp-content\/uploads\/2023\/10\/cropped-2023-logo-armoricourt-1280.jpg\",\"width\":1280,\"height\":351,\"caption\":\"Armoricourt\"},\"image\":{\"@id\":\"https:\/\/festival-armoricourt.com\/#\/schema\/logo\/image\/\"},\"sameAs\":[\"https:\/\/www.facebook.com\/armoricourt\"]}]}<\/script>\n<!-- \/ Yoast SEO plugin. -->","yoast_head_json":{"title":"PROGRAMME COMP\u00c9TITION - Festival Armoricourt","robots":{"index":"index","follow":"follow","max-snippet":"max-snippet:-1","max-image-preview":"max-image-preview:large","max-video-preview":"max-video-preview:-1"},"canonical":"https:\/\/festival-armoricourt.com\/index.php\/programme-de-la-competition\/","og_locale":"fr_FR","og_type":"article","og_title":"PROGRAMME COMP\u00c9TITION - Festival Armoricourt","og_description":"Le programme comp\u00e9tition d\u2019Armoricourt 2024 rassemble 7 moyens m\u00e9trages (moins d\u2019une heure chacun) distribu\u00e9s sur 3 s\u00e9ances au cin\u00e9ma Le Douron \u00e0 Plestin-les-Gr\u00e8ves : une premi\u00e8re s\u00e9ance le vendredi 22 novembre \u00e0 20:30, avec 2 films; une s\u00e9ance samedi 23 novembre \u00e0 15:30 avec 3 films; et une derni\u00e8re s\u00e9ance le samedi 23 novembre \u00e0 [&hellip;]","og_url":"https:\/\/festival-armoricourt.com\/index.php\/programme-de-la-competition\/","og_site_name":"Festival Armoricourt","article_publisher":"https:\/\/www.facebook.com\/armoricourt","article_modified_time":"2024-11-11T09:57:37+00:00","og_image":[{"width":1148,"height":107,"url":"https:\/\/festival-armoricourt.com\/wp-content\/uploads\/2024\/11\/s-vendredi-20.30.png","type":"image\/png"}],"twitter_card":"summary_large_image","twitter_misc":{"Dur\u00e9e de lecture estim\u00e9e":"3 minutes"},"schema":{"@context":"https:\/\/schema.org","@graph":[{"@type":"WebPage","@id":"https:\/\/festival-armoricourt.com\/index.php\/programme-de-la-competition\/","url":"https:\/\/festival-armoricourt.com\/index.php\/programme-de-la-competition\/","name":"PROGRAMME COMP\u00c9TITION - Festival Armoricourt","isPartOf":{"@id":"https:\/\/festival-armoricourt.com\/#website"},"primaryImageOfPage":{"@id":"https:\/\/festival-armoricourt.com\/index.php\/programme-de-la-competition\/#primaryimage"},"image":{"@id":"https:\/\/festival-armoricourt.com\/index.php\/programme-de-la-competition\/#primaryimage"},"thumbnailUrl":"https:\/\/festival-armoricourt.com\/wp-content\/uploads\/2024\/11\/s-vendredi-20.30.png","datePublished":"2024-10-13T16:28:24+00:00","dateModified":"2024-11-11T09:57:37+00:00","breadcrumb":{"@id":"https:\/\/festival-armoricourt.com\/index.php\/programme-de-la-competition\/#breadcrumb"},"inLanguage":"fr-FR","potentialAction":[{"@type":"ReadAction","target":["https:\/\/festival-armoricourt.com\/index.php\/programme-de-la-competition\/"]}]},{"@type":"ImageObject","inLanguage":"fr-FR","@id":"https:\/\/festival-armoricourt.com\/index.php\/programme-de-la-competition\/#primaryimage","url":"https:\/\/festival-armoricourt.com\/wp-content\/uploads\/2024\/11\/s-vendredi-20.30.png","contentUrl":"https:\/\/festival-armoricourt.com\/wp-content\/uploads\/2024\/11\/s-vendredi-20.30.png","width":1148,"height":107},{"@type":"BreadcrumbList","@id":"https:\/\/festival-armoricourt.com\/index.php\/programme-de-la-competition\/#breadcrumb","itemListElement":[{"@type":"ListItem","position":1,"name":"Accueil","item":"https:\/\/festival-armoricourt.com\/"},{"@type":"ListItem","position":2,"name":"PROGRAMME COMP\u00c9TITION"}]},{"@type":"WebSite","@id":"https:\/\/festival-armoricourt.com\/#website","url":"https:\/\/festival-armoricourt.com\/","name":"Festival Armoricourt","description":"Decouvrir des courts m\u00e9trages de qualit\u00e9, et rencontrer ceux qui les font","publisher":{"@id":"https:\/\/festival-armoricourt.com\/#organization"},"potentialAction":[{"@type":"SearchAction","target":{"@type":"EntryPoint","urlTemplate":"https:\/\/festival-armoricourt.com\/?s={search_term_string}"},"query-input":{"@type":"PropertyValueSpecification","valueRequired":true,"valueName":"search_term_string"}}],"inLanguage":"fr-FR"},{"@type":"Organization","@id":"https:\/\/festival-armoricourt.com\/#organization","name":"Armoricourt","url":"https:\/\/festival-armoricourt.com\/","logo":{"@type":"ImageObject","inLanguage":"fr-FR","@id":"https:\/\/festival-armoricourt.com\/#\/schema\/logo\/image\/","url":"https:\/\/festival-armoricourt.com\/wp-content\/uploads\/2023\/10\/cropped-2023-logo-armoricourt-1280.jpg","contentUrl":"https:\/\/festival-armoricourt.com\/wp-content\/uploads\/2023\/10\/cropped-2023-logo-armoricourt-1280.jpg","width":1280,"height":351,"caption":"Armoricourt"},"image":{"@id":"https:\/\/festival-armoricourt.com\/#\/schema\/logo\/image\/"},"sameAs":["https:\/\/www.facebook.com\/armoricourt"]}]}},"_links":{"self":[{"href":"https:\/\/festival-armoricourt.com\/index.php\/wp-json\/wp\/v2\/pages\/10277","targetHints":{"allow":["GET"]}}],"collection":[{"href":"https:\/\/festival-armoricourt.com\/index.php\/wp-json\/wp\/v2\/pages"}],"about":[{"href":"https:\/\/festival-armoricourt.com\/index.php\/wp-json\/wp\/v2\/types\/page"}],"author":[{"embeddable":true,"href":"https:\/\/festival-armoricourt.com\/index.php\/wp-json\/wp\/v2\/users\/1"}],"replies":[{"embeddable":true,"href":"https:\/\/festival-armoricourt.com\/index.php\/wp-json\/wp\/v2\/comments?post=10277"}],"version-history":[{"count":9,"href":"https:\/\/festival-armoricourt.com\/index.php\/wp-json\/wp\/v2\/pages\/10277\/revisions"}],"predecessor-version":[{"id":10382,"href":"https:\/\/festival-armoricourt.com\/index.php\/wp-json\/wp\/v2\/pages\/10277\/revisions\/10382"}],"wp:featuredmedia":[{"embeddable":true,"href":"https:\/\/festival-armoricourt.com\/index.php\/wp-json\/wp\/v2\/media\/10365"}],"wp:attachment":[{"href":"https:\/\/festival-armoricourt.com\/index.php\/wp-json\/wp\/v2\/media?parent=10277"}],"curies":[{"name":"wp","href":"https:\/\/api.w.org\/{rel}","templated":true}]}}