{"id":10232,"date":"2024-09-11T10:26:30","date_gmt":"2024-09-11T08:26:30","guid":{"rendered":"https:\/\/festival-armoricourt.com\/?page_id=10232"},"modified":"2024-09-11T17:08:14","modified_gmt":"2024-09-11T15:08:14","slug":"julien-jaouen-invite-dhonneur","status":"publish","type":"page","link":"https:\/\/festival-armoricourt.com\/index.php\/julien-jaouen-invite-dhonneur\/","title":{"rendered":"INVITE D&rsquo;HONNEUR"},"content":{"rendered":"\n<figure class=\"wp-block-image size-large is-resized\"><img fetchpriority=\"high\" decoding=\"async\" width=\"1024\" height=\"987\" src=\"https:\/\/festival-armoricourt.com\/wp-content\/uploads\/2024\/09\/Photo-Julien-jaouen-1024x987.png\" alt=\"\" class=\"wp-image-10233\" style=\"width:257px;height:auto\" srcset=\"https:\/\/festival-armoricourt.com\/wp-content\/uploads\/2024\/09\/Photo-Julien-jaouen-1024x987.png 1024w, https:\/\/festival-armoricourt.com\/wp-content\/uploads\/2024\/09\/Photo-Julien-jaouen-300x289.png 300w, https:\/\/festival-armoricourt.com\/wp-content\/uploads\/2024\/09\/Photo-Julien-jaouen-768x740.png 768w, https:\/\/festival-armoricourt.com\/wp-content\/uploads\/2024\/09\/Photo-Julien-jaouen-1536x1480.png 1536w, https:\/\/festival-armoricourt.com\/wp-content\/uploads\/2024\/09\/Photo-Julien-jaouen-2048x1974.png 2048w, https:\/\/festival-armoricourt.com\/wp-content\/uploads\/2024\/09\/Photo-Julien-jaouen-1320x1272.png 1320w\" sizes=\"(max-width: 1024px) 100vw, 1024px\" \/><\/figure>\n\n\n\n<p>Dipl\u00f4m\u00e9 du CIM (Centre d\u2019Informations Musicales) en section jazz, et r\u00e9v\u00e9l\u00e9 deux fois par le concours Real World (label de Peter Gabriel), la carri\u00e8re de compositeur de <strong>Julien Jaouen<\/strong> commence par le th\u00e9\u00e2tre et le court-m\u00e9trage, puis se tourne vers le cin\u00e9ma et les productions pour la t\u00e9l\u00e9vision.<\/p>\n\n\n\n<p>En 2014, il se voit confier sa premi\u00e8re musique originale par <strong>Dominique Farrugia <\/strong>avec le film<strong> <\/strong>&lsquo;<strong>Bis<\/strong>&lsquo; avec en t\u00eate d\u2019affiche Kad Merad et Franck Dubosc.<\/p>\n\n\n\n<p>En 2016, sous la direction du r\u00e9alisateur <strong>Yvan Attal<\/strong>, il compose la musique originale du film &lsquo;<strong>Ils sont partout<\/strong>&lsquo; en collaboration avec Evgueni and Sacha Galperine.<\/p>\n\n\n\n<p>En 2017, il collabore une seconde fois avec <strong>Dominique Farrugia <\/strong>pour le film &lsquo;<strong>Sous le m\u00eame toit<\/strong>&lsquo; r\u00e9unissant Gilles Lellouche et Louise Bourgoin. Il remporte la m\u00eame ann\u00e9e le prix CSDEM de la meilleure musique de documentaire avec &lsquo;<strong>Vivre avec les Loups<\/strong>&lsquo; r\u00e9alis\u00e9 par <strong>Guillaume Maidatchevsky<\/strong>. Il compose \u00e9galement la s\u00e9rie 10&#215;10 &lsquo;<strong>Playground<\/strong>&lsquo; r\u00e9alis\u00e9e par <strong>Olivier Schneider<\/strong> et <strong>Pascal Sid<\/strong> pour la plateforme Blackpills.<\/p>\n\n\n\n<p>En 2019, la collaboration entre Julien et <strong>Guillaume Maidatchevsky <\/strong>se hisse au cin\u00e9ma gr\u00e2ce au film<strong> <\/strong>&lsquo;<strong>A\u00eflo, une odyss\u00e9e en Laponie<\/strong>&lsquo;, qui r\u00e9alise au passage le meilleur score au box-office finlandais pour un film fran\u00e7ais. Elle se prolonge depuis avec deux sorties au cin\u00e9ma avec \u2018<strong>Mon chat et moi, la grande aventure de Rro\u00fb\u2019<\/strong> et <strong>\u2018<\/strong><strong>Kina &amp; Yuk\u2019<\/strong>.<\/p>\n\n\n\n<p>Julien vient d\u2019achever la co-composition de la musique originale de la saison 2 de \u2018<strong>No Man\u2019s Land\u2019<\/strong> de <strong>Rotem Shamir<\/strong>.<\/p>\n\n\n\n<p>Julien Jaouen participe \u00e9galement \u00e0 des campagnes publicitaires, telle celle de Sea shepherd en 2019.<\/p>\n","protected":false},"excerpt":{"rendered":"<p>Dipl\u00f4m\u00e9 du CIM (Centre d\u2019Informations Musicales) en section jazz, et r\u00e9v\u00e9l\u00e9 deux fois par le concours Real World (label de Peter Gabriel), la carri\u00e8re de compositeur de Julien Jaouen commence par le th\u00e9\u00e2tre et le court-m\u00e9trage, puis se tourne vers le cin\u00e9ma et les productions pour la t\u00e9l\u00e9vision. En 2014, il se voit confier sa [&hellip;]<\/p>\n","protected":false},"author":1,"featured_media":0,"parent":0,"menu_order":0,"comment_status":"closed","ping_status":"closed","template":"","meta":{"ocean_post_layout":"","ocean_both_sidebars_style":"","ocean_both_sidebars_content_width":0,"ocean_both_sidebars_sidebars_width":0,"ocean_sidebar":"","ocean_second_sidebar":"","ocean_disable_margins":"enable","ocean_add_body_class":"","ocean_shortcode_before_top_bar":"","ocean_shortcode_after_top_bar":"","ocean_shortcode_before_header":"","ocean_shortcode_after_header":"","ocean_has_shortcode":"","ocean_shortcode_after_title":"","ocean_shortcode_before_footer_widgets":"","ocean_shortcode_after_footer_widgets":"","ocean_shortcode_before_footer_bottom":"","ocean_shortcode_after_footer_bottom":"","ocean_display_top_bar":"default","ocean_display_header":"default","ocean_header_style":"","ocean_center_header_left_menu":"","ocean_custom_header_template":"","ocean_custom_logo":0,"ocean_custom_retina_logo":0,"ocean_custom_logo_max_width":0,"ocean_custom_logo_tablet_max_width":0,"ocean_custom_logo_mobile_max_width":0,"ocean_custom_logo_max_height":0,"ocean_custom_logo_tablet_max_height":0,"ocean_custom_logo_mobile_max_height":0,"ocean_header_custom_menu":"","ocean_menu_typo_font_family":"","ocean_menu_typo_font_subset":"","ocean_menu_typo_font_size":0,"ocean_menu_typo_font_size_tablet":0,"ocean_menu_typo_font_size_mobile":0,"ocean_menu_typo_font_size_unit":"px","ocean_menu_typo_font_weight":"","ocean_menu_typo_font_weight_tablet":"","ocean_menu_typo_font_weight_mobile":"","ocean_menu_typo_transform":"","ocean_menu_typo_transform_tablet":"","ocean_menu_typo_transform_mobile":"","ocean_menu_typo_line_height":0,"ocean_menu_typo_line_height_tablet":0,"ocean_menu_typo_line_height_mobile":0,"ocean_menu_typo_line_height_unit":"","ocean_menu_typo_spacing":0,"ocean_menu_typo_spacing_tablet":0,"ocean_menu_typo_spacing_mobile":0,"ocean_menu_typo_spacing_unit":"","ocean_menu_link_color":"","ocean_menu_link_color_hover":"","ocean_menu_link_color_active":"","ocean_menu_link_background":"","ocean_menu_link_hover_background":"","ocean_menu_link_active_background":"","ocean_menu_social_links_bg":"","ocean_menu_social_hover_links_bg":"","ocean_menu_social_links_color":"","ocean_menu_social_hover_links_color":"","ocean_disable_title":"default","ocean_disable_heading":"default","ocean_post_title":"","ocean_post_subheading":"","ocean_post_title_style":"","ocean_post_title_background_color":"","ocean_post_title_background":0,"ocean_post_title_bg_image_position":"","ocean_post_title_bg_image_attachment":"","ocean_post_title_bg_image_repeat":"","ocean_post_title_bg_image_size":"","ocean_post_title_height":0,"ocean_post_title_bg_overlay":0.5,"ocean_post_title_bg_overlay_color":"","ocean_disable_breadcrumbs":"default","ocean_breadcrumbs_color":"","ocean_breadcrumbs_separator_color":"","ocean_breadcrumbs_links_color":"","ocean_breadcrumbs_links_hover_color":"","ocean_display_footer_widgets":"default","ocean_display_footer_bottom":"default","ocean_custom_footer_template":"","footnotes":""},"class_list":["post-10232","page","type-page","status-publish","hentry","entry"],"yoast_head":"<!-- This site is optimized with the Yoast SEO plugin v27.0 - https:\/\/yoast.com\/product\/yoast-seo-wordpress\/ -->\n<title>INVITE D&#039;HONNEUR - Festival Armoricourt<\/title>\n<meta name=\"robots\" content=\"index, follow, max-snippet:-1, max-image-preview:large, max-video-preview:-1\" \/>\n<link rel=\"canonical\" href=\"https:\/\/festival-armoricourt.com\/index.php\/julien-jaouen-invite-dhonneur\/\" \/>\n<meta property=\"og:locale\" content=\"fr_FR\" \/>\n<meta property=\"og:type\" content=\"article\" \/>\n<meta property=\"og:title\" content=\"INVITE D&#039;HONNEUR - Festival Armoricourt\" \/>\n<meta property=\"og:description\" content=\"Dipl\u00f4m\u00e9 du CIM (Centre d\u2019Informations Musicales) en section jazz, et r\u00e9v\u00e9l\u00e9 deux fois par le concours Real World (label de Peter Gabriel), la carri\u00e8re de compositeur de Julien Jaouen commence par le th\u00e9\u00e2tre et le court-m\u00e9trage, puis se tourne vers le cin\u00e9ma et les productions pour la t\u00e9l\u00e9vision. En 2014, il se voit confier sa [&hellip;]\" \/>\n<meta property=\"og:url\" content=\"https:\/\/festival-armoricourt.com\/index.php\/julien-jaouen-invite-dhonneur\/\" \/>\n<meta property=\"og:site_name\" content=\"Festival Armoricourt\" \/>\n<meta property=\"article:publisher\" content=\"https:\/\/www.facebook.com\/armoricourt\" \/>\n<meta property=\"article:modified_time\" content=\"2024-09-11T15:08:14+00:00\" \/>\n<meta property=\"og:image\" content=\"https:\/\/festival-armoricourt.com\/wp-content\/uploads\/2024\/09\/Photo-Julien-jaouen-1024x987.png\" \/>\n<meta name=\"twitter:card\" content=\"summary_large_image\" \/>\n<meta name=\"twitter:label1\" content=\"Dur\u00e9e de lecture estim\u00e9e\" \/>\n\t<meta name=\"twitter:data1\" content=\"2 minutes\" \/>\n<script type=\"application\/ld+json\" class=\"yoast-schema-graph\">{\"@context\":\"https:\/\/schema.org\",\"@graph\":[{\"@type\":\"WebPage\",\"@id\":\"https:\/\/festival-armoricourt.com\/index.php\/julien-jaouen-invite-dhonneur\/\",\"url\":\"https:\/\/festival-armoricourt.com\/index.php\/julien-jaouen-invite-dhonneur\/\",\"name\":\"INVITE D'HONNEUR - Festival Armoricourt\",\"isPartOf\":{\"@id\":\"https:\/\/festival-armoricourt.com\/#website\"},\"primaryImageOfPage\":{\"@id\":\"https:\/\/festival-armoricourt.com\/index.php\/julien-jaouen-invite-dhonneur\/#primaryimage\"},\"image\":{\"@id\":\"https:\/\/festival-armoricourt.com\/index.php\/julien-jaouen-invite-dhonneur\/#primaryimage\"},\"thumbnailUrl\":\"https:\/\/festival-armoricourt.com\/wp-content\/uploads\/2024\/09\/Photo-Julien-jaouen-1024x987.png\",\"datePublished\":\"2024-09-11T08:26:30+00:00\",\"dateModified\":\"2024-09-11T15:08:14+00:00\",\"breadcrumb\":{\"@id\":\"https:\/\/festival-armoricourt.com\/index.php\/julien-jaouen-invite-dhonneur\/#breadcrumb\"},\"inLanguage\":\"fr-FR\",\"potentialAction\":[{\"@type\":\"ReadAction\",\"target\":[\"https:\/\/festival-armoricourt.com\/index.php\/julien-jaouen-invite-dhonneur\/\"]}]},{\"@type\":\"ImageObject\",\"inLanguage\":\"fr-FR\",\"@id\":\"https:\/\/festival-armoricourt.com\/index.php\/julien-jaouen-invite-dhonneur\/#primaryimage\",\"url\":\"https:\/\/festival-armoricourt.com\/wp-content\/uploads\/2024\/09\/Photo-Julien-jaouen.png\",\"contentUrl\":\"https:\/\/festival-armoricourt.com\/wp-content\/uploads\/2024\/09\/Photo-Julien-jaouen.png\",\"width\":2456,\"height\":2367},{\"@type\":\"BreadcrumbList\",\"@id\":\"https:\/\/festival-armoricourt.com\/index.php\/julien-jaouen-invite-dhonneur\/#breadcrumb\",\"itemListElement\":[{\"@type\":\"ListItem\",\"position\":1,\"name\":\"Accueil\",\"item\":\"https:\/\/festival-armoricourt.com\/\"},{\"@type\":\"ListItem\",\"position\":2,\"name\":\"INVITE D&rsquo;HONNEUR\"}]},{\"@type\":\"WebSite\",\"@id\":\"https:\/\/festival-armoricourt.com\/#website\",\"url\":\"https:\/\/festival-armoricourt.com\/\",\"name\":\"Festival Armoricourt\",\"description\":\"Decouvrir des courts m\u00e9trages de qualit\u00e9, et rencontrer ceux qui les font\",\"publisher\":{\"@id\":\"https:\/\/festival-armoricourt.com\/#organization\"},\"potentialAction\":[{\"@type\":\"SearchAction\",\"target\":{\"@type\":\"EntryPoint\",\"urlTemplate\":\"https:\/\/festival-armoricourt.com\/?s={search_term_string}\"},\"query-input\":{\"@type\":\"PropertyValueSpecification\",\"valueRequired\":true,\"valueName\":\"search_term_string\"}}],\"inLanguage\":\"fr-FR\"},{\"@type\":\"Organization\",\"@id\":\"https:\/\/festival-armoricourt.com\/#organization\",\"name\":\"Armoricourt\",\"url\":\"https:\/\/festival-armoricourt.com\/\",\"logo\":{\"@type\":\"ImageObject\",\"inLanguage\":\"fr-FR\",\"@id\":\"https:\/\/festival-armoricourt.com\/#\/schema\/logo\/image\/\",\"url\":\"https:\/\/festival-armoricourt.com\/wp-content\/uploads\/2023\/10\/cropped-2023-logo-armoricourt-1280.jpg\",\"contentUrl\":\"https:\/\/festival-armoricourt.com\/wp-content\/uploads\/2023\/10\/cropped-2023-logo-armoricourt-1280.jpg\",\"width\":1280,\"height\":351,\"caption\":\"Armoricourt\"},\"image\":{\"@id\":\"https:\/\/festival-armoricourt.com\/#\/schema\/logo\/image\/\"},\"sameAs\":[\"https:\/\/www.facebook.com\/armoricourt\"]}]}<\/script>\n<!-- \/ Yoast SEO plugin. -->","yoast_head_json":{"title":"INVITE D'HONNEUR - Festival Armoricourt","robots":{"index":"index","follow":"follow","max-snippet":"max-snippet:-1","max-image-preview":"max-image-preview:large","max-video-preview":"max-video-preview:-1"},"canonical":"https:\/\/festival-armoricourt.com\/index.php\/julien-jaouen-invite-dhonneur\/","og_locale":"fr_FR","og_type":"article","og_title":"INVITE D'HONNEUR - Festival Armoricourt","og_description":"Dipl\u00f4m\u00e9 du CIM (Centre d\u2019Informations Musicales) en section jazz, et r\u00e9v\u00e9l\u00e9 deux fois par le concours Real World (label de Peter Gabriel), la carri\u00e8re de compositeur de Julien Jaouen commence par le th\u00e9\u00e2tre et le court-m\u00e9trage, puis se tourne vers le cin\u00e9ma et les productions pour la t\u00e9l\u00e9vision. En 2014, il se voit confier sa [&hellip;]","og_url":"https:\/\/festival-armoricourt.com\/index.php\/julien-jaouen-invite-dhonneur\/","og_site_name":"Festival Armoricourt","article_publisher":"https:\/\/www.facebook.com\/armoricourt","article_modified_time":"2024-09-11T15:08:14+00:00","og_image":[{"url":"https:\/\/festival-armoricourt.com\/wp-content\/uploads\/2024\/09\/Photo-Julien-jaouen-1024x987.png","type":"","width":"","height":""}],"twitter_card":"summary_large_image","twitter_misc":{"Dur\u00e9e de lecture estim\u00e9e":"2 minutes"},"schema":{"@context":"https:\/\/schema.org","@graph":[{"@type":"WebPage","@id":"https:\/\/festival-armoricourt.com\/index.php\/julien-jaouen-invite-dhonneur\/","url":"https:\/\/festival-armoricourt.com\/index.php\/julien-jaouen-invite-dhonneur\/","name":"INVITE D'HONNEUR - Festival Armoricourt","isPartOf":{"@id":"https:\/\/festival-armoricourt.com\/#website"},"primaryImageOfPage":{"@id":"https:\/\/festival-armoricourt.com\/index.php\/julien-jaouen-invite-dhonneur\/#primaryimage"},"image":{"@id":"https:\/\/festival-armoricourt.com\/index.php\/julien-jaouen-invite-dhonneur\/#primaryimage"},"thumbnailUrl":"https:\/\/festival-armoricourt.com\/wp-content\/uploads\/2024\/09\/Photo-Julien-jaouen-1024x987.png","datePublished":"2024-09-11T08:26:30+00:00","dateModified":"2024-09-11T15:08:14+00:00","breadcrumb":{"@id":"https:\/\/festival-armoricourt.com\/index.php\/julien-jaouen-invite-dhonneur\/#breadcrumb"},"inLanguage":"fr-FR","potentialAction":[{"@type":"ReadAction","target":["https:\/\/festival-armoricourt.com\/index.php\/julien-jaouen-invite-dhonneur\/"]}]},{"@type":"ImageObject","inLanguage":"fr-FR","@id":"https:\/\/festival-armoricourt.com\/index.php\/julien-jaouen-invite-dhonneur\/#primaryimage","url":"https:\/\/festival-armoricourt.com\/wp-content\/uploads\/2024\/09\/Photo-Julien-jaouen.png","contentUrl":"https:\/\/festival-armoricourt.com\/wp-content\/uploads\/2024\/09\/Photo-Julien-jaouen.png","width":2456,"height":2367},{"@type":"BreadcrumbList","@id":"https:\/\/festival-armoricourt.com\/index.php\/julien-jaouen-invite-dhonneur\/#breadcrumb","itemListElement":[{"@type":"ListItem","position":1,"name":"Accueil","item":"https:\/\/festival-armoricourt.com\/"},{"@type":"ListItem","position":2,"name":"INVITE D&rsquo;HONNEUR"}]},{"@type":"WebSite","@id":"https:\/\/festival-armoricourt.com\/#website","url":"https:\/\/festival-armoricourt.com\/","name":"Festival Armoricourt","description":"Decouvrir des courts m\u00e9trages de qualit\u00e9, et rencontrer ceux qui les font","publisher":{"@id":"https:\/\/festival-armoricourt.com\/#organization"},"potentialAction":[{"@type":"SearchAction","target":{"@type":"EntryPoint","urlTemplate":"https:\/\/festival-armoricourt.com\/?s={search_term_string}"},"query-input":{"@type":"PropertyValueSpecification","valueRequired":true,"valueName":"search_term_string"}}],"inLanguage":"fr-FR"},{"@type":"Organization","@id":"https:\/\/festival-armoricourt.com\/#organization","name":"Armoricourt","url":"https:\/\/festival-armoricourt.com\/","logo":{"@type":"ImageObject","inLanguage":"fr-FR","@id":"https:\/\/festival-armoricourt.com\/#\/schema\/logo\/image\/","url":"https:\/\/festival-armoricourt.com\/wp-content\/uploads\/2023\/10\/cropped-2023-logo-armoricourt-1280.jpg","contentUrl":"https:\/\/festival-armoricourt.com\/wp-content\/uploads\/2023\/10\/cropped-2023-logo-armoricourt-1280.jpg","width":1280,"height":351,"caption":"Armoricourt"},"image":{"@id":"https:\/\/festival-armoricourt.com\/#\/schema\/logo\/image\/"},"sameAs":["https:\/\/www.facebook.com\/armoricourt"]}]}},"_links":{"self":[{"href":"https:\/\/festival-armoricourt.com\/index.php\/wp-json\/wp\/v2\/pages\/10232","targetHints":{"allow":["GET"]}}],"collection":[{"href":"https:\/\/festival-armoricourt.com\/index.php\/wp-json\/wp\/v2\/pages"}],"about":[{"href":"https:\/\/festival-armoricourt.com\/index.php\/wp-json\/wp\/v2\/types\/page"}],"author":[{"embeddable":true,"href":"https:\/\/festival-armoricourt.com\/index.php\/wp-json\/wp\/v2\/users\/1"}],"replies":[{"embeddable":true,"href":"https:\/\/festival-armoricourt.com\/index.php\/wp-json\/wp\/v2\/comments?post=10232"}],"version-history":[{"count":4,"href":"https:\/\/festival-armoricourt.com\/index.php\/wp-json\/wp\/v2\/pages\/10232\/revisions"}],"predecessor-version":[{"id":10241,"href":"https:\/\/festival-armoricourt.com\/index.php\/wp-json\/wp\/v2\/pages\/10232\/revisions\/10241"}],"wp:attachment":[{"href":"https:\/\/festival-armoricourt.com\/index.php\/wp-json\/wp\/v2\/media?parent=10232"}],"curies":[{"name":"wp","href":"https:\/\/api.w.org\/{rel}","templated":true}]}}